{"id":4419,"date":"2025-08-28T09:14:45","date_gmt":"2025-08-28T07:14:45","guid":{"rendered":"https:\/\/inspiramar.es\/?page_id=4419"},"modified":"2025-08-28T09:14:45","modified_gmt":"2025-08-28T07:14:45","slug":"declaracion-de-accesibilidad","status":"publish","type":"page","link":"https:\/\/inspiramar.es\/fr\/declaracion-de-accesibilidad\/","title":{"rendered":"D\u00e9claration d&#039;accessibilit\u00e9"},"content":{"rendered":"<p>Inspiramar SL s&#039;est engag\u00e9 \u00e0 rendre son site Web accessible, conform\u00e9ment au d\u00e9cret royal 1112\/2018 du 7 septembre.<\/p>\n\n\n\n<p>Cette d\u00e9claration d&#039;accessibilit\u00e9 s&#039;applique au site Web inspiramar.es.<\/p>\n\n\n\n<h2 class=\"wp-block-heading\">\u00c9tat de conformit\u00e9<\/h2>\n\n\n\n<p>Ce site Web est partiellement non conforme au d\u00e9cret royal 1112\/2018 du 7 septembre, en raison du non-respect des aspects suivants.<\/p>\n\n\n\n<h2 class=\"wp-block-heading\">Contenu non accessible<\/h2>\n\n\n\n<p>Le contenu ci-dessous n&#039;est pas accessible pour les raisons suivantes :<\/p>\n\n\n\n<ul class=\"wp-block-list\">\n<li>Non-respect du D\u00e9cret Royal 1112\/2018, du 7 septembre : il peut y avoir des erreurs d&#039;\u00e9dition occasionnelles sur certaines pages Web.<\/li>\n\n\n\n<li>Charge disproportionn\u00e9e : sans objet.<\/li>\n\n\n\n<li>Le contenu n&#039;entre pas dans le champ d&#039;application du droit applicable : non applicable.<\/li>\n<\/ul>\n\n\n\n<h2 class=\"wp-block-heading\">Pr\u00e9paration de cette d\u00e9claration d&#039;accessibilit\u00e9<\/h2>\n\n\n\n<ul class=\"wp-block-list\">\n<li>Cette d\u00e9claration a \u00e9t\u00e9 pr\u00e9par\u00e9e le 20 avril 2025.<\/li>\n\n\n\n<li>La m\u00e9thode utilis\u00e9e pour pr\u00e9parer la d\u00e9claration \u00e9tait une auto-\u00e9valuation.<\/li>\n\n\n\n<li>Derni\u00e8re d\u00e9claration r\u00e9vis\u00e9e : 28 ao\u00fbt 2025.<\/li>\n<\/ul>\n\n\n\n<h2 class=\"wp-block-heading\">Commentaires et coordonn\u00e9es<\/h2>\n\n\n\n<p>Vous pouvez faire des communications sur les exigences d&#039;accessibilit\u00e9 (article 10.2.a) du d\u00e9cret royal 1112\/2018, du 7 septembre) telles que, par exemple :<\/p>\n\n\n\n<ul class=\"wp-block-list\">\n<li>Signalez toute non-conformit\u00e9 potentielle de ce site Web.<\/li>\n\n\n\n<li>Transmettre d&#039;autres difficult\u00e9s d&#039;acc\u00e8s au contenu.<\/li>\n\n\n\n<li>Faites toute autre question ou suggestion d\u2019am\u00e9lioration li\u00e9e \u00e0 l\u2019accessibilit\u00e9 du site Web.<\/li>\n<\/ul>\n\n\n\n<p>Par les canaux suivants :<\/p>\n\n\n\n<ul class=\"wp-block-list\">\n<li>Courriel : hola@inspirmar.es<\/li>\n<\/ul>","protected":false},"excerpt":{"rendered":"<p>Inspiramar SL se ha comprometido a hacer accesible su sitio web, de conformidad con el Real Decreto 1112\/2018, de 7 de septiembre. La presente declaraci\u00f3n de accesibilidad se aplica al sitio web\u00a0inspiramar.es Situaci\u00f3n de cumplimiento Este sitio web es parcialmente conforme con el Real Decreto 1112\/2018, de 7 de septiembre, debido a la falta de [&hellip;]<\/p>","protected":false},"author":3,"featured_media":0,"parent":0,"menu_order":0,"comment_status":"closed","ping_status":"closed","template":"","meta":{"_acf_changed":false,"site-sidebar-layout":"default","site-content-layout":"","ast-site-content-layout":"default","site-content-style":"default","site-sidebar-style":"default","ast-global-header-display":"","ast-banner-title-visibility":"","ast-main-header-display":"","ast-hfb-above-header-display":"","ast-hfb-below-header-display":"","ast-hfb-mobile-header-display":"","site-post-title":"","ast-breadcrumbs-content":"","ast-featured-img":"","footer-sml-layout":"","theme-transparent-header-meta":"","adv-header-id-meta":"","stick-header-meta":"","header-above-stick-meta":"","header-main-stick-meta":"","header-below-stick-meta":"","astra-migrate-meta-layouts":"set","ast-page-background-enabled":"default","ast-page-background-meta":{"desktop":{"background-color":"","background-image":"","background-repeat":"repeat","background-position":"center center","background-size":"auto","background-attachment":"scroll","background-type":"","background-media":"","overlay-type":"","overlay-color":"","overlay-opacity":"","overlay-gradient":""},"tablet":{"background-color":"","background-image":"","background-repeat":"repeat","background-position":"center center","background-size":"auto","background-attachment":"scroll","background-type":"","background-media":"","overlay-type":"","overlay-color":"","overlay-opacity":"","overlay-gradient":""},"mobile":{"background-color":"","background-image":"","background-repeat":"repeat","background-position":"center center","background-size":"auto","background-attachment":"scroll","background-type":"","background-media":"","overlay-type":"","overlay-color":"","overlay-opacity":"","overlay-gradient":""}},"ast-content-background-meta":{"desktop":{"background-color":"var(--ast-global-color-5)","background-image":"","background-repeat":"repeat","background-position":"center center","background-size":"auto","background-attachment":"scroll","background-type":"","background-media":"","overlay-type":"","overlay-color":"","overlay-opacity":"","overlay-gradient":""},"tablet":{"background-color":"var(--ast-global-color-5)","background-image":"","background-repeat":"repeat","background-position":"center center","background-size":"auto","background-attachment":"scroll","background-type":"","background-media":"","overlay-type":"","overlay-color":"","overlay-opacity":"","overlay-gradient":""},"mobile":{"background-color":"var(--ast-global-color-5)","background-image":"","background-repeat":"repeat","background-position":"center center","background-size":"auto","background-attachment":"scroll","background-type":"","background-media":"","overlay-type":"","overlay-color":"","overlay-opacity":"","overlay-gradient":""}},"_joinchat":[],"footnotes":""},"class_list":["post-4419","page","type-page","status-publish","hentry"],"acf":[],"yoast_head":"<!-- This site is optimized with the Yoast SEO plugin v26.0 - https:\/\/yoast.com\/wordpress\/plugins\/seo\/ -->\n<title>Declaraci\u00f3n de Accesibilidad - Inspiramar, tu alojamiento ideal para experiencias rom\u00e1nticas cerca de Pe\u00f1\u00edscola<\/title>\n<meta name=\"robots\" content=\"index, follow, max-snippet:-1, max-image-preview:large, max-video-preview:-1\" \/>\n<link rel=\"canonical\" href=\"https:\/\/inspiramar.es\/fr\/declaracion-de-accesibilidad\/\" \/>\n<meta property=\"og:locale\" content=\"fr_FR\" \/>\n<meta property=\"og:type\" content=\"article\" \/>\n<meta property=\"og:title\" content=\"Declaraci\u00f3n de Accesibilidad - Inspiramar, tu alojamiento ideal para experiencias rom\u00e1nticas cerca de Pe\u00f1\u00edscola\" \/>\n<meta property=\"og:description\" content=\"Inspiramar SL se ha comprometido a hacer accesible su sitio web, de conformidad con el Real Decreto 1112\/2018, de 7 de septiembre. La presente declaraci\u00f3n de accesibilidad se aplica al sitio web\u00a0inspiramar.es Situaci\u00f3n de cumplimiento Este sitio web es parcialmente conforme con el Real Decreto 1112\/2018, de 7 de septiembre, debido a la falta de [&hellip;]\" \/>\n<meta property=\"og:url\" content=\"https:\/\/inspiramar.es\/fr\/declaracion-de-accesibilidad\/\" \/>\n<meta property=\"og:site_name\" content=\"Inspiramar, tu alojamiento ideal para experiencias rom\u00e1nticas cerca de Pe\u00f1\u00edscola\" \/>\n<meta property=\"article:publisher\" content=\"https:\/\/www.facebook.com\/inspiramarlofts\" \/>\n<meta name=\"twitter:card\" content=\"summary_large_image\" \/>\n<meta name=\"twitter:label1\" content=\"Dur\u00e9e de lecture estim\u00e9e\" \/>\n\t<meta name=\"twitter:data1\" content=\"2 minutes\" \/>\n<script type=\"application\/ld+json\" class=\"yoast-schema-graph\">{\"@context\":\"https:\/\/schema.org\",\"@graph\":[{\"@type\":\"WebPage\",\"@id\":\"https:\/\/inspiramar.es\/declaracion-de-accesibilidad\/\",\"url\":\"https:\/\/inspiramar.es\/declaracion-de-accesibilidad\/\",\"name\":\"Declaraci\u00f3n de Accesibilidad - Inspiramar, tu alojamiento ideal para experiencias rom\u00e1nticas cerca de Pe\u00f1\u00edscola\",\"isPartOf\":{\"@id\":\"http:\/\/inspiramar.es\/#website\"},\"datePublished\":\"2025-08-28T07:14:45+00:00\",\"breadcrumb\":{\"@id\":\"https:\/\/inspiramar.es\/declaracion-de-accesibilidad\/#breadcrumb\"},\"inLanguage\":\"fr-FR\",\"potentialAction\":[{\"@type\":\"ReadAction\",\"target\":[\"https:\/\/inspiramar.es\/declaracion-de-accesibilidad\/\"]}]},{\"@type\":\"BreadcrumbList\",\"@id\":\"https:\/\/inspiramar.es\/declaracion-de-accesibilidad\/#breadcrumb\",\"itemListElement\":[{\"@type\":\"ListItem\",\"position\":1,\"name\":\"Portada\",\"item\":\"https:\/\/inspiramar.es\/\"},{\"@type\":\"ListItem\",\"position\":2,\"name\":\"Declaraci\u00f3n de Accesibilidad\"}]},{\"@type\":\"WebSite\",\"@id\":\"http:\/\/inspiramar.es\/#website\",\"url\":\"http:\/\/inspiramar.es\/\",\"name\":\"inspiramar.es\",\"description\":\"Apartamentos Loft a primera linea de mar en Benicarl\u00f3\",\"publisher\":{\"@id\":\"http:\/\/inspiramar.es\/#organization\"},\"potentialAction\":[{\"@type\":\"SearchAction\",\"target\":{\"@type\":\"EntryPoint\",\"urlTemplate\":\"http:\/\/inspiramar.es\/?s={search_term_string}\"},\"query-input\":{\"@type\":\"PropertyValueSpecification\",\"valueRequired\":true,\"valueName\":\"search_term_string\"}}],\"inLanguage\":\"fr-FR\"},{\"@type\":\"Organization\",\"@id\":\"http:\/\/inspiramar.es\/#organization\",\"name\":\"inspiramar lofts\",\"url\":\"http:\/\/inspiramar.es\/\",\"logo\":{\"@type\":\"ImageObject\",\"inLanguage\":\"fr-FR\",\"@id\":\"http:\/\/inspiramar.es\/#\/schema\/logo\/image\/\",\"url\":\"https:\/\/inspiramar.es\/wp-content\/uploads\/cropped-cropped-horizontal-2-colores.png\",\"contentUrl\":\"https:\/\/inspiramar.es\/wp-content\/uploads\/cropped-cropped-horizontal-2-colores.png\",\"width\":3252,\"height\":621,\"caption\":\"inspiramar lofts\"},\"image\":{\"@id\":\"http:\/\/inspiramar.es\/#\/schema\/logo\/image\/\"},\"sameAs\":[\"https:\/\/www.facebook.com\/inspiramarlofts\",\"https:\/\/www.instagram.com\/inspiramarlofts\/\"]}]}<\/script>\n<!-- \/ Yoast SEO plugin. -->","yoast_head_json":{"title":"D\u00e9claration d&#039;accessibilit\u00e9 - Inspiramar, votre h\u00e9bergement id\u00e9al pour des exp\u00e9riences romantiques pr\u00e8s de Pe\u00f1\u00edscola","robots":{"index":"index","follow":"follow","max-snippet":"max-snippet:-1","max-image-preview":"max-image-preview:large","max-video-preview":"max-video-preview:-1"},"canonical":"https:\/\/inspiramar.es\/fr\/declaracion-de-accesibilidad\/","og_locale":"fr_FR","og_type":"article","og_title":"Declaraci\u00f3n de Accesibilidad - Inspiramar, tu alojamiento ideal para experiencias rom\u00e1nticas cerca de Pe\u00f1\u00edscola","og_description":"Inspiramar SL se ha comprometido a hacer accesible su sitio web, de conformidad con el Real Decreto 1112\/2018, de 7 de septiembre. La presente declaraci\u00f3n de accesibilidad se aplica al sitio web\u00a0inspiramar.es Situaci\u00f3n de cumplimiento Este sitio web es parcialmente conforme con el Real Decreto 1112\/2018, de 7 de septiembre, debido a la falta de [&hellip;]","og_url":"https:\/\/inspiramar.es\/fr\/declaracion-de-accesibilidad\/","og_site_name":"Inspiramar, tu alojamiento ideal para experiencias rom\u00e1nticas cerca de Pe\u00f1\u00edscola","article_publisher":"https:\/\/www.facebook.com\/inspiramarlofts","twitter_card":"summary_large_image","twitter_misc":{"Dur\u00e9e de lecture estim\u00e9e":"2 minutes"},"schema":{"@context":"https:\/\/schema.org","@graph":[{"@type":"WebPage","@id":"https:\/\/inspiramar.es\/declaracion-de-accesibilidad\/","url":"https:\/\/inspiramar.es\/declaracion-de-accesibilidad\/","name":"D\u00e9claration d&#039;accessibilit\u00e9 - Inspiramar, votre h\u00e9bergement id\u00e9al pour des exp\u00e9riences romantiques pr\u00e8s de Pe\u00f1\u00edscola","isPartOf":{"@id":"http:\/\/inspiramar.es\/#website"},"datePublished":"2025-08-28T07:14:45+00:00","breadcrumb":{"@id":"https:\/\/inspiramar.es\/declaracion-de-accesibilidad\/#breadcrumb"},"inLanguage":"fr-FR","potentialAction":[{"@type":"ReadAction","target":["https:\/\/inspiramar.es\/declaracion-de-accesibilidad\/"]}]},{"@type":"BreadcrumbList","@id":"https:\/\/inspiramar.es\/declaracion-de-accesibilidad\/#breadcrumb","itemListElement":[{"@type":"ListItem","position":1,"name":"Portada","item":"https:\/\/inspiramar.es\/"},{"@type":"ListItem","position":2,"name":"Declaraci\u00f3n de Accesibilidad"}]},{"@type":"WebSite","@id":"http:\/\/inspiramar.es\/#website","url":"http:\/\/inspiramar.es\/","name":"inspiramar.es","description":"Appartements loft en bord de mer \u00e0 Benicarl\u00f3","publisher":{"@id":"http:\/\/inspiramar.es\/#organization"},"potentialAction":[{"@type":"SearchAction","target":{"@type":"EntryPoint","urlTemplate":"http:\/\/inspiramar.es\/?s={search_term_string}"},"query-input":{"@type":"PropertyValueSpecification","valueRequired":true,"valueName":"search_term_string"}}],"inLanguage":"fr-FR"},{"@type":"Organization","@id":"http:\/\/inspiramar.es\/#organization","name":"lofts inspiramar","url":"http:\/\/inspiramar.es\/","logo":{"@type":"ImageObject","inLanguage":"fr-FR","@id":"http:\/\/inspiramar.es\/#\/schema\/logo\/image\/","url":"https:\/\/inspiramar.es\/wp-content\/uploads\/cropped-cropped-horizontal-2-colores.png","contentUrl":"https:\/\/inspiramar.es\/wp-content\/uploads\/cropped-cropped-horizontal-2-colores.png","width":3252,"height":621,"caption":"inspiramar lofts"},"image":{"@id":"http:\/\/inspiramar.es\/#\/schema\/logo\/image\/"},"sameAs":["https:\/\/www.facebook.com\/inspiramarlofts","https:\/\/www.instagram.com\/inspiramarlofts\/"]}]}},"_links":{"self":[{"href":"https:\/\/inspiramar.es\/fr\/wp-json\/wp\/v2\/pages\/4419","targetHints":{"allow":["GET"]}}],"collection":[{"href":"https:\/\/inspiramar.es\/fr\/wp-json\/wp\/v2\/pages"}],"about":[{"href":"https:\/\/inspiramar.es\/fr\/wp-json\/wp\/v2\/types\/page"}],"author":[{"embeddable":true,"href":"https:\/\/inspiramar.es\/fr\/wp-json\/wp\/v2\/users\/3"}],"replies":[{"embeddable":true,"href":"https:\/\/inspiramar.es\/fr\/wp-json\/wp\/v2\/comments?post=4419"}],"version-history":[{"count":1,"href":"https:\/\/inspiramar.es\/fr\/wp-json\/wp\/v2\/pages\/4419\/revisions"}],"predecessor-version":[{"id":4420,"href":"https:\/\/inspiramar.es\/fr\/wp-json\/wp\/v2\/pages\/4419\/revisions\/4420"}],"wp:attachment":[{"href":"https:\/\/inspiramar.es\/fr\/wp-json\/wp\/v2\/media?parent=4419"}],"curies":[{"name":"wp","href":"https:\/\/api.w.org\/{rel}","templated":true}]}}