{"id":4154,"date":"2025-08-26T12:53:50","date_gmt":"2025-08-26T10:53:50","guid":{"rendered":"https:\/\/inspiramar.es\/?page_id=4154"},"modified":"2025-09-01T09:51:11","modified_gmt":"2025-09-01T07:51:11","slug":"descansar-y-desconectar","status":"publish","type":"page","link":"https:\/\/inspiramar.es\/fr\/descansar-y-desconectar\/","title":{"rendered":"Repos et d\u00e9connexion"},"content":{"rendered":"<div data-elementor-type=\"wp-page\" data-elementor-id=\"4154\" class=\"elementor elementor-4154\" data-elementor-post-type=\"page\">\n\t\t\t\t\t\t<section class=\"elementor-section elementor-top-section elementor-element elementor-element-3bc8376 elementor-section-full_width elementor-section-height-min-height elementor-section-items-top elementor-section-height-default\" data-id=\"3bc8376\" data-element_type=\"section\" data-settings=\"{&quot;background_background&quot;:&quot;classic&quot;}\">\n\t\t\t\t\t\t<div class=\"elementor-container elementor-column-gap-default\">\n\t\t\t\t\t<div class=\"elementor-column elementor-col-100 elementor-top-column elementor-element elementor-element-41d3fa7\" data-id=\"41d3fa7\" data-element_type=\"column\">\n\t\t\t<div class=\"elementor-widget-wrap\">\n\t\t\t\t\t\t\t<\/div>\n\t\t<\/div>\n\t\t\t\t\t<\/div>\n\t\t<\/section>\n\t\t\t\t<section class=\"elementor-section elementor-top-section elementor-element elementor-element-77add9d elementor-section-boxed elementor-section-height-default elementor-section-height-default\" data-id=\"77add9d\" data-element_type=\"section\">\n\t\t\t\t\t\t<div class=\"elementor-container elementor-column-gap-default\">\n\t\t\t\t\t<div class=\"elementor-column elementor-col-100 elementor-top-column elementor-element elementor-element-6b53722\" data-id=\"6b53722\" data-element_type=\"column\">\n\t\t\t<div class=\"elementor-widget-wrap elementor-element-populated\">\n\t\t\t\t\t\t<div class=\"elementor-element elementor-element-4d53c30 elementor-widget elementor-widget-heading\" data-id=\"4d53c30\" data-element_type=\"widget\" data-widget_type=\"heading.default\">\n\t\t\t\t<div class=\"elementor-widget-container\">\n\t\t\t\t\t<h2 class=\"elementor-heading-title elementor-size-default\">\ud83e\uddd8 Repos et d\u00e9connexion<\/h2>\t\t\t\t<\/div>\n\t\t\t\t<\/div>\n\t\t\t\t\t<\/div>\n\t\t<\/div>\n\t\t\t\t\t<\/div>\n\t\t<\/section>\n\t\t\t\t<section class=\"elementor-section elementor-top-section elementor-element elementor-element-23cb19f elementor-section-boxed elementor-section-height-default elementor-section-height-default\" data-id=\"23cb19f\" data-element_type=\"section\">\n\t\t\t\t\t\t<div class=\"elementor-container elementor-column-gap-default\">\n\t\t\t\t\t<div class=\"elementor-column elementor-col-100 elementor-top-column elementor-element elementor-element-c289997\" data-id=\"c289997\" data-element_type=\"column\">\n\t\t\t<div class=\"elementor-widget-wrap elementor-element-populated\">\n\t\t\t\t\t\t<div class=\"elementor-element elementor-element-0316786 elementor-widget elementor-widget-text-editor\" data-id=\"0316786\" data-element_type=\"widget\" data-widget_type=\"text-editor.default\">\n\t\t\t\t<div class=\"elementor-widget-container\">\n\t\t\t\t\t\t\t\t\t<p>Chez Inspiramar, nous pensons que voyager, c&#039;est aussi s&#039;accorder des moments de calme. Ici, vous trouverez l&#039;espace id\u00e9al pour vous arr\u00eater, respirer et vous reconnecter \u00e0 vous-m\u00eame, que ce soit pour profiter de la brise marine, vous promener tranquillement ou vous d\u00e9tendre dans un coin paisible.<\/p>\t\t\t\t\t\t\t\t<\/div>\n\t\t\t\t<\/div>\n\t\t\t\t\t<\/div>\n\t\t<\/div>\n\t\t\t\t\t<\/div>\n\t\t<\/section>\n\t\t\t\t<section class=\"elementor-section elementor-top-section elementor-element elementor-element-fd52936 elementor-section-boxed elementor-section-height-default elementor-section-height-default\" data-id=\"fd52936\" data-element_type=\"section\">\n\t\t\t\t\t\t<div class=\"elementor-container elementor-column-gap-default\">\n\t\t\t\t\t<div class=\"elementor-column elementor-col-50 elementor-top-column elementor-element elementor-element-7d9d3c2 animated-slow elementor-invisible\" data-id=\"7d9d3c2\" data-element_type=\"column\" data-settings=\"{&quot;animation&quot;:&quot;fadeInLeft&quot;}\">\n\t\t\t<div class=\"elementor-widget-wrap elementor-element-populated\">\n\t\t\t\t\t\t<div class=\"elementor-element elementor-element-c6462c8 elementor-widget elementor-widget-image\" data-id=\"c6462c8\" data-element_type=\"widget\" data-widget_type=\"image.default\">\n\t\t\t\t<div class=\"elementor-widget-container\">\n\t\t\t\t\t\t\t\t\t\t\t\t\t\t\t<img fetchpriority=\"high\" decoding=\"async\" width=\"1200\" height=\"800\" src=\"https:\/\/inspiramar.es\/wp-content\/uploads\/inspiramar-apartamento-vacacional-benicarlo-descansar-y-desconectar-01.jpg\" class=\"attachment-full size-full wp-image-4160\" alt=\"Endroits sp\u00e9ciaux pour m\u00e9diter et se reposer \u00e0 Benicarl\u00f3 et Pe\u00f1\u00edscola.\" srcset=\"https:\/\/inspiramar.es\/wp-content\/uploads\/inspiramar-apartamento-vacacional-benicarlo-descansar-y-desconectar-01.jpg 1200w, https:\/\/inspiramar.es\/wp-content\/uploads\/inspiramar-apartamento-vacacional-benicarlo-descansar-y-desconectar-01-300x200.jpg 300w, https:\/\/inspiramar.es\/wp-content\/uploads\/inspiramar-apartamento-vacacional-benicarlo-descansar-y-desconectar-01-1024x683.jpg 1024w, https:\/\/inspiramar.es\/wp-content\/uploads\/inspiramar-apartamento-vacacional-benicarlo-descansar-y-desconectar-01-768x512.jpg 768w\" sizes=\"(max-width: 1200px) 100vw, 1200px\" \/>\t\t\t\t\t\t\t\t\t\t\t\t\t\t\t<\/div>\n\t\t\t\t<\/div>\n\t\t\t\t\t<\/div>\n\t\t<\/div>\n\t\t\t\t<div class=\"elementor-column elementor-col-50 elementor-top-column elementor-element elementor-element-b156901\" data-id=\"b156901\" data-element_type=\"column\">\n\t\t\t<div class=\"elementor-widget-wrap elementor-element-populated\">\n\t\t\t\t\t\t<div class=\"elementor-element elementor-element-5422345 elementor-widget elementor-widget-heading\" data-id=\"5422345\" data-element_type=\"widget\" data-widget_type=\"heading.default\">\n\t\t\t\t<div class=\"elementor-widget-container\">\n\t\t\t\t\t<h2 class=\"elementor-heading-title elementor-size-default\">Des endroits sp\u00e9ciaux pour lire et m\u00e9diter<\/h2>\t\t\t\t<\/div>\n\t\t\t\t<\/div>\n\t\t\t\t<div class=\"elementor-element elementor-element-0bd0237 elementor-widget elementor-widget-text-editor\" data-id=\"0bd0237\" data-element_type=\"widget\" data-widget_type=\"text-editor.default\">\n\t\t\t\t<div class=\"elementor-widget-container\">\n\t\t\t\t\t\t\t\t\t<p>Si vous recherchez la tranquillit\u00e9, Benicarl\u00f3 et ses environs offrent des endroits parfaits pour lire, m\u00e9diter ou simplement contempler l&#039;horizon. Des parcs en bord de mer aux espaces naturels pr\u00e9serv\u00e9s, il y a toujours un endroit qui vous offre silence et s\u00e9r\u00e9nit\u00e9.<\/p>\t\t\t\t\t\t\t\t<\/div>\n\t\t\t\t<\/div>\n\t\t\t\t\t<\/div>\n\t\t<\/div>\n\t\t\t\t\t<\/div>\n\t\t<\/section>\n\t\t\t\t<section class=\"elementor-section elementor-top-section elementor-element elementor-element-4711681 elementor-section-boxed elementor-section-height-default elementor-section-height-default\" data-id=\"4711681\" data-element_type=\"section\">\n\t\t\t\t\t\t<div class=\"elementor-container elementor-column-gap-default\">\n\t\t\t\t\t<div class=\"elementor-column elementor-col-100 elementor-top-column elementor-element elementor-element-e41317c\" data-id=\"e41317c\" data-element_type=\"column\">\n\t\t\t<div class=\"elementor-widget-wrap elementor-element-populated\">\n\t\t\t\t\t\t<div class=\"elementor-element elementor-element-66ef778 elementor-widget elementor-widget-heading\" data-id=\"66ef778\" data-element_type=\"widget\" data-widget_type=\"heading.default\">\n\t\t\t\t<div class=\"elementor-widget-container\">\n\t\t\t\t\t<h2 class=\"elementor-heading-title elementor-size-default\">TOP meilleures promenades<\/h2>\t\t\t\t<\/div>\n\t\t\t\t<\/div>\n\t\t\t\t<div class=\"elementor-element elementor-element-d5686fc elementor-widget elementor-widget-text-editor\" data-id=\"d5686fc\" data-element_type=\"widget\" data-widget_type=\"text-editor.default\">\n\t\t\t\t<div class=\"elementor-widget-container\">\n\t\t\t\t\t\t\t\t\t<p data-start=\"818\" data-end=\"936\">Explorer la r\u00e9gion peut aussi \u00eatre une bonne fa\u00e7on de se sentir bien. Nous vous sugg\u00e9rons quelques-unes des promenades les plus inspirantes\u00a0:<\/p><ul data-start=\"938\" data-end=\"1260\"><li data-start=\"938\" data-end=\"1077\"><p data-start=\"940\" data-end=\"1077\"><strong data-start=\"940\" data-end=\"951\">\u00c0 v\u00e9lo<\/strong>: Empruntez la piste cyclable de Benicarl\u00f3 \u00e0 Pe\u00f1\u00edscola ou explorez les routes rurales qui traversent des orangeraies et des oliveraies.<\/p><\/li><li data-start=\"1078\" data-end=\"1260\"><p data-start=\"1080\" data-end=\"1260\"><strong data-start=\"1080\" data-end=\"1100\">Dans la nature<\/strong>: des sentiers c\u00f4tiers avec vue sur la M\u00e9diterran\u00e9e, des itin\u00e9raires parmi les oliviers centenaires du Maestrat ou des promenades paisibles \u00e0 travers des paysages naturels comme le delta de l&#039;\u00c8bre.<\/p><\/li><\/ul><p data-start=\"1262\" data-end=\"1362\">Chaque parcours, chaque virage, est con\u00e7u pour vous inviter \u00e0 ralentir et \u00e0 renouer avec l&#039;essentiel.<\/p>\t\t\t\t\t\t\t\t<\/div>\n\t\t\t\t<\/div>\n\t\t\t\t<section class=\"elementor-section elementor-inner-section elementor-element elementor-element-ef0325d animated-slow elementor-section-boxed elementor-section-height-default elementor-section-height-default elementor-invisible\" data-id=\"ef0325d\" data-element_type=\"section\" data-settings=\"{&quot;animation&quot;:&quot;fadeInUp&quot;}\">\n\t\t\t\t\t\t<div class=\"elementor-container elementor-column-gap-default\">\n\t\t\t\t\t<div class=\"elementor-column elementor-col-50 elementor-inner-column elementor-element elementor-element-b56b9f1\" data-id=\"b56b9f1\" data-element_type=\"column\">\n\t\t\t<div class=\"elementor-widget-wrap elementor-element-populated\">\n\t\t\t\t\t\t<div class=\"elementor-element elementor-element-012b3eb elementor-widget elementor-widget-image\" data-id=\"012b3eb\" data-element_type=\"widget\" data-widget_type=\"image.default\">\n\t\t\t\t<div class=\"elementor-widget-container\">\n\t\t\t\t\t\t\t\t\t\t\t\t\t\t\t<img decoding=\"async\" width=\"2560\" height=\"1707\" src=\"https:\/\/inspiramar.es\/wp-content\/uploads\/inspiramar-apartamento-vacacional-benicarlo-descansar-y-desconectar-02-scaled.jpg\" class=\"attachment-full size-full wp-image-4162\" alt=\"Top des meilleures balades \u00e0 v\u00e9lo \u00e0 Benicarl\u00f3 et Pe\u00f1\u00edscola.\" srcset=\"https:\/\/inspiramar.es\/wp-content\/uploads\/inspiramar-apartamento-vacacional-benicarlo-descansar-y-desconectar-02-scaled.jpg 2560w, https:\/\/inspiramar.es\/wp-content\/uploads\/inspiramar-apartamento-vacacional-benicarlo-descansar-y-desconectar-02-300x200.jpg 300w, https:\/\/inspiramar.es\/wp-content\/uploads\/inspiramar-apartamento-vacacional-benicarlo-descansar-y-desconectar-02-1024x683.jpg 1024w, https:\/\/inspiramar.es\/wp-content\/uploads\/inspiramar-apartamento-vacacional-benicarlo-descansar-y-desconectar-02-768x512.jpg 768w, https:\/\/inspiramar.es\/wp-content\/uploads\/inspiramar-apartamento-vacacional-benicarlo-descansar-y-desconectar-02-1536x1024.jpg 1536w, https:\/\/inspiramar.es\/wp-content\/uploads\/inspiramar-apartamento-vacacional-benicarlo-descansar-y-desconectar-02-2048x1365.jpg 2048w\" sizes=\"(max-width: 2560px) 100vw, 2560px\" \/>\t\t\t\t\t\t\t\t\t\t\t\t\t\t\t<\/div>\n\t\t\t\t<\/div>\n\t\t\t\t\t<\/div>\n\t\t<\/div>\n\t\t\t\t<div class=\"elementor-column elementor-col-50 elementor-inner-column elementor-element elementor-element-3eb95f1\" data-id=\"3eb95f1\" data-element_type=\"column\">\n\t\t\t<div class=\"elementor-widget-wrap elementor-element-populated\">\n\t\t\t\t\t\t<div class=\"elementor-element elementor-element-bee4010 elementor-widget elementor-widget-image\" data-id=\"bee4010\" data-element_type=\"widget\" data-widget_type=\"image.default\">\n\t\t\t\t<div class=\"elementor-widget-container\">\n\t\t\t\t\t\t\t\t\t\t\t\t\t\t\t<img decoding=\"async\" width=\"1200\" height=\"800\" src=\"https:\/\/inspiramar.es\/wp-content\/uploads\/inspiramar-apartamento-vacacional-benicarlo-descansar-y-desconectar-03.jpg\" class=\"attachment-full size-full wp-image-4163\" alt=\"Top des meilleures promenades \u00e0 Benicarl\u00f3, Pe\u00f1\u00edscola et dans le delta de l&#039;\u00c8bre.\" srcset=\"https:\/\/inspiramar.es\/wp-content\/uploads\/inspiramar-apartamento-vacacional-benicarlo-descansar-y-desconectar-03.jpg 1200w, https:\/\/inspiramar.es\/wp-content\/uploads\/inspiramar-apartamento-vacacional-benicarlo-descansar-y-desconectar-03-300x200.jpg 300w, https:\/\/inspiramar.es\/wp-content\/uploads\/inspiramar-apartamento-vacacional-benicarlo-descansar-y-desconectar-03-1024x683.jpg 1024w, https:\/\/inspiramar.es\/wp-content\/uploads\/inspiramar-apartamento-vacacional-benicarlo-descansar-y-desconectar-03-768x512.jpg 768w\" sizes=\"(max-width: 1200px) 100vw, 1200px\" \/>\t\t\t\t\t\t\t\t\t\t\t\t\t\t\t<\/div>\n\t\t\t\t<\/div>\n\t\t\t\t\t<\/div>\n\t\t<\/div>\n\t\t\t\t\t<\/div>\n\t\t<\/section>\n\t\t\t\t\t<\/div>\n\t\t<\/div>\n\t\t\t\t\t<\/div>\n\t\t<\/section>\n\t\t\t\t<\/div>","protected":false},"excerpt":{"rendered":"<p>\ud83e\uddd8 Descansar y desconectar En Inspiramar creemos que viajar tambi\u00e9n es regalarse momentos de calma. Aqu\u00ed encontrar\u00e1s el espacio ideal para parar, respirar y reconectar contigo mismo, ya sea disfrutando de la brisa marina, paseando sin prisas o dej\u00e1ndote llevar por rincones llenos de paz. Lugares especiales para leer y meditar Si buscas tranquilidad, Benicarl\u00f3 [&hellip;]<\/p>","protected":false},"author":3,"featured_media":0,"parent":0,"menu_order":0,"comment_status":"closed","ping_status":"closed","template":"","meta":{"_acf_changed":false,"site-sidebar-layout":"no-sidebar","site-content-layout":"page-builder","ast-site-content-layout":"full-width-container","site-content-style":"default","site-sidebar-style":"default","ast-global-header-display":"","ast-banner-title-visibility":"","ast-main-header-display":"","ast-hfb-above-header-display":"","ast-hfb-below-header-display":"","ast-hfb-mobile-header-display":"","site-post-title":"disabled","ast-breadcrumbs-content":"","ast-featured-img":"disabled","footer-sml-layout":"","theme-transparent-header-meta":"","adv-header-id-meta":"","stick-header-meta":"","header-above-stick-meta":"","header-main-stick-meta":"","header-below-stick-meta":"","astra-migrate-meta-layouts":"set","ast-page-background-enabled":"default","ast-page-background-meta":{"desktop":{"background-color":"","background-image":"","background-repeat":"repeat","background-position":"center center","background-size":"auto","background-attachment":"scroll","background-type":"","background-media":"","overlay-type":"","overlay-color":"","overlay-gradient":""},"tablet":{"background-color":"","background-image":"","background-repeat":"repeat","background-position":"center center","background-size":"auto","background-attachment":"scroll","background-type":"","background-media":"","overlay-type":"","overlay-color":"","overlay-gradient":""},"mobile":{"background-color":"","background-image":"","background-repeat":"repeat","background-position":"center center","background-size":"auto","background-attachment":"scroll","background-type":"","background-media":"","overlay-type":"","overlay-color":"","overlay-gradient":""}},"ast-content-background-meta":{"desktop":{"background-color":"var(--ast-global-color-5)","background-image":"","background-repeat":"repeat","background-position":"center center","background-size":"auto","background-attachment":"scroll","background-type":"","background-media":"","overlay-type":"","overlay-color":"","overlay-gradient":""},"tablet":{"background-color":"var(--ast-global-color-5)","background-image":"","background-repeat":"repeat","background-position":"center center","background-size":"auto","background-attachment":"scroll","background-type":"","background-media":"","overlay-type":"","overlay-color":"","overlay-gradient":""},"mobile":{"background-color":"var(--ast-global-color-5)","background-image":"","background-repeat":"repeat","background-position":"center center","background-size":"auto","background-attachment":"scroll","background-type":"","background-media":"","overlay-type":"","overlay-color":"","overlay-gradient":""}},"_joinchat":[],"footnotes":""},"class_list":["post-4154","page","type-page","status-publish","hentry"],"acf":[],"yoast_head":"<!-- This site is optimized with the Yoast SEO plugin v26.0 - https:\/\/yoast.com\/wordpress\/plugins\/seo\/ -->\n<title>Descansar y desconectar - Inspiramar, tu alojamiento ideal para experiencias rom\u00e1nticas cerca de Pe\u00f1\u00edscola<\/title>\n<meta name=\"description\" content=\"Descansar y desconectar en Benicarl\u00f3 y Pe\u00f1\u00edscola. Lugares para leer y meditar, top mejores paseos en Benicarl\u00f3 y Pe\u00f1\u00edscola.\" \/>\n<meta name=\"robots\" content=\"index, follow, max-snippet:-1, max-image-preview:large, max-video-preview:-1\" \/>\n<link rel=\"canonical\" href=\"https:\/\/inspiramar.es\/fr\/descansar-y-desconectar\/\" \/>\n<meta property=\"og:locale\" content=\"fr_FR\" \/>\n<meta property=\"og:type\" content=\"article\" \/>\n<meta property=\"og:title\" content=\"Descansar y desconectar - Inspiramar, tu alojamiento ideal para experiencias rom\u00e1nticas cerca de Pe\u00f1\u00edscola\" \/>\n<meta property=\"og:description\" content=\"Descansar y desconectar en Benicarl\u00f3 y Pe\u00f1\u00edscola. Lugares para leer y meditar, top mejores paseos en Benicarl\u00f3 y Pe\u00f1\u00edscola.\" \/>\n<meta property=\"og:url\" content=\"https:\/\/inspiramar.es\/fr\/descansar-y-desconectar\/\" \/>\n<meta property=\"og:site_name\" content=\"Inspiramar, tu alojamiento ideal para experiencias rom\u00e1nticas cerca de Pe\u00f1\u00edscola\" \/>\n<meta property=\"article:publisher\" content=\"https:\/\/www.facebook.com\/inspiramarlofts\" \/>\n<meta property=\"article:modified_time\" content=\"2025-09-01T07:51:11+00:00\" \/>\n<meta property=\"og:image\" content=\"https:\/\/inspiramar.es\/wp-content\/uploads\/inspiramar-apartamento-vacacional-benicarlo-descansar-y-desconectar-01.jpg\" \/>\n\t<meta property=\"og:image:width\" content=\"1200\" \/>\n\t<meta property=\"og:image:height\" content=\"800\" \/>\n\t<meta property=\"og:image:type\" content=\"image\/jpeg\" \/>\n<meta name=\"twitter:card\" content=\"summary_large_image\" \/>\n<meta name=\"twitter:label1\" content=\"Dur\u00e9e de lecture estim\u00e9e\" \/>\n\t<meta name=\"twitter:data1\" content=\"2 minutes\" \/>\n<script type=\"application\/ld+json\" class=\"yoast-schema-graph\">{\"@context\":\"https:\/\/schema.org\",\"@graph\":[{\"@type\":\"WebPage\",\"@id\":\"https:\/\/inspiramar.es\/descansar-y-desconectar\/\",\"url\":\"https:\/\/inspiramar.es\/descansar-y-desconectar\/\",\"name\":\"Descansar y desconectar - Inspiramar, tu alojamiento ideal para experiencias rom\u00e1nticas cerca de Pe\u00f1\u00edscola\",\"isPartOf\":{\"@id\":\"http:\/\/inspiramar.es\/#website\"},\"primaryImageOfPage\":{\"@id\":\"https:\/\/inspiramar.es\/descansar-y-desconectar\/#primaryimage\"},\"image\":{\"@id\":\"https:\/\/inspiramar.es\/descansar-y-desconectar\/#primaryimage\"},\"thumbnailUrl\":\"https:\/\/inspiramar.es\/wp-content\/uploads\/inspiramar-apartamento-vacacional-benicarlo-descansar-y-desconectar-01.jpg\",\"datePublished\":\"2025-08-26T10:53:50+00:00\",\"dateModified\":\"2025-09-01T07:51:11+00:00\",\"description\":\"Descansar y desconectar en Benicarl\u00f3 y Pe\u00f1\u00edscola. Lugares para leer y meditar, top mejores paseos en Benicarl\u00f3 y Pe\u00f1\u00edscola.\",\"breadcrumb\":{\"@id\":\"https:\/\/inspiramar.es\/descansar-y-desconectar\/#breadcrumb\"},\"inLanguage\":\"fr-FR\",\"potentialAction\":[{\"@type\":\"ReadAction\",\"target\":[\"https:\/\/inspiramar.es\/descansar-y-desconectar\/\"]}]},{\"@type\":\"ImageObject\",\"inLanguage\":\"fr-FR\",\"@id\":\"https:\/\/inspiramar.es\/descansar-y-desconectar\/#primaryimage\",\"url\":\"https:\/\/inspiramar.es\/wp-content\/uploads\/inspiramar-apartamento-vacacional-benicarlo-descansar-y-desconectar-01.jpg\",\"contentUrl\":\"https:\/\/inspiramar.es\/wp-content\/uploads\/inspiramar-apartamento-vacacional-benicarlo-descansar-y-desconectar-01.jpg\"},{\"@type\":\"BreadcrumbList\",\"@id\":\"https:\/\/inspiramar.es\/descansar-y-desconectar\/#breadcrumb\",\"itemListElement\":[{\"@type\":\"ListItem\",\"position\":1,\"name\":\"Portada\",\"item\":\"https:\/\/inspiramar.es\/\"},{\"@type\":\"ListItem\",\"position\":2,\"name\":\"Descansar y desconectar\"}]},{\"@type\":\"WebSite\",\"@id\":\"http:\/\/inspiramar.es\/#website\",\"url\":\"http:\/\/inspiramar.es\/\",\"name\":\"inspiramar.es\",\"description\":\"Apartamentos Loft a primera linea de mar en Benicarl\u00f3\",\"publisher\":{\"@id\":\"http:\/\/inspiramar.es\/#organization\"},\"potentialAction\":[{\"@type\":\"SearchAction\",\"target\":{\"@type\":\"EntryPoint\",\"urlTemplate\":\"http:\/\/inspiramar.es\/?s={search_term_string}\"},\"query-input\":{\"@type\":\"PropertyValueSpecification\",\"valueRequired\":true,\"valueName\":\"search_term_string\"}}],\"inLanguage\":\"fr-FR\"},{\"@type\":\"Organization\",\"@id\":\"http:\/\/inspiramar.es\/#organization\",\"name\":\"inspiramar lofts\",\"url\":\"http:\/\/inspiramar.es\/\",\"logo\":{\"@type\":\"ImageObject\",\"inLanguage\":\"fr-FR\",\"@id\":\"http:\/\/inspiramar.es\/#\/schema\/logo\/image\/\",\"url\":\"https:\/\/inspiramar.es\/wp-content\/uploads\/cropped-cropped-horizontal-2-colores.png\",\"contentUrl\":\"https:\/\/inspiramar.es\/wp-content\/uploads\/cropped-cropped-horizontal-2-colores.png\",\"width\":3252,\"height\":621,\"caption\":\"inspiramar lofts\"},\"image\":{\"@id\":\"http:\/\/inspiramar.es\/#\/schema\/logo\/image\/\"},\"sameAs\":[\"https:\/\/www.facebook.com\/inspiramarlofts\",\"https:\/\/www.instagram.com\/inspiramarlofts\/\"]}]}<\/script>\n<!-- \/ Yoast SEO plugin. -->","yoast_head_json":{"title":"D\u00e9tendez-vous et d\u00e9compressez - Inspiramar, votre h\u00e9bergement id\u00e9al pour des exp\u00e9riences romantiques pr\u00e8s de Pe\u00f1\u00edscola","description":"Reposez-vous et d\u00e9tendez-vous \u00e0 Benicarl\u00f3 et Pe\u00f1\u00edscola. Lieux de lecture et de m\u00e9ditation, meilleures promenades \u00e0 Benicarl\u00f3 et Pe\u00f1\u00edscola.","robots":{"index":"index","follow":"follow","max-snippet":"max-snippet:-1","max-image-preview":"max-image-preview:large","max-video-preview":"max-video-preview:-1"},"canonical":"https:\/\/inspiramar.es\/fr\/descansar-y-desconectar\/","og_locale":"fr_FR","og_type":"article","og_title":"Descansar y desconectar - Inspiramar, tu alojamiento ideal para experiencias rom\u00e1nticas cerca de Pe\u00f1\u00edscola","og_description":"Descansar y desconectar en Benicarl\u00f3 y Pe\u00f1\u00edscola. Lugares para leer y meditar, top mejores paseos en Benicarl\u00f3 y Pe\u00f1\u00edscola.","og_url":"https:\/\/inspiramar.es\/fr\/descansar-y-desconectar\/","og_site_name":"Inspiramar, tu alojamiento ideal para experiencias rom\u00e1nticas cerca de Pe\u00f1\u00edscola","article_publisher":"https:\/\/www.facebook.com\/inspiramarlofts","article_modified_time":"2025-09-01T07:51:11+00:00","og_image":[{"width":1200,"height":800,"url":"https:\/\/inspiramar.es\/wp-content\/uploads\/inspiramar-apartamento-vacacional-benicarlo-descansar-y-desconectar-01.jpg","type":"image\/jpeg"}],"twitter_card":"summary_large_image","twitter_misc":{"Dur\u00e9e de lecture estim\u00e9e":"2 minutes"},"schema":{"@context":"https:\/\/schema.org","@graph":[{"@type":"WebPage","@id":"https:\/\/inspiramar.es\/descansar-y-desconectar\/","url":"https:\/\/inspiramar.es\/descansar-y-desconectar\/","name":"D\u00e9tendez-vous et d\u00e9compressez - Inspiramar, votre h\u00e9bergement id\u00e9al pour des exp\u00e9riences romantiques pr\u00e8s de Pe\u00f1\u00edscola","isPartOf":{"@id":"http:\/\/inspiramar.es\/#website"},"primaryImageOfPage":{"@id":"https:\/\/inspiramar.es\/descansar-y-desconectar\/#primaryimage"},"image":{"@id":"https:\/\/inspiramar.es\/descansar-y-desconectar\/#primaryimage"},"thumbnailUrl":"https:\/\/inspiramar.es\/wp-content\/uploads\/inspiramar-apartamento-vacacional-benicarlo-descansar-y-desconectar-01.jpg","datePublished":"2025-08-26T10:53:50+00:00","dateModified":"2025-09-01T07:51:11+00:00","description":"Reposez-vous et d\u00e9tendez-vous \u00e0 Benicarl\u00f3 et Pe\u00f1\u00edscola. Lieux de lecture et de m\u00e9ditation, meilleures promenades \u00e0 Benicarl\u00f3 et Pe\u00f1\u00edscola.","breadcrumb":{"@id":"https:\/\/inspiramar.es\/descansar-y-desconectar\/#breadcrumb"},"inLanguage":"fr-FR","potentialAction":[{"@type":"ReadAction","target":["https:\/\/inspiramar.es\/descansar-y-desconectar\/"]}]},{"@type":"ImageObject","inLanguage":"fr-FR","@id":"https:\/\/inspiramar.es\/descansar-y-desconectar\/#primaryimage","url":"https:\/\/inspiramar.es\/wp-content\/uploads\/inspiramar-apartamento-vacacional-benicarlo-descansar-y-desconectar-01.jpg","contentUrl":"https:\/\/inspiramar.es\/wp-content\/uploads\/inspiramar-apartamento-vacacional-benicarlo-descansar-y-desconectar-01.jpg"},{"@type":"BreadcrumbList","@id":"https:\/\/inspiramar.es\/descansar-y-desconectar\/#breadcrumb","itemListElement":[{"@type":"ListItem","position":1,"name":"Portada","item":"https:\/\/inspiramar.es\/"},{"@type":"ListItem","position":2,"name":"Descansar y desconectar"}]},{"@type":"WebSite","@id":"http:\/\/inspiramar.es\/#website","url":"http:\/\/inspiramar.es\/","name":"inspiramar.es","description":"Appartements loft en bord de mer \u00e0 Benicarl\u00f3","publisher":{"@id":"http:\/\/inspiramar.es\/#organization"},"potentialAction":[{"@type":"SearchAction","target":{"@type":"EntryPoint","urlTemplate":"http:\/\/inspiramar.es\/?s={search_term_string}"},"query-input":{"@type":"PropertyValueSpecification","valueRequired":true,"valueName":"search_term_string"}}],"inLanguage":"fr-FR"},{"@type":"Organization","@id":"http:\/\/inspiramar.es\/#organization","name":"lofts inspiramar","url":"http:\/\/inspiramar.es\/","logo":{"@type":"ImageObject","inLanguage":"fr-FR","@id":"http:\/\/inspiramar.es\/#\/schema\/logo\/image\/","url":"https:\/\/inspiramar.es\/wp-content\/uploads\/cropped-cropped-horizontal-2-colores.png","contentUrl":"https:\/\/inspiramar.es\/wp-content\/uploads\/cropped-cropped-horizontal-2-colores.png","width":3252,"height":621,"caption":"inspiramar lofts"},"image":{"@id":"http:\/\/inspiramar.es\/#\/schema\/logo\/image\/"},"sameAs":["https:\/\/www.facebook.com\/inspiramarlofts","https:\/\/www.instagram.com\/inspiramarlofts\/"]}]}},"_links":{"self":[{"href":"https:\/\/inspiramar.es\/fr\/wp-json\/wp\/v2\/pages\/4154","targetHints":{"allow":["GET"]}}],"collection":[{"href":"https:\/\/inspiramar.es\/fr\/wp-json\/wp\/v2\/pages"}],"about":[{"href":"https:\/\/inspiramar.es\/fr\/wp-json\/wp\/v2\/types\/page"}],"author":[{"embeddable":true,"href":"https:\/\/inspiramar.es\/fr\/wp-json\/wp\/v2\/users\/3"}],"replies":[{"embeddable":true,"href":"https:\/\/inspiramar.es\/fr\/wp-json\/wp\/v2\/comments?post=4154"}],"version-history":[{"count":7,"href":"https:\/\/inspiramar.es\/fr\/wp-json\/wp\/v2\/pages\/4154\/revisions"}],"predecessor-version":[{"id":4523,"href":"https:\/\/inspiramar.es\/fr\/wp-json\/wp\/v2\/pages\/4154\/revisions\/4523"}],"wp:attachment":[{"href":"https:\/\/inspiramar.es\/fr\/wp-json\/wp\/v2\/media?parent=4154"}],"curies":[{"name":"wp","href":"https:\/\/api.w.org\/{rel}","templated":true}]}}