{"id":3770,"date":"2025-06-20T09:22:21","date_gmt":"2025-06-20T07:22:21","guid":{"rendered":"https:\/\/inspiramar.es\/?page_id=3770"},"modified":"2025-09-01T13:51:22","modified_gmt":"2025-09-01T11:51:22","slug":"vivir-el-mar","status":"publish","type":"page","link":"https:\/\/inspiramar.es\/fr\/vivir-el-mar\/","title":{"rendered":"Vivre la mer"},"content":{"rendered":"<div data-elementor-type=\"wp-page\" data-elementor-id=\"3770\" class=\"elementor elementor-3770\" data-elementor-post-type=\"page\">\n\t\t\t\t\t\t<section class=\"elementor-section elementor-top-section elementor-element elementor-element-3bc8376 elementor-section-full_width elementor-section-height-min-height elementor-section-items-top elementor-section-height-default\" data-id=\"3bc8376\" data-element_type=\"section\" data-settings=\"{&quot;background_background&quot;:&quot;classic&quot;}\">\n\t\t\t\t\t\t<div class=\"elementor-container elementor-column-gap-default\">\n\t\t\t\t\t<div class=\"elementor-column elementor-col-100 elementor-top-column elementor-element elementor-element-41d3fa7\" data-id=\"41d3fa7\" data-element_type=\"column\">\n\t\t\t<div class=\"elementor-widget-wrap\">\n\t\t\t\t\t\t\t<\/div>\n\t\t<\/div>\n\t\t\t\t\t<\/div>\n\t\t<\/section>\n\t\t\t\t<section class=\"elementor-section elementor-top-section elementor-element elementor-element-77add9d elementor-section-boxed elementor-section-height-default elementor-section-height-default\" data-id=\"77add9d\" data-element_type=\"section\">\n\t\t\t\t\t\t<div class=\"elementor-container elementor-column-gap-default\">\n\t\t\t\t\t<div class=\"elementor-column elementor-col-100 elementor-top-column elementor-element elementor-element-6b53722\" data-id=\"6b53722\" data-element_type=\"column\">\n\t\t\t<div class=\"elementor-widget-wrap elementor-element-populated\">\n\t\t\t\t\t\t<div class=\"elementor-element elementor-element-4d53c30 elementor-widget elementor-widget-heading\" data-id=\"4d53c30\" data-element_type=\"widget\" data-widget_type=\"heading.default\">\n\t\t\t\t<div class=\"elementor-widget-container\">\n\t\t\t\t\t<h2 class=\"elementor-heading-title elementor-size-default\">\ud83c\udf0a Vivre la mer<\/h2>\t\t\t\t<\/div>\n\t\t\t\t<\/div>\n\t\t\t\t\t<\/div>\n\t\t<\/div>\n\t\t\t\t\t<\/div>\n\t\t<\/section>\n\t\t\t\t<section class=\"elementor-section elementor-top-section elementor-element elementor-element-23cb19f elementor-section-boxed elementor-section-height-default elementor-section-height-default\" data-id=\"23cb19f\" data-element_type=\"section\">\n\t\t\t\t\t\t<div class=\"elementor-container elementor-column-gap-default\">\n\t\t\t\t\t<div class=\"elementor-column elementor-col-100 elementor-top-column elementor-element elementor-element-c289997\" data-id=\"c289997\" data-element_type=\"column\">\n\t\t\t<div class=\"elementor-widget-wrap elementor-element-populated\">\n\t\t\t\t\t\t<div class=\"elementor-element elementor-element-0316786 elementor-widget elementor-widget-text-editor\" data-id=\"0316786\" data-element_type=\"widget\" data-widget_type=\"text-editor.default\">\n\t\t\t\t<div class=\"elementor-widget-container\">\n\t\t\t\t\t\t\t\t\t<p data-start=\"238\" data-end=\"473\">Depuis Inspiramar, vous pourrez profiter de la mer de multiples fa\u00e7ons. \u00c0 quelques pas ou en quelques minutes en voiture, vous trouverez des plages de sable fin avec toutes les commodit\u00e9s, des criques tranquilles nich\u00e9es entre rochers et v\u00e9g\u00e9tation, ou des coins plus sauvages et naturels.<\/p><p data-start=\"475\" data-end=\"509\">Vous choisissez comment le vivre.<\/p>\t\t\t\t\t\t\t\t<\/div>\n\t\t\t\t<\/div>\n\t\t\t\t\t<\/div>\n\t\t<\/div>\n\t\t\t\t\t<\/div>\n\t\t<\/section>\n\t\t\t\t<section class=\"elementor-section elementor-top-section elementor-element elementor-element-fd52936 elementor-section-boxed elementor-section-height-default elementor-section-height-default\" data-id=\"fd52936\" data-element_type=\"section\">\n\t\t\t\t\t\t<div class=\"elementor-container elementor-column-gap-default\">\n\t\t\t\t\t<div class=\"elementor-column elementor-col-50 elementor-top-column elementor-element elementor-element-7d9d3c2 animated-slow elementor-invisible\" data-id=\"7d9d3c2\" data-element_type=\"column\" data-settings=\"{&quot;animation&quot;:&quot;fadeInLeft&quot;}\">\n\t\t\t<div class=\"elementor-widget-wrap elementor-element-populated\">\n\t\t\t\t\t\t<div class=\"elementor-element elementor-element-c6462c8 elementor-widget elementor-widget-image\" data-id=\"c6462c8\" data-element_type=\"widget\" data-widget_type=\"image.default\">\n\t\t\t\t<div class=\"elementor-widget-container\">\n\t\t\t\t\t\t\t\t\t\t\t\t\t\t\t<img fetchpriority=\"high\" decoding=\"async\" width=\"1200\" height=\"555\" src=\"https:\/\/inspiramar.es\/wp-content\/uploads\/inspiramar-apartamento-vacacional-benicarlo-vivir-el-mar-01.jpg\" class=\"attachment-full size-full wp-image-3778\" alt=\"Plages urbaines \u00e0 Benicarl\u00f3.\" srcset=\"https:\/\/inspiramar.es\/wp-content\/uploads\/inspiramar-apartamento-vacacional-benicarlo-vivir-el-mar-01.jpg 1200w, https:\/\/inspiramar.es\/wp-content\/uploads\/inspiramar-apartamento-vacacional-benicarlo-vivir-el-mar-01-300x139.jpg 300w, https:\/\/inspiramar.es\/wp-content\/uploads\/inspiramar-apartamento-vacacional-benicarlo-vivir-el-mar-01-1024x474.jpg 1024w, https:\/\/inspiramar.es\/wp-content\/uploads\/inspiramar-apartamento-vacacional-benicarlo-vivir-el-mar-01-768x355.jpg 768w\" sizes=\"(max-width: 1200px) 100vw, 1200px\" \/>\t\t\t\t\t\t\t\t\t\t\t\t\t\t\t<\/div>\n\t\t\t\t<\/div>\n\t\t\t\t\t<\/div>\n\t\t<\/div>\n\t\t\t\t<div class=\"elementor-column elementor-col-50 elementor-top-column elementor-element elementor-element-b156901\" data-id=\"b156901\" data-element_type=\"column\">\n\t\t\t<div class=\"elementor-widget-wrap elementor-element-populated\">\n\t\t\t\t\t\t<div class=\"elementor-element elementor-element-ef6643a elementor-widget elementor-widget-heading\" data-id=\"ef6643a\" data-element_type=\"widget\" data-widget_type=\"heading.default\">\n\t\t\t\t<div class=\"elementor-widget-container\">\n\t\t\t\t\t<h2 class=\"elementor-heading-title elementor-size-default\">Plages urbaines <\/h2>\t\t\t\t<\/div>\n\t\t\t\t<\/div>\n\t\t\t\t<div class=\"elementor-element elementor-element-0bd0237 elementor-widget elementor-widget-text-editor\" data-id=\"0bd0237\" data-element_type=\"widget\" data-widget_type=\"text-editor.default\">\n\t\t\t\t<div class=\"elementor-widget-container\">\n\t\t\t\t\t\t\t\t\t<p>A quelques pas, vous trouverez les plages de Morrongo, Mar Xica et Caracola, larges, accessibles et parfaites pour se promener, bronzer ou faire une belle baignade.<\/p><p><span style=\"font-style: inherit; font-weight: inherit;\">Dot\u00e9es de toutes les commodit\u00e9s, d&#039;une promenade, de terrasses et d&#039;une atmosph\u00e8re d\u00e9tendue, elles sont id\u00e9ales pour profiter de la M\u00e9diterran\u00e9e sans complications et \u00e0 votre rythme.<\/span><\/p>\t\t\t\t\t\t\t\t<\/div>\n\t\t\t\t<\/div>\n\t\t\t\t\t<\/div>\n\t\t<\/div>\n\t\t\t\t\t<\/div>\n\t\t<\/section>\n\t\t\t\t<section class=\"elementor-section elementor-top-section elementor-element elementor-element-38b1205 elementor-reverse-mobile elementor-section-boxed elementor-section-height-default elementor-section-height-default\" data-id=\"38b1205\" data-element_type=\"section\">\n\t\t\t\t\t\t<div class=\"elementor-container elementor-column-gap-default\">\n\t\t\t\t\t<div class=\"elementor-column elementor-col-50 elementor-top-column elementor-element elementor-element-cf1fed3\" data-id=\"cf1fed3\" data-element_type=\"column\">\n\t\t\t<div class=\"elementor-widget-wrap elementor-element-populated\">\n\t\t\t\t\t\t<div class=\"elementor-element elementor-element-9fe2dd8 elementor-widget elementor-widget-heading\" data-id=\"9fe2dd8\" data-element_type=\"widget\" data-widget_type=\"heading.default\">\n\t\t\t\t<div class=\"elementor-widget-container\">\n\t\t\t\t\t<h2 class=\"elementor-heading-title elementor-size-default\">Criques et falaises<\/h2>\t\t\t\t<\/div>\n\t\t\t\t<\/div>\n\t\t\t\t<div class=\"elementor-element elementor-element-a267a50 elementor-widget elementor-widget-text-editor\" data-id=\"a267a50\" data-element_type=\"widget\" data-widget_type=\"text-editor.default\">\n\t\t\t\t<div class=\"elementor-widget-container\">\n\t\t\t\t\t\t\t\t\t<p>En explorant des endroits comme Benicarl\u00f3, Pe\u00f1\u00edscola et Vinar\u00f2s, vous d\u00e9couvrirez des paysages avec de petites criques, des sentiers c\u00f4tiers et des endroits calmes o\u00f9 la mer s&#039;\u00e9crase avec force.<\/p><p>Falaises basses, pins, rochers et silence\u00a0: le contraste parfait pour ceux qui recherchent la nature, l&#039;intimit\u00e9 et une connexion plus sauvage avec la mer.<\/p>\t\t\t\t\t\t\t\t<\/div>\n\t\t\t\t<\/div>\n\t\t\t\t\t<\/div>\n\t\t<\/div>\n\t\t\t\t<div class=\"elementor-column elementor-col-50 elementor-top-column elementor-element elementor-element-4b68b00 animated-slow elementor-invisible\" data-id=\"4b68b00\" data-element_type=\"column\" data-settings=\"{&quot;animation&quot;:&quot;fadeInRight&quot;}\">\n\t\t\t<div class=\"elementor-widget-wrap elementor-element-populated\">\n\t\t\t\t\t\t<div class=\"elementor-element elementor-element-5a09fb6 elementor-widget elementor-widget-image\" data-id=\"5a09fb6\" data-element_type=\"widget\" data-widget_type=\"image.default\">\n\t\t\t\t<div class=\"elementor-widget-container\">\n\t\t\t\t\t\t\t\t\t\t\t\t\t\t\t<img decoding=\"async\" width=\"2560\" height=\"1183\" src=\"https:\/\/inspiramar.es\/wp-content\/uploads\/inspiramar-apartamento-vacacional-benicarlo-vivir-el-mar-02-scaled.jpg\" class=\"attachment-full size-full wp-image-4073\" alt=\"Criques et falaises de Benicarl\u00f3, Vinar\u00f2s et Pe\u00f1\u00edscola.\" srcset=\"https:\/\/inspiramar.es\/wp-content\/uploads\/inspiramar-apartamento-vacacional-benicarlo-vivir-el-mar-02-scaled.jpg 2560w, https:\/\/inspiramar.es\/wp-content\/uploads\/inspiramar-apartamento-vacacional-benicarlo-vivir-el-mar-02-300x139.jpg 300w, https:\/\/inspiramar.es\/wp-content\/uploads\/inspiramar-apartamento-vacacional-benicarlo-vivir-el-mar-02-1024x473.jpg 1024w, https:\/\/inspiramar.es\/wp-content\/uploads\/inspiramar-apartamento-vacacional-benicarlo-vivir-el-mar-02-768x355.jpg 768w, https:\/\/inspiramar.es\/wp-content\/uploads\/inspiramar-apartamento-vacacional-benicarlo-vivir-el-mar-02-1536x710.jpg 1536w, https:\/\/inspiramar.es\/wp-content\/uploads\/inspiramar-apartamento-vacacional-benicarlo-vivir-el-mar-02-2048x947.jpg 2048w\" sizes=\"(max-width: 2560px) 100vw, 2560px\" \/>\t\t\t\t\t\t\t\t\t\t\t\t\t\t\t<\/div>\n\t\t\t\t<\/div>\n\t\t\t\t\t<\/div>\n\t\t<\/div>\n\t\t\t\t\t<\/div>\n\t\t<\/section>\n\t\t\t\t<section class=\"elementor-section elementor-top-section elementor-element elementor-element-e9bec5e elementor-section-boxed elementor-section-height-default elementor-section-height-default\" data-id=\"e9bec5e\" data-element_type=\"section\">\n\t\t\t\t\t\t<div class=\"elementor-container elementor-column-gap-default\">\n\t\t\t\t\t<div class=\"elementor-column elementor-col-50 elementor-top-column elementor-element elementor-element-b68dc46 animated-slow elementor-invisible\" data-id=\"b68dc46\" data-element_type=\"column\" data-settings=\"{&quot;animation&quot;:&quot;fadeInLeft&quot;}\">\n\t\t\t<div class=\"elementor-widget-wrap elementor-element-populated\">\n\t\t\t\t\t\t<div class=\"elementor-element elementor-element-fcf6d14 elementor-widget elementor-widget-image\" data-id=\"fcf6d14\" data-element_type=\"widget\" data-widget_type=\"image.default\">\n\t\t\t\t<div class=\"elementor-widget-container\">\n\t\t\t\t\t\t\t\t\t\t\t\t\t\t\t<img decoding=\"async\" width=\"1200\" height=\"555\" src=\"https:\/\/inspiramar.es\/wp-content\/uploads\/inspiramar-apartamento-vacacional-benicarlo-vivir-el-mar-03.jpg\" class=\"attachment-full size-full wp-image-4074\" alt=\"Plages naturelles \u00e0 Benicarl\u00f3 et ses environs.\" srcset=\"https:\/\/inspiramar.es\/wp-content\/uploads\/inspiramar-apartamento-vacacional-benicarlo-vivir-el-mar-03.jpg 1200w, https:\/\/inspiramar.es\/wp-content\/uploads\/inspiramar-apartamento-vacacional-benicarlo-vivir-el-mar-03-300x139.jpg 300w, https:\/\/inspiramar.es\/wp-content\/uploads\/inspiramar-apartamento-vacacional-benicarlo-vivir-el-mar-03-1024x474.jpg 1024w, https:\/\/inspiramar.es\/wp-content\/uploads\/inspiramar-apartamento-vacacional-benicarlo-vivir-el-mar-03-768x355.jpg 768w\" sizes=\"(max-width: 1200px) 100vw, 1200px\" \/>\t\t\t\t\t\t\t\t\t\t\t\t\t\t\t<\/div>\n\t\t\t\t<\/div>\n\t\t\t\t\t<\/div>\n\t\t<\/div>\n\t\t\t\t<div class=\"elementor-column elementor-col-50 elementor-top-column elementor-element elementor-element-a63a13d\" data-id=\"a63a13d\" data-element_type=\"column\">\n\t\t\t<div class=\"elementor-widget-wrap elementor-element-populated\">\n\t\t\t\t\t\t<div class=\"elementor-element elementor-element-ae93802 elementor-widget elementor-widget-heading\" data-id=\"ae93802\" data-element_type=\"widget\" data-widget_type=\"heading.default\">\n\t\t\t\t<div class=\"elementor-widget-container\">\n\t\t\t\t\t<h2 class=\"elementor-heading-title elementor-size-default\">Plages naturelles<\/h2>\t\t\t\t<\/div>\n\t\t\t\t<\/div>\n\t\t\t\t<div class=\"elementor-element elementor-element-4e82d87 elementor-widget elementor-widget-text-editor\" data-id=\"4e82d87\" data-element_type=\"widget\" data-widget_type=\"text-editor.default\">\n\t\t\t\t<div class=\"elementor-widget-container\">\n\t\t\t\t\t\t\t\t\t<p>\u00c0 quelques minutes en voiture, vous pourrez vous perdre sur des plages comme Russo, Pebret ou la plage sud de la Serra d&#039;Irta. Des espaces pr\u00e9serv\u00e9s et pr\u00e9serv\u00e9s o\u00f9 mer et montagne cohabitent en toute qui\u00e9tude.<span style=\"font-style: inherit; font-weight: inherit;\"><br \/><\/span><\/p><p><span style=\"font-style: inherit; font-weight: inherit;\">Pas de bars de plage, pas de bruit, pas de pr\u00e9cipitation. <\/span>Juste vous, le soleil et la M\u00e9diterran\u00e9e dans sa forme la plus pure.<\/p>\t\t\t\t\t\t\t\t<\/div>\n\t\t\t\t<\/div>\n\t\t\t\t\t<\/div>\n\t\t<\/div>\n\t\t\t\t\t<\/div>\n\t\t<\/section>\n\t\t\t\t<\/div>","protected":false},"excerpt":{"rendered":"<p>\ud83c\udf0a Vivir el mar Desde Inspiramar puedes disfrutar del mar de muchas formas. A pocos pasos o en un peque\u00f1o paseo en coche, encontrar\u00e1s playas de arena con todos los servicios, calas tranquilas entre rocas y vegetaci\u00f3n , o rincones m\u00e1s salvajes y naturales. T\u00fa eliges c\u00f3mo vivirlo. Playas urbanas A solo unos pasos encontrar\u00e1s [&hellip;]<\/p>","protected":false},"author":3,"featured_media":0,"parent":0,"menu_order":0,"comment_status":"closed","ping_status":"closed","template":"","meta":{"_acf_changed":false,"site-sidebar-layout":"no-sidebar","site-content-layout":"page-builder","ast-site-content-layout":"full-width-container","site-content-style":"default","site-sidebar-style":"default","ast-global-header-display":"","ast-banner-title-visibility":"","ast-main-header-display":"","ast-hfb-above-header-display":"","ast-hfb-below-header-display":"","ast-hfb-mobile-header-display":"","site-post-title":"disabled","ast-breadcrumbs-content":"","ast-featured-img":"disabled","footer-sml-layout":"","theme-transparent-header-meta":"","adv-header-id-meta":"","stick-header-meta":"","header-above-stick-meta":"","header-main-stick-meta":"","header-below-stick-meta":"","astra-migrate-meta-layouts":"set","ast-page-background-enabled":"default","ast-page-background-meta":{"desktop":{"background-color":"","background-image":"","background-repeat":"repeat","background-position":"center center","background-size":"auto","background-attachment":"scroll","background-type":"","background-media":"","overlay-type":"","overlay-color":"","overlay-gradient":""},"tablet":{"background-color":"","background-image":"","background-repeat":"repeat","background-position":"center center","background-size":"auto","background-attachment":"scroll","background-type":"","background-media":"","overlay-type":"","overlay-color":"","overlay-gradient":""},"mobile":{"background-color":"","background-image":"","background-repeat":"repeat","background-position":"center center","background-size":"auto","background-attachment":"scroll","background-type":"","background-media":"","overlay-type":"","overlay-color":"","overlay-gradient":""}},"ast-content-background-meta":{"desktop":{"background-color":"var(--ast-global-color-5)","background-image":"","background-repeat":"repeat","background-position":"center center","background-size":"auto","background-attachment":"scroll","background-type":"","background-media":"","overlay-type":"","overlay-color":"","overlay-gradient":""},"tablet":{"background-color":"var(--ast-global-color-5)","background-image":"","background-repeat":"repeat","background-position":"center center","background-size":"auto","background-attachment":"scroll","background-type":"","background-media":"","overlay-type":"","overlay-color":"","overlay-gradient":""},"mobile":{"background-color":"var(--ast-global-color-5)","background-image":"","background-repeat":"repeat","background-position":"center center","background-size":"auto","background-attachment":"scroll","background-type":"","background-media":"","overlay-type":"","overlay-color":"","overlay-gradient":""}},"_joinchat":[],"footnotes":""},"class_list":["post-3770","page","type-page","status-publish","hentry"],"acf":[],"yoast_head":"<!-- This site is optimized with the Yoast SEO plugin v26.0 - https:\/\/yoast.com\/wordpress\/plugins\/seo\/ -->\n<title>Vivir el mar - Inspiramar, tu alojamiento ideal para experiencias rom\u00e1nticas cerca de Pe\u00f1\u00edscola<\/title>\n<meta name=\"description\" content=\"Disfruta del mar en Benicarl\u00f3 y alrededores. Playas urbanas, calas y acantilados y playas naturales para disfrutar durante tu estancia.\" \/>\n<meta name=\"robots\" content=\"index, follow, max-snippet:-1, max-image-preview:large, max-video-preview:-1\" \/>\n<link rel=\"canonical\" href=\"https:\/\/inspiramar.es\/fr\/vivir-el-mar\/\" \/>\n<meta property=\"og:locale\" content=\"fr_FR\" \/>\n<meta property=\"og:type\" content=\"article\" \/>\n<meta property=\"og:title\" content=\"Vivir el mar - Inspiramar, tu alojamiento ideal para experiencias rom\u00e1nticas cerca de Pe\u00f1\u00edscola\" \/>\n<meta property=\"og:description\" content=\"Disfruta del mar en Benicarl\u00f3 y alrededores. Playas urbanas, calas y acantilados y playas naturales para disfrutar durante tu estancia.\" \/>\n<meta property=\"og:url\" content=\"https:\/\/inspiramar.es\/fr\/vivir-el-mar\/\" \/>\n<meta property=\"og:site_name\" content=\"Inspiramar, tu alojamiento ideal para experiencias rom\u00e1nticas cerca de Pe\u00f1\u00edscola\" \/>\n<meta property=\"article:publisher\" content=\"https:\/\/www.facebook.com\/inspiramarlofts\" \/>\n<meta property=\"article:modified_time\" content=\"2025-09-01T11:51:22+00:00\" \/>\n<meta property=\"og:image\" content=\"https:\/\/inspiramar.es\/wp-content\/uploads\/inspiramar-apartamento-vacacional-benicarlo-vivir-el-mar-01.jpg\" \/>\n\t<meta property=\"og:image:width\" content=\"1200\" \/>\n\t<meta property=\"og:image:height\" content=\"555\" \/>\n\t<meta property=\"og:image:type\" content=\"image\/jpeg\" \/>\n<meta name=\"twitter:card\" content=\"summary_large_image\" \/>\n<meta name=\"twitter:label1\" content=\"Dur\u00e9e de lecture estim\u00e9e\" \/>\n\t<meta name=\"twitter:data1\" content=\"2 minutes\" \/>\n<script type=\"application\/ld+json\" class=\"yoast-schema-graph\">{\"@context\":\"https:\/\/schema.org\",\"@graph\":[{\"@type\":\"WebPage\",\"@id\":\"https:\/\/inspiramar.es\/vivir-el-mar\/\",\"url\":\"https:\/\/inspiramar.es\/vivir-el-mar\/\",\"name\":\"Vivir el mar - Inspiramar, tu alojamiento ideal para experiencias rom\u00e1nticas cerca de Pe\u00f1\u00edscola\",\"isPartOf\":{\"@id\":\"http:\/\/inspiramar.es\/#website\"},\"primaryImageOfPage\":{\"@id\":\"https:\/\/inspiramar.es\/vivir-el-mar\/#primaryimage\"},\"image\":{\"@id\":\"https:\/\/inspiramar.es\/vivir-el-mar\/#primaryimage\"},\"thumbnailUrl\":\"https:\/\/inspiramar.es\/wp-content\/uploads\/inspiramar-apartamento-vacacional-benicarlo-vivir-el-mar-01.jpg\",\"datePublished\":\"2025-06-20T07:22:21+00:00\",\"dateModified\":\"2025-09-01T11:51:22+00:00\",\"description\":\"Disfruta del mar en Benicarl\u00f3 y alrededores. Playas urbanas, calas y acantilados y playas naturales para disfrutar durante tu estancia.\",\"breadcrumb\":{\"@id\":\"https:\/\/inspiramar.es\/vivir-el-mar\/#breadcrumb\"},\"inLanguage\":\"fr-FR\",\"potentialAction\":[{\"@type\":\"ReadAction\",\"target\":[\"https:\/\/inspiramar.es\/vivir-el-mar\/\"]}]},{\"@type\":\"ImageObject\",\"inLanguage\":\"fr-FR\",\"@id\":\"https:\/\/inspiramar.es\/vivir-el-mar\/#primaryimage\",\"url\":\"https:\/\/inspiramar.es\/wp-content\/uploads\/inspiramar-apartamento-vacacional-benicarlo-vivir-el-mar-01.jpg\",\"contentUrl\":\"https:\/\/inspiramar.es\/wp-content\/uploads\/inspiramar-apartamento-vacacional-benicarlo-vivir-el-mar-01.jpg\"},{\"@type\":\"BreadcrumbList\",\"@id\":\"https:\/\/inspiramar.es\/vivir-el-mar\/#breadcrumb\",\"itemListElement\":[{\"@type\":\"ListItem\",\"position\":1,\"name\":\"Portada\",\"item\":\"https:\/\/inspiramar.es\/\"},{\"@type\":\"ListItem\",\"position\":2,\"name\":\"Vivir el mar\"}]},{\"@type\":\"WebSite\",\"@id\":\"http:\/\/inspiramar.es\/#website\",\"url\":\"http:\/\/inspiramar.es\/\",\"name\":\"inspiramar.es\",\"description\":\"Apartamentos Loft a primera linea de mar en Benicarl\u00f3\",\"publisher\":{\"@id\":\"http:\/\/inspiramar.es\/#organization\"},\"potentialAction\":[{\"@type\":\"SearchAction\",\"target\":{\"@type\":\"EntryPoint\",\"urlTemplate\":\"http:\/\/inspiramar.es\/?s={search_term_string}\"},\"query-input\":{\"@type\":\"PropertyValueSpecification\",\"valueRequired\":true,\"valueName\":\"search_term_string\"}}],\"inLanguage\":\"fr-FR\"},{\"@type\":\"Organization\",\"@id\":\"http:\/\/inspiramar.es\/#organization\",\"name\":\"inspiramar lofts\",\"url\":\"http:\/\/inspiramar.es\/\",\"logo\":{\"@type\":\"ImageObject\",\"inLanguage\":\"fr-FR\",\"@id\":\"http:\/\/inspiramar.es\/#\/schema\/logo\/image\/\",\"url\":\"https:\/\/inspiramar.es\/wp-content\/uploads\/cropped-cropped-horizontal-2-colores.png\",\"contentUrl\":\"https:\/\/inspiramar.es\/wp-content\/uploads\/cropped-cropped-horizontal-2-colores.png\",\"width\":3252,\"height\":621,\"caption\":\"inspiramar lofts\"},\"image\":{\"@id\":\"http:\/\/inspiramar.es\/#\/schema\/logo\/image\/\"},\"sameAs\":[\"https:\/\/www.facebook.com\/inspiramarlofts\",\"https:\/\/www.instagram.com\/inspiramarlofts\/\"]}]}<\/script>\n<!-- \/ Yoast SEO plugin. -->","yoast_head_json":{"title":"Vivez la mer - Inspiramar, votre h\u00e9bergement id\u00e9al pour des exp\u00e9riences romantiques pr\u00e8s de Pe\u00f1\u00edscola","description":"Profitez de la mer \u00e0 Benicarl\u00f3 et ses environs. Plages urbaines, criques et falaises, ainsi que plages naturelles, pour profiter pleinement de votre s\u00e9jour.","robots":{"index":"index","follow":"follow","max-snippet":"max-snippet:-1","max-image-preview":"max-image-preview:large","max-video-preview":"max-video-preview:-1"},"canonical":"https:\/\/inspiramar.es\/fr\/vivir-el-mar\/","og_locale":"fr_FR","og_type":"article","og_title":"Vivir el mar - Inspiramar, tu alojamiento ideal para experiencias rom\u00e1nticas cerca de Pe\u00f1\u00edscola","og_description":"Disfruta del mar en Benicarl\u00f3 y alrededores. Playas urbanas, calas y acantilados y playas naturales para disfrutar durante tu estancia.","og_url":"https:\/\/inspiramar.es\/fr\/vivir-el-mar\/","og_site_name":"Inspiramar, tu alojamiento ideal para experiencias rom\u00e1nticas cerca de Pe\u00f1\u00edscola","article_publisher":"https:\/\/www.facebook.com\/inspiramarlofts","article_modified_time":"2025-09-01T11:51:22+00:00","og_image":[{"width":1200,"height":555,"url":"https:\/\/inspiramar.es\/wp-content\/uploads\/inspiramar-apartamento-vacacional-benicarlo-vivir-el-mar-01.jpg","type":"image\/jpeg"}],"twitter_card":"summary_large_image","twitter_misc":{"Dur\u00e9e de lecture estim\u00e9e":"2 minutes"},"schema":{"@context":"https:\/\/schema.org","@graph":[{"@type":"WebPage","@id":"https:\/\/inspiramar.es\/vivir-el-mar\/","url":"https:\/\/inspiramar.es\/vivir-el-mar\/","name":"Vivez la mer - Inspiramar, votre h\u00e9bergement id\u00e9al pour des exp\u00e9riences romantiques pr\u00e8s de Pe\u00f1\u00edscola","isPartOf":{"@id":"http:\/\/inspiramar.es\/#website"},"primaryImageOfPage":{"@id":"https:\/\/inspiramar.es\/vivir-el-mar\/#primaryimage"},"image":{"@id":"https:\/\/inspiramar.es\/vivir-el-mar\/#primaryimage"},"thumbnailUrl":"https:\/\/inspiramar.es\/wp-content\/uploads\/inspiramar-apartamento-vacacional-benicarlo-vivir-el-mar-01.jpg","datePublished":"2025-06-20T07:22:21+00:00","dateModified":"2025-09-01T11:51:22+00:00","description":"Profitez de la mer \u00e0 Benicarl\u00f3 et ses environs. Plages urbaines, criques et falaises, ainsi que plages naturelles, pour profiter pleinement de votre s\u00e9jour.","breadcrumb":{"@id":"https:\/\/inspiramar.es\/vivir-el-mar\/#breadcrumb"},"inLanguage":"fr-FR","potentialAction":[{"@type":"ReadAction","target":["https:\/\/inspiramar.es\/vivir-el-mar\/"]}]},{"@type":"ImageObject","inLanguage":"fr-FR","@id":"https:\/\/inspiramar.es\/vivir-el-mar\/#primaryimage","url":"https:\/\/inspiramar.es\/wp-content\/uploads\/inspiramar-apartamento-vacacional-benicarlo-vivir-el-mar-01.jpg","contentUrl":"https:\/\/inspiramar.es\/wp-content\/uploads\/inspiramar-apartamento-vacacional-benicarlo-vivir-el-mar-01.jpg"},{"@type":"BreadcrumbList","@id":"https:\/\/inspiramar.es\/vivir-el-mar\/#breadcrumb","itemListElement":[{"@type":"ListItem","position":1,"name":"Portada","item":"https:\/\/inspiramar.es\/"},{"@type":"ListItem","position":2,"name":"Vivir el mar"}]},{"@type":"WebSite","@id":"http:\/\/inspiramar.es\/#website","url":"http:\/\/inspiramar.es\/","name":"inspiramar.es","description":"Appartements loft en bord de mer \u00e0 Benicarl\u00f3","publisher":{"@id":"http:\/\/inspiramar.es\/#organization"},"potentialAction":[{"@type":"SearchAction","target":{"@type":"EntryPoint","urlTemplate":"http:\/\/inspiramar.es\/?s={search_term_string}"},"query-input":{"@type":"PropertyValueSpecification","valueRequired":true,"valueName":"search_term_string"}}],"inLanguage":"fr-FR"},{"@type":"Organization","@id":"http:\/\/inspiramar.es\/#organization","name":"lofts inspiramar","url":"http:\/\/inspiramar.es\/","logo":{"@type":"ImageObject","inLanguage":"fr-FR","@id":"http:\/\/inspiramar.es\/#\/schema\/logo\/image\/","url":"https:\/\/inspiramar.es\/wp-content\/uploads\/cropped-cropped-horizontal-2-colores.png","contentUrl":"https:\/\/inspiramar.es\/wp-content\/uploads\/cropped-cropped-horizontal-2-colores.png","width":3252,"height":621,"caption":"inspiramar lofts"},"image":{"@id":"http:\/\/inspiramar.es\/#\/schema\/logo\/image\/"},"sameAs":["https:\/\/www.facebook.com\/inspiramarlofts","https:\/\/www.instagram.com\/inspiramarlofts\/"]}]}},"_links":{"self":[{"href":"https:\/\/inspiramar.es\/fr\/wp-json\/wp\/v2\/pages\/3770","targetHints":{"allow":["GET"]}}],"collection":[{"href":"https:\/\/inspiramar.es\/fr\/wp-json\/wp\/v2\/pages"}],"about":[{"href":"https:\/\/inspiramar.es\/fr\/wp-json\/wp\/v2\/types\/page"}],"author":[{"embeddable":true,"href":"https:\/\/inspiramar.es\/fr\/wp-json\/wp\/v2\/users\/3"}],"replies":[{"embeddable":true,"href":"https:\/\/inspiramar.es\/fr\/wp-json\/wp\/v2\/comments?post=3770"}],"version-history":[{"count":16,"href":"https:\/\/inspiramar.es\/fr\/wp-json\/wp\/v2\/pages\/3770\/revisions"}],"predecessor-version":[{"id":4579,"href":"https:\/\/inspiramar.es\/fr\/wp-json\/wp\/v2\/pages\/3770\/revisions\/4579"}],"wp:attachment":[{"href":"https:\/\/inspiramar.es\/fr\/wp-json\/wp\/v2\/media?parent=3770"}],"curies":[{"name":"wp","href":"https:\/\/api.w.org\/{rel}","templated":true}]}}