{"id":3646,"date":"2025-06-12T09:38:02","date_gmt":"2025-06-12T07:38:02","guid":{"rendered":"https:\/\/inspiramar.es\/?page_id=3646"},"modified":"2025-09-01T13:10:39","modified_gmt":"2025-09-01T11:10:39","slug":"preguntas-frecuentes","status":"publish","type":"page","link":"https:\/\/inspiramar.es\/fr\/preguntas-frecuentes\/","title":{"rendered":"QUESTIONS FR\u00c9QUEMMENT POS\u00c9ES"},"content":{"rendered":"<div data-elementor-type=\"wp-page\" data-elementor-id=\"3646\" class=\"elementor elementor-3646\" data-elementor-post-type=\"page\">\n\t\t\t\t\t\t<section class=\"elementor-section elementor-top-section elementor-element elementor-element-3bc8376 elementor-section-full_width elementor-section-height-min-height elementor-section-items-top elementor-section-height-default\" data-id=\"3bc8376\" data-element_type=\"section\" data-settings=\"{&quot;background_background&quot;:&quot;classic&quot;}\">\n\t\t\t\t\t\t<div class=\"elementor-container elementor-column-gap-default\">\n\t\t\t\t\t<div class=\"elementor-column elementor-col-100 elementor-top-column elementor-element elementor-element-41d3fa7\" data-id=\"41d3fa7\" data-element_type=\"column\">\n\t\t\t<div class=\"elementor-widget-wrap\">\n\t\t\t\t\t\t\t<\/div>\n\t\t<\/div>\n\t\t\t\t\t<\/div>\n\t\t<\/section>\n\t\t\t\t<section class=\"elementor-section elementor-top-section elementor-element elementor-element-77add9d elementor-section-boxed elementor-section-height-default elementor-section-height-default\" data-id=\"77add9d\" data-element_type=\"section\">\n\t\t\t\t\t\t<div class=\"elementor-container elementor-column-gap-default\">\n\t\t\t\t\t<div class=\"elementor-column elementor-col-100 elementor-top-column elementor-element elementor-element-6b53722\" data-id=\"6b53722\" data-element_type=\"column\">\n\t\t\t<div class=\"elementor-widget-wrap elementor-element-populated\">\n\t\t\t\t\t\t<div class=\"elementor-element elementor-element-4d53c30 elementor-widget elementor-widget-heading\" data-id=\"4d53c30\" data-element_type=\"widget\" data-widget_type=\"heading.default\">\n\t\t\t\t<div class=\"elementor-widget-container\">\n\t\t\t\t\t<h2 class=\"elementor-heading-title elementor-size-default\">INFORMATIONS PRATIQUES EN UN SEUL ENDROIT<\/h2>\t\t\t\t<\/div>\n\t\t\t\t<\/div>\n\t\t\t\t\t<\/div>\n\t\t<\/div>\n\t\t\t\t\t<\/div>\n\t\t<\/section>\n\t\t\t\t<section class=\"elementor-section elementor-top-section elementor-element elementor-element-cf3a601 elementor-section-boxed elementor-section-height-default elementor-section-height-default\" data-id=\"cf3a601\" data-element_type=\"section\">\n\t\t\t\t\t\t<div class=\"elementor-container elementor-column-gap-default\">\n\t\t\t\t\t<div class=\"elementor-column elementor-col-100 elementor-top-column elementor-element elementor-element-90d5890\" data-id=\"90d5890\" data-element_type=\"column\">\n\t\t\t<div class=\"elementor-widget-wrap elementor-element-populated\">\n\t\t\t\t\t\t<div class=\"elementor-element elementor-element-7f06ec0 elementor-widget elementor-widget-heading\" data-id=\"7f06ec0\" data-element_type=\"widget\" data-widget_type=\"heading.default\">\n\t\t\t\t<div class=\"elementor-widget-container\">\n\t\t\t\t\t<h2 class=\"elementor-heading-title elementor-size-default\">O\u00f9 se garer ?<\/h2>\t\t\t\t<\/div>\n\t\t\t\t<\/div>\n\t\t\t\t<div class=\"elementor-element elementor-element-6c91a5b elementor-widget elementor-widget-text-editor\" data-id=\"6c91a5b\" data-element_type=\"widget\" data-widget_type=\"text-editor.default\">\n\t\t\t\t<div class=\"elementor-widget-container\">\n\t\t\t\t\t\t\t\t\t<p>Il existe plusieurs parkings gratuits \u00e0 proximit\u00e9 o\u00f9 vous pouvez laisser votre voiture sans probl\u00e8me :<\/p><ul><li>Juste en face, \u00e0 l&#039;\u00e9cole de voile (petite maison en bois en face d&#039;Inspiramar).<\/li><li>Dans les environs de Marina Benicarl\u00f3.<\/li><li>Sur l&#039;avenue Marqu\u00e9s de Benicarl\u00f3.<\/li><li>Sur la rue Cristo del Mar.<\/li><li>Sur le parking public devant le March\u00e9 aux Poissons.<\/li><\/ul>\t\t\t\t\t\t\t\t<\/div>\n\t\t\t\t<\/div>\n\t\t\t\t<div class=\"elementor-element elementor-element-42aff2a elementor-widget-divider--view-line elementor-widget elementor-widget-divider\" data-id=\"42aff2a\" data-element_type=\"widget\" data-widget_type=\"divider.default\">\n\t\t\t\t<div class=\"elementor-widget-container\">\n\t\t\t\t\t\t\t<div class=\"elementor-divider\">\n\t\t\t<span class=\"elementor-divider-separator\">\n\t\t\t\t\t\t<\/span>\n\t\t<\/div>\n\t\t\t\t\t\t<\/div>\n\t\t\t\t<\/div>\n\t\t\t\t<div class=\"elementor-element elementor-element-066f98e elementor-widget elementor-widget-heading\" data-id=\"066f98e\" data-element_type=\"widget\" data-widget_type=\"heading.default\">\n\t\t\t\t<div class=\"elementor-widget-container\">\n\t\t\t\t\t<h2 class=\"elementor-heading-title elementor-size-default\">Comment y arriver ?<\/h2>\t\t\t\t<\/div>\n\t\t\t\t<\/div>\n\t\t\t\t<div class=\"elementor-element elementor-element-ec43f08 elementor-widget elementor-widget-text-editor\" data-id=\"ec43f08\" data-element_type=\"widget\" data-widget_type=\"text-editor.default\">\n\t\t\t\t<div class=\"elementor-widget-container\">\n\t\t\t\t\t\t\t\t\t<p align=\"left\"><strong>En voiture:<\/strong><\/p>\n<ul>\n<li>\n<p align=\"left\">Depuis Barcelone ou Valence, prenez l&#039;autoroute AP-7 (sortie 43 Pe\u00f1\u00edscola-Benicarl\u00f3). Vous pouvez \u00e9galement emprunter la N-340. Depuis le nord de l&#039;Espagne, prenez l&#039;A-68 et la N-232 jusqu&#039;\u00e0 Vinar\u00f2s, puis rejoignez la N-340 jusqu&#039;\u00e0 Benicarl\u00f3, en direction de Castell\u00f3.<\/p>\n<\/li>\n<\/ul>\n<p align=\"left\"><strong>En train :<\/strong><\/p>\n<ul>\n<li>\n<p align=\"left\"><span style=\"color: #1a6c7a;\"><a style=\"color: #1a6c7a;\" href=\"https:\/\/goo.gl\/maps\/X8GqHv5dSQ5LRs6J9\" target=\"_blank\" rel=\"noopener\"><u>Gare de Benicarl\u00f3-Pe\u00f1\u00edscola (2,2 km de Inspiramar)<\/u><\/a><\/span> Pl. de l&#039;Estaci\u00f3n s\/n, Benicarl\u00f3. T\u00e9l. 902 320 320. Consultez les horaires au <span style=\"color: #1a6c7a;\"><a style=\"color: #1a6c7a;\" href=\"https:\/\/www.renfe.com\/\" target=\"_blank\" rel=\"noopener\">www.renfe.com.<\/a>&nbsp;<\/span>Depuis Barcelone, vous avez 4\/5 d\u00e9parts quotidiens aller\/retour avec des trains R\u00e9gionaux, Intercit\u00e9s, Talgo ou Alvia.<\/p>\n<\/li>\n<li>\n<p align=\"left\">Depuis Valence, vous avez plus de 10 d\u00e9parts quotidiens vers et depuis la ville en trains r\u00e9gionaux, interurbains, Talgo ou Alvia.<\/p>\n<\/li>\n<li>\n<p align=\"left\">Depuis Madrid\u00a0: arr\u00eats \u00e0 Castell\u00f3n de la Plana et Valence selon l&#039;itin\u00e9raire. En l&#039;absence de service AVE direct, vous pouvez effectuer des correspondances vers\/depuis Valence via des services AVE r\u00e9gionaux, interurbains, etc. Des services AVE interurbains permettent de relier Madrid \u00e0 Benicarl\u00f3 en moins de 4\u00a0heures.<\/p>\n<\/li>\n<\/ul>\n<p align=\"left\"><strong>Par avion :<\/strong><\/p>\n<ul>\n<li>A\u00e9roport de Barcelone : deux heures en voiture, soit 234 km au total. <span style=\"color: #1a6c7a;\"><a style=\"color: #1a6c7a;\" href=\"https:\/\/goo.gl\/maps\/4giv2QAVBMSfbdD88\" target=\"_blank\" rel=\"noopener\"><u>Voir l&#039;itin\u00e9raire.<\/u><\/a><\/span><\/li>\n<li>A\u00e9roport de Valence : 1 heure et 20 minutes en voiture, soit 146 km au total.<span style=\"color: #1a6c7a;\"> <a style=\"color: #1a6c7a;\" href=\"https:\/\/goo.gl\/maps\/vuaJ1nymx5gV93jX6\" target=\"_blank\" rel=\"noopener\"><u>Voir l&#039;itin\u00e9raire.<\/u><\/a><\/span><\/li>\n<li>A\u00e9roport de Reus : une heure et quinze minutes en voiture, soit un total de 115 km. <span style=\"color: #1a6c7a;\"><a style=\"color: #1a6c7a;\" href=\"https:\/\/goo.gl\/maps\/vuaJ1nymx5gV93jX6\" target=\"_blank\" rel=\"noopener\"><u>Voir l&#039;itin\u00e9raire.<\/u><\/a><\/span><\/li>\n<li>A\u00e9roport de Castell\u00f3 : 30 minutes en voiture, soit 47 km au total. <span style=\"color: #1a6c7a;\"><a style=\"color: #1a6c7a;\" href=\"https:\/\/goo.gl\/maps\/wnhQgiKamvbGFiFX9\" target=\"_blank\" rel=\"noopener\"><u>Voir l&#039;itin\u00e9raire.<\/u><\/a><\/span><\/li>\n<\/ul>\n<p align=\"left\"><strong>En bateau :<\/strong><\/p>\n<p align=\"left\">Si vous voyagez en bateau, juste en face d&#039;Inspiramar, dans la marina de Benicarl\u00f3, se trouve la Marina Benicarl\u00f3 (LATITUDE 40\u00ba 24\u2032 5 N, LONGITUDE 000\u00ba 26\u2032 E). Elle dispose de 300 postes d&#039;amarrage avec services nautiques complets, \u00e0 seulement 3 milles nautiques de Pe\u00f1\u00edscola. Contactez la capitainerie locale. <span style=\"color: #1a6c7a;\"><a style=\"color: #1a6c7a;\" href=\"mailto:info@marinabenicarlo.com\" target=\"_blank\" rel=\"noopener\"><u>info@marinabenicarlo.com,<\/u><\/a><\/span> <span style=\"color: #1a6c7a;\"><a style=\"color: #1a6c7a;\" href=\"http:\/\/www.marinabenicarlo.com\/\" target=\"_blank\" rel=\"noopener\"><u>www.marinabenicarlo.com<\/u><\/a><\/span> ou appelez le 964 46 23 30 pour r\u00e9server votre place.<\/p>\n<p align=\"left\">Heures d&#039;ouverture :<\/p>\n<ul>\n<li>\n<p align=\"left\">DU LUNDI AU SAMEDI DE 9H00 \u00c0 14H00 ET DE 16H00 \u00c0 19H00.<\/p>\n<\/li>\n<li>\n<p align=\"left\">DIMANCHES ET JOURS F\u00c9RI\u00c9S DE 9H00 \u00c0 14H00.<\/p>\n<\/li>\n<\/ul>\n<p align=\"left\">D\u00e9couvrez les r\u00e9ductions sp\u00e9ciales dans les lofts Inspiramar pour les clients de Marina Benicarl\u00f3 !<\/p>\n<p align=\"left\"><strong>En bus<\/strong><\/p>\n<ul>\n<li>Castell\u00f3n et sa province : Voitures m\u00e9diterran\u00e9ennes<br><span style=\"color: #1a6c7a;\"><a style=\"color: #1a6c7a;\" href=\"https:\/\/www.autosmediterraneo.com\/wp-content\/uploads\/2020\/09\/28.09-VINAR%C3%92S-BENICARL%C3%93-PE%C3%91ISCOLA1.pdf\" target=\"_blank\" rel=\"noopener\">Ligne Castell\u00f3n-Vinar\u00f2s<\/a><\/span><br><a href=\"https:\/\/www.autosmediterraneo.com\/wp-content\/uploads\/2020\/09\/28.09-ALBOCASSER-BENICARL%C3%93.pdf\" target=\"_blank\" rel=\"noopener\"><span style=\"color: #1a6c7a;\">Ligne Benicarl\u00f3-Alboc\u00e0sser<\/span><\/a><br>Arr\u00eat Benicarl\u00f3 : Casal-Couvent de San Francisco<\/li>\n<li>Valence, Castell\u00f3n, Barcelone, Saragosse, Tarragone, Pampelune, Saint-S\u00e9bastien, Santander, Bilbao, Vitoria, Port Aventura, Sant Carles, Amposta, Tortosa, Salou : entra\u00eeneurs HIFE<br><span style=\"color: #1a6c7a;\"><a style=\"color: #1a6c7a;\" href=\"https:\/\/www.hife.es\/\" target=\"_blank\" rel=\"noopener\">www.hife.es<\/a><\/span><br>T\u00e9l. 902 119 814<br>hife@hife.es<br>Arr\u00eat Benicarl\u00f3 : Casal-Couvent de San Francisco<\/li>\n<li>Madrid : Avanza Bus<br><a href=\"https:\/\/www.avanzabus.com\/\" target=\"_blank\" rel=\"noopener\"><span style=\"color: #1a6c7a;\">www.avanzabus.com<\/span><\/a><br>T\u00e9l. 912 72 28 32<br>informacion@avanzabus.com<br>Arr\u00eat Benicarl\u00f3 : Place de la Constitution<\/li>\n<\/ul>\t\t\t\t\t\t\t\t<\/div>\n\t\t\t\t<\/div>\n\t\t\t\t<div class=\"elementor-element elementor-element-b2fca08 elementor-widget-divider--view-line elementor-widget elementor-widget-divider\" data-id=\"b2fca08\" data-element_type=\"widget\" data-widget_type=\"divider.default\">\n\t\t\t\t<div class=\"elementor-widget-container\">\n\t\t\t\t\t\t\t<div class=\"elementor-divider\">\n\t\t\t<span class=\"elementor-divider-separator\">\n\t\t\t\t\t\t<\/span>\n\t\t<\/div>\n\t\t\t\t\t\t<\/div>\n\t\t\t\t<\/div>\n\t\t\t\t<div class=\"elementor-element elementor-element-7eb30ab elementor-widget elementor-widget-heading\" data-id=\"7eb30ab\" data-element_type=\"widget\" data-widget_type=\"heading.default\">\n\t\t\t\t<div class=\"elementor-widget-container\">\n\t\t\t\t\t<h2 class=\"elementor-heading-title elementor-size-default\">R\u00e8gles de base<\/h2>\t\t\t\t<\/div>\n\t\t\t\t<\/div>\n\t\t\t\t<div class=\"elementor-element elementor-element-0cf87ec elementor-widget elementor-widget-text-editor\" data-id=\"0cf87ec\" data-element_type=\"widget\" data-widget_type=\"text-editor.default\">\n\t\t\t\t<div class=\"elementor-widget-container\">\n\t\t\t\t\t\t\t\t\t<ul><li aria-level=\"1\">Il est interdit de fumer \u00e0 l&#039;int\u00e9rieur des appartements.<\/li><li aria-level=\"1\">Les animaux de compagnie ne sont pas admis (nous vous recommandons de consulter les options d&#039;h\u00f4tel acceptant les animaux de compagnie Can Pou de l&#039;Olla \u00e0 Benicarl\u00f3).<\/li><li aria-level=\"1\">Les f\u00eates ne sont pas autoris\u00e9es.<\/li><li aria-level=\"1\">Il est interdit d&#039;occuper l&#039;appartement avec plus de personnes que d\u00e9clar\u00e9.<\/li><li aria-level=\"1\">Le mobilier et les installations doivent \u00eatre entretenus et utilis\u00e9s de mani\u00e8re appropri\u00e9e (caution de 100 \u20ac demand\u00e9e \u00e0 cet effet).<\/li><\/ul>\t\t\t\t\t\t\t\t<\/div>\n\t\t\t\t<\/div>\n\t\t\t\t<div class=\"elementor-element elementor-element-d842017 elementor-widget-divider--view-line elementor-widget elementor-widget-divider\" data-id=\"d842017\" data-element_type=\"widget\" data-widget_type=\"divider.default\">\n\t\t\t\t<div class=\"elementor-widget-container\">\n\t\t\t\t\t\t\t<div class=\"elementor-divider\">\n\t\t\t<span class=\"elementor-divider-separator\">\n\t\t\t\t\t\t<\/span>\n\t\t<\/div>\n\t\t\t\t\t\t<\/div>\n\t\t\t\t<\/div>\n\t\t\t\t<div class=\"elementor-element elementor-element-06f4e14 elementor-widget elementor-widget-heading\" data-id=\"06f4e14\" data-element_type=\"widget\" data-widget_type=\"heading.default\">\n\t\t\t\t<div class=\"elementor-widget-container\">\n\t\t\t\t\t<h2 class=\"elementor-heading-title elementor-size-default\">Enregistrement<\/h2>\t\t\t\t<\/div>\n\t\t\t\t<\/div>\n\t\t\t\t<div class=\"elementor-element elementor-element-3bcca64 elementor-widget elementor-widget-text-editor\" data-id=\"3bcca64\" data-element_type=\"widget\" data-widget_type=\"text-editor.default\">\n\t\t\t\t<div class=\"elementor-widget-container\">\n\t\t\t\t\t\t\t\t\t<p>Conscients des inconv\u00e9nients li\u00e9s \u00e0 la remise des cl\u00e9s de l&#039;appartement \u00e0 votre arriv\u00e9e, aux d\u00e9placements vers un bureau \u00e9loign\u00e9 pour l&#039;enregistrement ou aux files d&#039;attente \u00e0 la r\u00e9ception apr\u00e8s un voyage fatigant, nous avons mis en place le syst\u00e8me de codes s\u00e9curis\u00e9s, fabriqu\u00e9 \u00e0 Barcelone par MEnginyeria. Avant votre arriv\u00e9e, vous recevrez un code \u00e0 six chiffres qui vous permettra d&#039;acc\u00e9der \u00e0 l&#039;immeuble et \u00e0 votre loft quand vous le souhaitez. Ces codes sont g\u00e9n\u00e9r\u00e9s al\u00e9atoirement et valables uniquement pendant votre s\u00e9jour, ce qui les rend totalement s\u00e9curis\u00e9s. Ainsi, vous n&#039;aurez plus \u00e0 vous soucier de vos cl\u00e9s et vous \u00e9viterez de les oublier ou de les perdre.<\/p>\t\t\t\t\t\t\t\t<\/div>\n\t\t\t\t<\/div>\n\t\t\t\t\t<\/div>\n\t\t<\/div>\n\t\t\t\t\t<\/div>\n\t\t<\/section>\n\t\t\t\t<\/div>","protected":false},"excerpt":{"rendered":"<p>INFORMACI\u00d3N PR\u00c1CTICA EN UN SOLO LUGAR \u00bfD\u00f3nde aparcar? Hay varias zonas gratuitas muy cerca donde podr\u00e1s dejar el coche sin complicaciones: Justo delante, en la escuela de vela (casita de madera frente a Inspiramar). En los alrededores de Marina Benicarl\u00f3. En la Avenida Marqu\u00e9s de Benicarl\u00f3. En la Calle Cristo del Mar. En el aparcamiento [&hellip;]<\/p>","protected":false},"author":3,"featured_media":0,"parent":0,"menu_order":0,"comment_status":"closed","ping_status":"closed","template":"","meta":{"_acf_changed":false,"site-sidebar-layout":"no-sidebar","site-content-layout":"page-builder","ast-site-content-layout":"full-width-container","site-content-style":"default","site-sidebar-style":"default","ast-global-header-display":"","ast-banner-title-visibility":"","ast-main-header-display":"","ast-hfb-above-header-display":"","ast-hfb-below-header-display":"","ast-hfb-mobile-header-display":"","site-post-title":"disabled","ast-breadcrumbs-content":"","ast-featured-img":"disabled","footer-sml-layout":"","theme-transparent-header-meta":"","adv-header-id-meta":"","stick-header-meta":"","header-above-stick-meta":"","header-main-stick-meta":"","header-below-stick-meta":"","astra-migrate-meta-layouts":"set","ast-page-background-enabled":"default","ast-page-background-meta":{"desktop":{"background-color":"","background-image":"","background-repeat":"repeat","background-position":"center center","background-size":"auto","background-attachment":"scroll","background-type":"","background-media":"","overlay-type":"","overlay-color":"","overlay-gradient":""},"tablet":{"background-color":"","background-image":"","background-repeat":"repeat","background-position":"center center","background-size":"auto","background-attachment":"scroll","background-type":"","background-media":"","overlay-type":"","overlay-color":"","overlay-gradient":""},"mobile":{"background-color":"","background-image":"","background-repeat":"repeat","background-position":"center center","background-size":"auto","background-attachment":"scroll","background-type":"","background-media":"","overlay-type":"","overlay-color":"","overlay-gradient":""}},"ast-content-background-meta":{"desktop":{"background-color":"var(--ast-global-color-5)","background-image":"","background-repeat":"repeat","background-position":"center center","background-size":"auto","background-attachment":"scroll","background-type":"","background-media":"","overlay-type":"","overlay-color":"","overlay-gradient":""},"tablet":{"background-color":"var(--ast-global-color-5)","background-image":"","background-repeat":"repeat","background-position":"center center","background-size":"auto","background-attachment":"scroll","background-type":"","background-media":"","overlay-type":"","overlay-color":"","overlay-gradient":""},"mobile":{"background-color":"var(--ast-global-color-5)","background-image":"","background-repeat":"repeat","background-position":"center center","background-size":"auto","background-attachment":"scroll","background-type":"","background-media":"","overlay-type":"","overlay-color":"","overlay-gradient":""}},"_joinchat":[],"footnotes":""},"class_list":["post-3646","page","type-page","status-publish","hentry"],"acf":[],"yoast_head":"<!-- This site is optimized with the Yoast SEO plugin v26.0 - https:\/\/yoast.com\/wordpress\/plugins\/seo\/ -->\n<title>PREGUNTAS FRECUENTES - Inspiramar, tu alojamiento ideal para experiencias rom\u00e1nticas cerca de Pe\u00f1\u00edscola<\/title>\n<meta name=\"description\" content=\"Preguntas frecuentes sobre Inspiramar. Toda la informaci\u00f3n pr\u00e1ctica que necesitas sobre los lofts, Benicarl\u00f3 y sus alrededores.\" \/>\n<meta name=\"robots\" content=\"index, follow, max-snippet:-1, max-image-preview:large, max-video-preview:-1\" \/>\n<link rel=\"canonical\" href=\"https:\/\/inspiramar.es\/fr\/preguntas-frecuentes\/\" \/>\n<meta property=\"og:locale\" content=\"fr_FR\" \/>\n<meta property=\"og:type\" content=\"article\" \/>\n<meta property=\"og:title\" content=\"PREGUNTAS FRECUENTES - Inspiramar, tu alojamiento ideal para experiencias rom\u00e1nticas cerca de Pe\u00f1\u00edscola\" \/>\n<meta property=\"og:description\" content=\"Preguntas frecuentes sobre Inspiramar. Toda la informaci\u00f3n pr\u00e1ctica que necesitas sobre los lofts, Benicarl\u00f3 y sus alrededores.\" \/>\n<meta property=\"og:url\" content=\"https:\/\/inspiramar.es\/fr\/preguntas-frecuentes\/\" \/>\n<meta property=\"og:site_name\" content=\"Inspiramar, tu alojamiento ideal para experiencias rom\u00e1nticas cerca de Pe\u00f1\u00edscola\" \/>\n<meta property=\"article:publisher\" content=\"https:\/\/www.facebook.com\/inspiramarlofts\" \/>\n<meta property=\"article:modified_time\" content=\"2025-09-01T11:10:39+00:00\" \/>\n<meta name=\"twitter:card\" content=\"summary_large_image\" \/>\n<meta name=\"twitter:label1\" content=\"Dur\u00e9e de lecture estim\u00e9e\" \/>\n\t<meta name=\"twitter:data1\" content=\"3 minutes\" \/>\n<script type=\"application\/ld+json\" class=\"yoast-schema-graph\">{\"@context\":\"https:\/\/schema.org\",\"@graph\":[{\"@type\":\"WebPage\",\"@id\":\"https:\/\/inspiramar.es\/preguntas-frecuentes\/\",\"url\":\"https:\/\/inspiramar.es\/preguntas-frecuentes\/\",\"name\":\"PREGUNTAS FRECUENTES - Inspiramar, tu alojamiento ideal para experiencias rom\u00e1nticas cerca de Pe\u00f1\u00edscola\",\"isPartOf\":{\"@id\":\"http:\/\/inspiramar.es\/#website\"},\"datePublished\":\"2025-06-12T07:38:02+00:00\",\"dateModified\":\"2025-09-01T11:10:39+00:00\",\"description\":\"Preguntas frecuentes sobre Inspiramar. Toda la informaci\u00f3n pr\u00e1ctica que necesitas sobre los lofts, Benicarl\u00f3 y sus alrededores.\",\"breadcrumb\":{\"@id\":\"https:\/\/inspiramar.es\/preguntas-frecuentes\/#breadcrumb\"},\"inLanguage\":\"fr-FR\",\"potentialAction\":[{\"@type\":\"ReadAction\",\"target\":[\"https:\/\/inspiramar.es\/preguntas-frecuentes\/\"]}]},{\"@type\":\"BreadcrumbList\",\"@id\":\"https:\/\/inspiramar.es\/preguntas-frecuentes\/#breadcrumb\",\"itemListElement\":[{\"@type\":\"ListItem\",\"position\":1,\"name\":\"Portada\",\"item\":\"https:\/\/inspiramar.es\/\"},{\"@type\":\"ListItem\",\"position\":2,\"name\":\"PREGUNTAS FRECUENTES\"}]},{\"@type\":\"WebSite\",\"@id\":\"http:\/\/inspiramar.es\/#website\",\"url\":\"http:\/\/inspiramar.es\/\",\"name\":\"inspiramar.es\",\"description\":\"Apartamentos Loft a primera linea de mar en Benicarl\u00f3\",\"publisher\":{\"@id\":\"http:\/\/inspiramar.es\/#organization\"},\"potentialAction\":[{\"@type\":\"SearchAction\",\"target\":{\"@type\":\"EntryPoint\",\"urlTemplate\":\"http:\/\/inspiramar.es\/?s={search_term_string}\"},\"query-input\":{\"@type\":\"PropertyValueSpecification\",\"valueRequired\":true,\"valueName\":\"search_term_string\"}}],\"inLanguage\":\"fr-FR\"},{\"@type\":\"Organization\",\"@id\":\"http:\/\/inspiramar.es\/#organization\",\"name\":\"inspiramar lofts\",\"url\":\"http:\/\/inspiramar.es\/\",\"logo\":{\"@type\":\"ImageObject\",\"inLanguage\":\"fr-FR\",\"@id\":\"http:\/\/inspiramar.es\/#\/schema\/logo\/image\/\",\"url\":\"https:\/\/inspiramar.es\/wp-content\/uploads\/cropped-cropped-horizontal-2-colores.png\",\"contentUrl\":\"https:\/\/inspiramar.es\/wp-content\/uploads\/cropped-cropped-horizontal-2-colores.png\",\"width\":3252,\"height\":621,\"caption\":\"inspiramar lofts\"},\"image\":{\"@id\":\"http:\/\/inspiramar.es\/#\/schema\/logo\/image\/\"},\"sameAs\":[\"https:\/\/www.facebook.com\/inspiramarlofts\",\"https:\/\/www.instagram.com\/inspiramarlofts\/\"]}]}<\/script>\n<!-- \/ Yoast SEO plugin. -->","yoast_head_json":{"title":"FAQ - Inspiramar, votre h\u00e9bergement id\u00e9al pour des exp\u00e9riences romantiques pr\u00e8s de Pe\u00f1\u00edscola","description":"Questions fr\u00e9quentes sur Inspiramar. Toutes les informations pratiques sur les lofts, Benicarl\u00f3 et ses environs.","robots":{"index":"index","follow":"follow","max-snippet":"max-snippet:-1","max-image-preview":"max-image-preview:large","max-video-preview":"max-video-preview:-1"},"canonical":"https:\/\/inspiramar.es\/fr\/preguntas-frecuentes\/","og_locale":"fr_FR","og_type":"article","og_title":"PREGUNTAS FRECUENTES - Inspiramar, tu alojamiento ideal para experiencias rom\u00e1nticas cerca de Pe\u00f1\u00edscola","og_description":"Preguntas frecuentes sobre Inspiramar. Toda la informaci\u00f3n pr\u00e1ctica que necesitas sobre los lofts, Benicarl\u00f3 y sus alrededores.","og_url":"https:\/\/inspiramar.es\/fr\/preguntas-frecuentes\/","og_site_name":"Inspiramar, tu alojamiento ideal para experiencias rom\u00e1nticas cerca de Pe\u00f1\u00edscola","article_publisher":"https:\/\/www.facebook.com\/inspiramarlofts","article_modified_time":"2025-09-01T11:10:39+00:00","twitter_card":"summary_large_image","twitter_misc":{"Dur\u00e9e de lecture estim\u00e9e":"3 minutes"},"schema":{"@context":"https:\/\/schema.org","@graph":[{"@type":"WebPage","@id":"https:\/\/inspiramar.es\/preguntas-frecuentes\/","url":"https:\/\/inspiramar.es\/preguntas-frecuentes\/","name":"FAQ - Inspiramar, votre h\u00e9bergement id\u00e9al pour des exp\u00e9riences romantiques pr\u00e8s de Pe\u00f1\u00edscola","isPartOf":{"@id":"http:\/\/inspiramar.es\/#website"},"datePublished":"2025-06-12T07:38:02+00:00","dateModified":"2025-09-01T11:10:39+00:00","description":"Questions fr\u00e9quentes sur Inspiramar. Toutes les informations pratiques sur les lofts, Benicarl\u00f3 et ses environs.","breadcrumb":{"@id":"https:\/\/inspiramar.es\/preguntas-frecuentes\/#breadcrumb"},"inLanguage":"fr-FR","potentialAction":[{"@type":"ReadAction","target":["https:\/\/inspiramar.es\/preguntas-frecuentes\/"]}]},{"@type":"BreadcrumbList","@id":"https:\/\/inspiramar.es\/preguntas-frecuentes\/#breadcrumb","itemListElement":[{"@type":"ListItem","position":1,"name":"Portada","item":"https:\/\/inspiramar.es\/"},{"@type":"ListItem","position":2,"name":"PREGUNTAS FRECUENTES"}]},{"@type":"WebSite","@id":"http:\/\/inspiramar.es\/#website","url":"http:\/\/inspiramar.es\/","name":"inspiramar.es","description":"Appartements loft en bord de mer \u00e0 Benicarl\u00f3","publisher":{"@id":"http:\/\/inspiramar.es\/#organization"},"potentialAction":[{"@type":"SearchAction","target":{"@type":"EntryPoint","urlTemplate":"http:\/\/inspiramar.es\/?s={search_term_string}"},"query-input":{"@type":"PropertyValueSpecification","valueRequired":true,"valueName":"search_term_string"}}],"inLanguage":"fr-FR"},{"@type":"Organization","@id":"http:\/\/inspiramar.es\/#organization","name":"lofts inspiramar","url":"http:\/\/inspiramar.es\/","logo":{"@type":"ImageObject","inLanguage":"fr-FR","@id":"http:\/\/inspiramar.es\/#\/schema\/logo\/image\/","url":"https:\/\/inspiramar.es\/wp-content\/uploads\/cropped-cropped-horizontal-2-colores.png","contentUrl":"https:\/\/inspiramar.es\/wp-content\/uploads\/cropped-cropped-horizontal-2-colores.png","width":3252,"height":621,"caption":"inspiramar lofts"},"image":{"@id":"http:\/\/inspiramar.es\/#\/schema\/logo\/image\/"},"sameAs":["https:\/\/www.facebook.com\/inspiramarlofts","https:\/\/www.instagram.com\/inspiramarlofts\/"]}]}},"_links":{"self":[{"href":"https:\/\/inspiramar.es\/fr\/wp-json\/wp\/v2\/pages\/3646","targetHints":{"allow":["GET"]}}],"collection":[{"href":"https:\/\/inspiramar.es\/fr\/wp-json\/wp\/v2\/pages"}],"about":[{"href":"https:\/\/inspiramar.es\/fr\/wp-json\/wp\/v2\/types\/page"}],"author":[{"embeddable":true,"href":"https:\/\/inspiramar.es\/fr\/wp-json\/wp\/v2\/users\/3"}],"replies":[{"embeddable":true,"href":"https:\/\/inspiramar.es\/fr\/wp-json\/wp\/v2\/comments?post=3646"}],"version-history":[{"count":28,"href":"https:\/\/inspiramar.es\/fr\/wp-json\/wp\/v2\/pages\/3646\/revisions"}],"predecessor-version":[{"id":4565,"href":"https:\/\/inspiramar.es\/fr\/wp-json\/wp\/v2\/pages\/3646\/revisions\/4565"}],"wp:attachment":[{"href":"https:\/\/inspiramar.es\/fr\/wp-json\/wp\/v2\/media?parent=3646"}],"curies":[{"name":"wp","href":"https:\/\/api.w.org\/{rel}","templated":true}]}}