{"id":3709,"date":"2025-06-13T09:20:13","date_gmt":"2025-06-13T07:20:13","guid":{"rendered":"https:\/\/inspiramar.es\/?page_id=3709"},"modified":"2025-09-01T13:08:21","modified_gmt":"2025-09-01T11:08:21","slug":"couples","status":"publish","type":"page","link":"https:\/\/inspiramar.es\/en\/couples\/","title":{"rendered":"COUPLES"},"content":{"rendered":"<div data-elementor-type=\"wp-page\" data-elementor-id=\"3709\" class=\"elementor elementor-3709\" data-elementor-post-type=\"page\">\n\t\t\t\t\t\t<section class=\"elementor-section elementor-top-section elementor-element elementor-element-3bc8376 elementor-section-full_width elementor-section-height-min-height elementor-section-items-top elementor-section-height-default\" data-id=\"3bc8376\" data-element_type=\"section\" data-settings=\"{&quot;background_background&quot;:&quot;classic&quot;}\">\n\t\t\t\t\t\t<div class=\"elementor-container elementor-column-gap-default\">\n\t\t\t\t\t<div class=\"elementor-column elementor-col-100 elementor-top-column elementor-element elementor-element-41d3fa7\" data-id=\"41d3fa7\" data-element_type=\"column\">\n\t\t\t<div class=\"elementor-widget-wrap\">\n\t\t\t\t\t\t\t<\/div>\n\t\t<\/div>\n\t\t\t\t\t<\/div>\n\t\t<\/section>\n\t\t\t\t<section class=\"elementor-section elementor-top-section elementor-element elementor-element-77add9d elementor-section-boxed elementor-section-height-default elementor-section-height-default\" data-id=\"77add9d\" data-element_type=\"section\">\n\t\t\t\t\t\t<div class=\"elementor-container elementor-column-gap-default\">\n\t\t\t\t\t<div class=\"elementor-column elementor-col-100 elementor-top-column elementor-element elementor-element-6b53722\" data-id=\"6b53722\" data-element_type=\"column\">\n\t\t\t<div class=\"elementor-widget-wrap elementor-element-populated\">\n\t\t\t\t\t\t<div class=\"elementor-element elementor-element-4d53c30 elementor-widget elementor-widget-heading\" data-id=\"4d53c30\" data-element_type=\"widget\" data-widget_type=\"heading.default\">\n\t\t\t\t<div class=\"elementor-widget-container\">\n\t\t\t\t\t<h2 class=\"elementor-heading-title elementor-size-default\">COUPLES<\/h2>\t\t\t\t<\/div>\n\t\t\t\t<\/div>\n\t\t\t\t<div class=\"elementor-element elementor-element-6a5dfaf elementor-widget elementor-widget-heading\" data-id=\"6a5dfaf\" data-element_type=\"widget\" data-widget_type=\"heading.default\">\n\t\t\t\t<div class=\"elementor-widget-container\">\n\t\t\t\t\t<h2 class=\"elementor-heading-title elementor-size-default\">Love, taste, discover. The perfect plan for a couple&#039;s trip.<\/h2>\t\t\t\t<\/div>\n\t\t\t\t<\/div>\n\t\t\t\t\t<\/div>\n\t\t<\/div>\n\t\t\t\t\t<\/div>\n\t\t<\/section>\n\t\t\t\t<section class=\"elementor-section elementor-top-section elementor-element elementor-element-cf3a601 elementor-section-boxed elementor-section-height-default elementor-section-height-default\" data-id=\"cf3a601\" data-element_type=\"section\">\n\t\t\t\t\t\t<div class=\"elementor-container elementor-column-gap-default\">\n\t\t\t\t\t<div class=\"elementor-column elementor-col-100 elementor-top-column elementor-element elementor-element-90d5890\" data-id=\"90d5890\" data-element_type=\"column\">\n\t\t\t<div class=\"elementor-widget-wrap elementor-element-populated\">\n\t\t\t\t\t\t<div class=\"elementor-element elementor-element-6c91a5b elementor-widget elementor-widget-text-editor\" data-id=\"6c91a5b\" data-element_type=\"widget\" data-widget_type=\"text-editor.default\">\n\t\t\t\t<div class=\"elementor-widget-container\">\n\t\t\t\t\t\t\t\t\t<p>If you&#039;re looking for a peaceful, charming spot by the sea, Inspiramar offers the perfect escape for you and your partner. Our two unique lofts provide the privacy, tranquility, and seclusion you need to fill yourselves with emotions, flavors, and new experiences together. Benicarl\u00f3 is also a destination that has escaped mass tourism, and the Maestrat region is, fortunately, a whole world still authentic and waiting to be discovered, with beautiful landscapes, impressive cuisine, and natural beaches far from the crowds.<\/p>\n<p>We know it&#039;s not easy to surprise your partner. Giving experiences as gifts is one of the best ways to ensure you surprise the one you love most. Perhaps that&#039;s why many of our travel-loving friends have chosen Inspiramar as a special gift: a romantic getaway to a destination not too far away, but still undiscovered\u2026 Away from the crowds, where you can truly relax\u2026<\/p>\n<p>At Inspiramar, you&#039;ll find charming, affordable beachfront accommodations. If you&#039;re looking for privacy and tranquility for your romantic getaway, an exclusive hotel, away from the crowds and without time constraints, is probably the perfect solution. Large hotels don&#039;t fit this description and tend to cater more to families. That&#039;s why we&#039;re convinced Inspiramar is an excellent choice.<\/p>\t\t\t\t\t\t\t\t<\/div>\n\t\t\t\t<\/div>\n\t\t\t\t<section class=\"elementor-section elementor-inner-section elementor-element elementor-element-99a7344 animated-slow elementor-section-boxed elementor-section-height-default elementor-section-height-default elementor-invisible\" data-id=\"99a7344\" data-element_type=\"section\" data-settings=\"{&quot;animation&quot;:&quot;fadeInUp&quot;}\">\n\t\t\t\t\t\t<div class=\"elementor-container elementor-column-gap-default\">\n\t\t\t\t\t<div class=\"elementor-column elementor-col-50 elementor-inner-column elementor-element elementor-element-d3e6ad7\" data-id=\"d3e6ad7\" data-element_type=\"column\">\n\t\t\t<div class=\"elementor-widget-wrap elementor-element-populated\">\n\t\t\t\t\t\t<div class=\"elementor-element elementor-element-928e1bb elementor-widget elementor-widget-image\" data-id=\"928e1bb\" data-element_type=\"widget\" data-widget_type=\"image.default\">\n\t\t\t\t<div class=\"elementor-widget-container\">\n\t\t\t\t\t\t\t\t\t\t\t\t\t\t\t<img fetchpriority=\"high\" decoding=\"async\" width=\"1200\" height=\"800\" src=\"https:\/\/inspiramar.es\/wp-content\/uploads\/inspiramar-apartamento-vacacional-benicarlo-peniscola-parejas-01.jpg\" class=\"attachment-full size-full wp-image-3713\" alt=\"Inspiramar. Beachfront holiday apartment.\" srcset=\"https:\/\/inspiramar.es\/wp-content\/uploads\/inspiramar-apartamento-vacacional-benicarlo-peniscola-parejas-01.jpg 1200w, https:\/\/inspiramar.es\/wp-content\/uploads\/inspiramar-apartamento-vacacional-benicarlo-peniscola-parejas-01-300x200.jpg 300w, https:\/\/inspiramar.es\/wp-content\/uploads\/inspiramar-apartamento-vacacional-benicarlo-peniscola-parejas-01-1024x683.jpg 1024w, https:\/\/inspiramar.es\/wp-content\/uploads\/inspiramar-apartamento-vacacional-benicarlo-peniscola-parejas-01-768x512.jpg 768w\" sizes=\"(max-width: 1200px) 100vw, 1200px\" \/>\t\t\t\t\t\t\t\t\t\t\t\t\t\t\t<\/div>\n\t\t\t\t<\/div>\n\t\t\t\t\t<\/div>\n\t\t<\/div>\n\t\t\t\t<div class=\"elementor-column elementor-col-50 elementor-inner-column elementor-element elementor-element-5563202\" data-id=\"5563202\" data-element_type=\"column\">\n\t\t\t<div class=\"elementor-widget-wrap elementor-element-populated\">\n\t\t\t\t\t\t<div class=\"elementor-element elementor-element-44d5f30 elementor-widget elementor-widget-image\" data-id=\"44d5f30\" data-element_type=\"widget\" data-widget_type=\"image.default\">\n\t\t\t\t<div class=\"elementor-widget-container\">\n\t\t\t\t\t\t\t\t\t\t\t\t\t\t\t<img decoding=\"async\" width=\"1200\" height=\"800\" src=\"https:\/\/inspiramar.es\/wp-content\/uploads\/inspiramar-apartamento-vacacional-benicarlo-peniscola-parejas-02.jpg\" class=\"attachment-full size-full wp-image-3714\" alt=\"Inspiramar. Beachfront holiday apartment.\" srcset=\"https:\/\/inspiramar.es\/wp-content\/uploads\/inspiramar-apartamento-vacacional-benicarlo-peniscola-parejas-02.jpg 1200w, https:\/\/inspiramar.es\/wp-content\/uploads\/inspiramar-apartamento-vacacional-benicarlo-peniscola-parejas-02-300x200.jpg 300w, https:\/\/inspiramar.es\/wp-content\/uploads\/inspiramar-apartamento-vacacional-benicarlo-peniscola-parejas-02-1024x683.jpg 1024w, https:\/\/inspiramar.es\/wp-content\/uploads\/inspiramar-apartamento-vacacional-benicarlo-peniscola-parejas-02-768x512.jpg 768w\" sizes=\"(max-width: 1200px) 100vw, 1200px\" \/>\t\t\t\t\t\t\t\t\t\t\t\t\t\t\t<\/div>\n\t\t\t\t<\/div>\n\t\t\t\t\t<\/div>\n\t\t<\/div>\n\t\t\t\t\t<\/div>\n\t\t<\/section>\n\t\t\t\t\t<\/div>\n\t\t<\/div>\n\t\t\t\t\t<\/div>\n\t\t<\/section>\n\t\t\t\t<section class=\"elementor-section elementor-top-section elementor-element elementor-element-b75c20b elementor-section-boxed elementor-section-height-default elementor-section-height-default\" data-id=\"b75c20b\" data-element_type=\"section\" data-settings=\"{&quot;background_background&quot;:&quot;classic&quot;}\">\n\t\t\t\t\t\t\t<div class=\"elementor-background-overlay\"><\/div>\n\t\t\t\t\t\t\t<div class=\"elementor-container elementor-column-gap-default\">\n\t\t\t\t\t<div class=\"elementor-column elementor-col-100 elementor-top-column elementor-element elementor-element-4b49760\" data-id=\"4b49760\" data-element_type=\"column\">\n\t\t\t<div class=\"elementor-widget-wrap elementor-element-populated\">\n\t\t\t\t\t\t<div class=\"elementor-element elementor-element-5a5f29f elementor-widget elementor-widget-heading\" data-id=\"5a5f29f\" data-element_type=\"widget\" data-widget_type=\"heading.default\">\n\t\t\t\t<div class=\"elementor-widget-container\">\n\t\t\t\t\t<h2 class=\"elementor-heading-title elementor-size-default\">\ud83c\udf81 Romantic Pack\t<\/h2>\t\t\t\t<\/div>\n\t\t\t\t<\/div>\n\t\t\t\t<div class=\"elementor-element elementor-element-eed599f elementor-widget elementor-widget-spacer\" data-id=\"eed599f\" data-element_type=\"widget\" data-widget_type=\"spacer.default\">\n\t\t\t\t<div class=\"elementor-widget-container\">\n\t\t\t\t\t\t\t<div class=\"elementor-spacer\">\n\t\t\t<div class=\"elementor-spacer-inner\"><\/div>\n\t\t<\/div>\n\t\t\t\t\t\t<\/div>\n\t\t\t\t<\/div>\n\t\t\t\t<div class=\"elementor-element elementor-element-a1e76a2 elementor-widget elementor-widget-heading\" data-id=\"a1e76a2\" data-element_type=\"widget\" data-widget_type=\"heading.default\">\n\t\t\t\t<div class=\"elementor-widget-container\">\n\t\t\t\t\t<h2 class=\"elementor-heading-title elementor-size-default\">Surprise experience available only as an extra on our website, which will welcome you to the loft with:<\/h2>\t\t\t\t<\/div>\n\t\t\t\t<\/div>\n\t\t\t\t<div class=\"elementor-element elementor-element-34d3eef elementor-widget elementor-widget-spacer\" data-id=\"34d3eef\" data-element_type=\"widget\" data-widget_type=\"spacer.default\">\n\t\t\t\t<div class=\"elementor-widget-container\">\n\t\t\t\t\t\t\t<div class=\"elementor-spacer\">\n\t\t\t<div class=\"elementor-spacer-inner\"><\/div>\n\t\t<\/div>\n\t\t\t\t\t\t<\/div>\n\t\t\t\t<\/div>\n\t\t\t\t<div class=\"elementor-element elementor-element-76bddbc elementor-align-center elementor-tablet-align-center elementor-mobile-align-left elementor-icon-list--layout-traditional elementor-list-item-link-full_width elementor-widget elementor-widget-icon-list\" data-id=\"76bddbc\" data-element_type=\"widget\" data-widget_type=\"icon-list.default\">\n\t\t\t\t<div class=\"elementor-widget-container\">\n\t\t\t\t\t\t\t<ul class=\"elementor-icon-list-items\">\n\t\t\t\t\t\t\t<li class=\"elementor-icon-list-item\">\n\t\t\t\t\t\t\t\t\t\t\t<span class=\"elementor-icon-list-icon\">\n\t\t\t\t\t\t\t<i aria-hidden=\"true\" class=\"far fa-check-circle\"><\/i>\t\t\t\t\t\t<\/span>\n\t\t\t\t\t\t\t\t\t\t<span class=\"elementor-icon-list-text\">Rose petals for decoration<\/span>\n\t\t\t\t\t\t\t\t\t<\/li>\n\t\t\t\t\t\t\t\t<li class=\"elementor-icon-list-item\">\n\t\t\t\t\t\t\t\t\t\t\t<span class=\"elementor-icon-list-icon\">\n\t\t\t\t\t\t\t<i aria-hidden=\"true\" class=\"far fa-check-circle\"><\/i>\t\t\t\t\t\t<\/span>\n\t\t\t\t\t\t\t\t\t\t<span class=\"elementor-icon-list-text\">12 realistic LED candles<\/span>\n\t\t\t\t\t\t\t\t\t<\/li>\n\t\t\t\t\t\t\t\t<li class=\"elementor-icon-list-item\">\n\t\t\t\t\t\t\t\t\t\t\t<span class=\"elementor-icon-list-icon\">\n\t\t\t\t\t\t\t<i aria-hidden=\"true\" class=\"far fa-check-circle\"><\/i>\t\t\t\t\t\t<\/span>\n\t\t\t\t\t\t\t\t\t\t<span class=\"elementor-icon-list-text\"> Illuminated sign with the word LOVE<\/span>\n\t\t\t\t\t\t\t\t\t<\/li>\n\t\t\t\t\t\t\t\t<li class=\"elementor-icon-list-item\">\n\t\t\t\t\t\t\t\t\t\t\t<span class=\"elementor-icon-list-icon\">\n\t\t\t\t\t\t\t<i aria-hidden=\"true\" class=\"far fa-check-circle\"><\/i>\t\t\t\t\t\t<\/span>\n\t\t\t\t\t\t\t\t\t\t<span class=\"elementor-icon-list-text\">2 glasses of cava brut nature (Mini bottle in the fridge) <\/span>\n\t\t\t\t\t\t\t\t\t<\/li>\n\t\t\t\t\t\t\t\t<li class=\"elementor-icon-list-item\">\n\t\t\t\t\t\t\t\t\t\t\t<span class=\"elementor-icon-list-icon\">\n\t\t\t\t\t\t\t<i aria-hidden=\"true\" class=\"fas fa-check\"><\/i>\t\t\t\t\t\t<\/span>\n\t\t\t\t\t\t\t\t\t\t<span class=\"elementor-icon-list-text\">Add it to your booking for \u20ac30<\/span>\n\t\t\t\t\t\t\t\t\t<\/li>\n\t\t\t\t\t\t<\/ul>\n\t\t\t\t\t\t<\/div>\n\t\t\t\t<\/div>\n\t\t\t\t<div class=\"elementor-element elementor-element-32ebc6e elementor-widget elementor-widget-spacer\" data-id=\"32ebc6e\" data-element_type=\"widget\" data-widget_type=\"spacer.default\">\n\t\t\t\t<div class=\"elementor-widget-container\">\n\t\t\t\t\t\t\t<div class=\"elementor-spacer\">\n\t\t\t<div class=\"elementor-spacer-inner\"><\/div>\n\t\t<\/div>\n\t\t\t\t\t\t<\/div>\n\t\t\t\t<\/div>\n\t\t\t\t<div class=\"elementor-element elementor-element-261400c elementor-widget elementor-widget-heading\" data-id=\"261400c\" data-element_type=\"widget\" data-widget_type=\"heading.default\">\n\t\t\t\t<div class=\"elementor-widget-container\">\n\t\t\t\t\t<h2 class=\"elementor-heading-title elementor-size-default\">A gift for the senses. A moment just for you. Add it to your booking and let the experience speak for itself.<\/h2>\t\t\t\t<\/div>\n\t\t\t\t<\/div>\n\t\t\t\t\t<\/div>\n\t\t<\/div>\n\t\t\t\t\t<\/div>\n\t\t<\/section>\n\t\t\t\t<\/div>","protected":false},"excerpt":{"rendered":"<p>PAREJAS Amar, degustar, descubrir. El plan perfecto para viajar en pareja. Si buscas un lugar tranquilo, con encanto y frente al mar, Inspiramar te ofrece el lugar perfecto para escaparte con tu pareja. Nuestros dos \u00fanicos lofts te ofrecen la privacidad, tranquilidad y recogimiento necesarios para que os llen\u00e9is de emociones, sabores y nuevas experiencias [&hellip;]<\/p>","protected":false},"author":3,"featured_media":0,"parent":0,"menu_order":0,"comment_status":"closed","ping_status":"closed","template":"","meta":{"_acf_changed":false,"site-sidebar-layout":"no-sidebar","site-content-layout":"page-builder","ast-site-content-layout":"full-width-container","site-content-style":"default","site-sidebar-style":"default","ast-global-header-display":"","ast-banner-title-visibility":"","ast-main-header-display":"","ast-hfb-above-header-display":"","ast-hfb-below-header-display":"","ast-hfb-mobile-header-display":"","site-post-title":"disabled","ast-breadcrumbs-content":"","ast-featured-img":"disabled","footer-sml-layout":"","theme-transparent-header-meta":"","adv-header-id-meta":"","stick-header-meta":"","header-above-stick-meta":"","header-main-stick-meta":"","header-below-stick-meta":"","astra-migrate-meta-layouts":"set","ast-page-background-enabled":"default","ast-page-background-meta":{"desktop":{"background-color":"","background-image":"","background-repeat":"repeat","background-position":"center center","background-size":"auto","background-attachment":"scroll","background-type":"","background-media":"","overlay-type":"","overlay-color":"","overlay-gradient":""},"tablet":{"background-color":"","background-image":"","background-repeat":"repeat","background-position":"center center","background-size":"auto","background-attachment":"scroll","background-type":"","background-media":"","overlay-type":"","overlay-color":"","overlay-gradient":""},"mobile":{"background-color":"","background-image":"","background-repeat":"repeat","background-position":"center center","background-size":"auto","background-attachment":"scroll","background-type":"","background-media":"","overlay-type":"","overlay-color":"","overlay-gradient":""}},"ast-content-background-meta":{"desktop":{"background-color":"var(--ast-global-color-5)","background-image":"","background-repeat":"repeat","background-position":"center center","background-size":"auto","background-attachment":"scroll","background-type":"","background-media":"","overlay-type":"","overlay-color":"","overlay-gradient":""},"tablet":{"background-color":"var(--ast-global-color-5)","background-image":"","background-repeat":"repeat","background-position":"center center","background-size":"auto","background-attachment":"scroll","background-type":"","background-media":"","overlay-type":"","overlay-color":"","overlay-gradient":""},"mobile":{"background-color":"var(--ast-global-color-5)","background-image":"","background-repeat":"repeat","background-position":"center center","background-size":"auto","background-attachment":"scroll","background-type":"","background-media":"","overlay-type":"","overlay-color":"","overlay-gradient":""}},"_joinchat":[],"footnotes":""},"class_list":["post-3709","page","type-page","status-publish","hentry"],"acf":[],"yoast_head":"<!-- This site is optimized with the Yoast SEO plugin v26.0 - https:\/\/yoast.com\/wordpress\/plugins\/seo\/ -->\n<title>PAREJAS - Inspiramar, tu alojamiento ideal para experiencias rom\u00e1nticas cerca de Pe\u00f1\u00edscola<\/title>\n<meta name=\"description\" content=\"Alojamiento para parejas cerca de Pe\u00f1\u00edscola. Descubre el lugar perfecto para escaparte. Alojamiento tranquilo, con encanto y frente al mar\" \/>\n<meta name=\"robots\" content=\"index, follow, max-snippet:-1, max-image-preview:large, max-video-preview:-1\" \/>\n<link rel=\"canonical\" href=\"https:\/\/inspiramar.es\/en\/couples\/\" \/>\n<meta property=\"og:locale\" content=\"en_GB\" \/>\n<meta property=\"og:type\" content=\"article\" \/>\n<meta property=\"og:title\" content=\"PAREJAS - Inspiramar, tu alojamiento ideal para experiencias rom\u00e1nticas cerca de Pe\u00f1\u00edscola\" \/>\n<meta property=\"og:description\" content=\"Alojamiento para parejas cerca de Pe\u00f1\u00edscola. Descubre el lugar perfecto para escaparte. Alojamiento tranquilo, con encanto y frente al mar\" \/>\n<meta property=\"og:url\" content=\"https:\/\/inspiramar.es\/en\/couples\/\" \/>\n<meta property=\"og:site_name\" content=\"Inspiramar, tu alojamiento ideal para experiencias rom\u00e1nticas cerca de Pe\u00f1\u00edscola\" \/>\n<meta property=\"article:publisher\" content=\"https:\/\/www.facebook.com\/inspiramarlofts\" \/>\n<meta property=\"article:modified_time\" content=\"2025-09-01T11:08:21+00:00\" \/>\n<meta property=\"og:image\" content=\"https:\/\/inspiramar.es\/wp-content\/uploads\/inspiramar-apartamento-vacacional-benicarlo-peniscola-parejas-01.jpg\" \/>\n\t<meta property=\"og:image:width\" content=\"1200\" \/>\n\t<meta property=\"og:image:height\" content=\"800\" \/>\n\t<meta property=\"og:image:type\" content=\"image\/jpeg\" \/>\n<meta name=\"twitter:card\" content=\"summary_large_image\" \/>\n<meta name=\"twitter:label1\" content=\"Estimated reading time\" \/>\n\t<meta name=\"twitter:data1\" content=\"2 minutes\" \/>\n<script type=\"application\/ld+json\" class=\"yoast-schema-graph\">{\"@context\":\"https:\/\/schema.org\",\"@graph\":[{\"@type\":\"WebPage\",\"@id\":\"https:\/\/inspiramar.es\/parejas\/\",\"url\":\"https:\/\/inspiramar.es\/parejas\/\",\"name\":\"PAREJAS - Inspiramar, tu alojamiento ideal para experiencias rom\u00e1nticas cerca de Pe\u00f1\u00edscola\",\"isPartOf\":{\"@id\":\"http:\/\/inspiramar.es\/#website\"},\"primaryImageOfPage\":{\"@id\":\"https:\/\/inspiramar.es\/parejas\/#primaryimage\"},\"image\":{\"@id\":\"https:\/\/inspiramar.es\/parejas\/#primaryimage\"},\"thumbnailUrl\":\"https:\/\/inspiramar.es\/wp-content\/uploads\/inspiramar-apartamento-vacacional-benicarlo-peniscola-parejas-01.jpg\",\"datePublished\":\"2025-06-13T07:20:13+00:00\",\"dateModified\":\"2025-09-01T11:08:21+00:00\",\"description\":\"Alojamiento para parejas cerca de Pe\u00f1\u00edscola. Descubre el lugar perfecto para escaparte. Alojamiento tranquilo, con encanto y frente al mar\",\"breadcrumb\":{\"@id\":\"https:\/\/inspiramar.es\/parejas\/#breadcrumb\"},\"inLanguage\":\"en-GB\",\"potentialAction\":[{\"@type\":\"ReadAction\",\"target\":[\"https:\/\/inspiramar.es\/parejas\/\"]}]},{\"@type\":\"ImageObject\",\"inLanguage\":\"en-GB\",\"@id\":\"https:\/\/inspiramar.es\/parejas\/#primaryimage\",\"url\":\"https:\/\/inspiramar.es\/wp-content\/uploads\/inspiramar-apartamento-vacacional-benicarlo-peniscola-parejas-01.jpg\",\"contentUrl\":\"https:\/\/inspiramar.es\/wp-content\/uploads\/inspiramar-apartamento-vacacional-benicarlo-peniscola-parejas-01.jpg\"},{\"@type\":\"BreadcrumbList\",\"@id\":\"https:\/\/inspiramar.es\/parejas\/#breadcrumb\",\"itemListElement\":[{\"@type\":\"ListItem\",\"position\":1,\"name\":\"Portada\",\"item\":\"https:\/\/inspiramar.es\/\"},{\"@type\":\"ListItem\",\"position\":2,\"name\":\"PAREJAS\"}]},{\"@type\":\"WebSite\",\"@id\":\"http:\/\/inspiramar.es\/#website\",\"url\":\"http:\/\/inspiramar.es\/\",\"name\":\"inspiramar.es\",\"description\":\"Apartamentos Loft a primera linea de mar en Benicarl\u00f3\",\"publisher\":{\"@id\":\"http:\/\/inspiramar.es\/#organization\"},\"potentialAction\":[{\"@type\":\"SearchAction\",\"target\":{\"@type\":\"EntryPoint\",\"urlTemplate\":\"http:\/\/inspiramar.es\/?s={search_term_string}\"},\"query-input\":{\"@type\":\"PropertyValueSpecification\",\"valueRequired\":true,\"valueName\":\"search_term_string\"}}],\"inLanguage\":\"en-GB\"},{\"@type\":\"Organization\",\"@id\":\"http:\/\/inspiramar.es\/#organization\",\"name\":\"inspiramar lofts\",\"url\":\"http:\/\/inspiramar.es\/\",\"logo\":{\"@type\":\"ImageObject\",\"inLanguage\":\"en-GB\",\"@id\":\"http:\/\/inspiramar.es\/#\/schema\/logo\/image\/\",\"url\":\"https:\/\/inspiramar.es\/wp-content\/uploads\/cropped-cropped-horizontal-2-colores.png\",\"contentUrl\":\"https:\/\/inspiramar.es\/wp-content\/uploads\/cropped-cropped-horizontal-2-colores.png\",\"width\":3252,\"height\":621,\"caption\":\"inspiramar lofts\"},\"image\":{\"@id\":\"http:\/\/inspiramar.es\/#\/schema\/logo\/image\/\"},\"sameAs\":[\"https:\/\/www.facebook.com\/inspiramarlofts\",\"https:\/\/www.instagram.com\/inspiramarlofts\/\"]}]}<\/script>\n<!-- \/ Yoast SEO plugin. -->","yoast_head_json":{"title":"COUPLES - Inspiramar, your ideal accommodation for romantic experiences near Pe\u00f1\u00edscola","description":"Accommodation for couples near Pe\u00f1\u00edscola. Discover the perfect getaway. Quiet, charming beachfront accommodation.","robots":{"index":"index","follow":"follow","max-snippet":"max-snippet:-1","max-image-preview":"max-image-preview:large","max-video-preview":"max-video-preview:-1"},"canonical":"https:\/\/inspiramar.es\/en\/couples\/","og_locale":"en_GB","og_type":"article","og_title":"PAREJAS - Inspiramar, tu alojamiento ideal para experiencias rom\u00e1nticas cerca de Pe\u00f1\u00edscola","og_description":"Alojamiento para parejas cerca de Pe\u00f1\u00edscola. Descubre el lugar perfecto para escaparte. Alojamiento tranquilo, con encanto y frente al mar","og_url":"https:\/\/inspiramar.es\/en\/couples\/","og_site_name":"Inspiramar, tu alojamiento ideal para experiencias rom\u00e1nticas cerca de Pe\u00f1\u00edscola","article_publisher":"https:\/\/www.facebook.com\/inspiramarlofts","article_modified_time":"2025-09-01T11:08:21+00:00","og_image":[{"width":1200,"height":800,"url":"https:\/\/inspiramar.es\/wp-content\/uploads\/inspiramar-apartamento-vacacional-benicarlo-peniscola-parejas-01.jpg","type":"image\/jpeg"}],"twitter_card":"summary_large_image","twitter_misc":{"Estimated reading time":"2 minutes"},"schema":{"@context":"https:\/\/schema.org","@graph":[{"@type":"WebPage","@id":"https:\/\/inspiramar.es\/parejas\/","url":"https:\/\/inspiramar.es\/parejas\/","name":"COUPLES - Inspiramar, your ideal accommodation for romantic experiences near Pe\u00f1\u00edscola","isPartOf":{"@id":"http:\/\/inspiramar.es\/#website"},"primaryImageOfPage":{"@id":"https:\/\/inspiramar.es\/parejas\/#primaryimage"},"image":{"@id":"https:\/\/inspiramar.es\/parejas\/#primaryimage"},"thumbnailUrl":"https:\/\/inspiramar.es\/wp-content\/uploads\/inspiramar-apartamento-vacacional-benicarlo-peniscola-parejas-01.jpg","datePublished":"2025-06-13T07:20:13+00:00","dateModified":"2025-09-01T11:08:21+00:00","description":"Accommodation for couples near Pe\u00f1\u00edscola. Discover the perfect getaway. Quiet, charming beachfront accommodation.","breadcrumb":{"@id":"https:\/\/inspiramar.es\/parejas\/#breadcrumb"},"inLanguage":"en-GB","potentialAction":[{"@type":"ReadAction","target":["https:\/\/inspiramar.es\/parejas\/"]}]},{"@type":"ImageObject","inLanguage":"en-GB","@id":"https:\/\/inspiramar.es\/parejas\/#primaryimage","url":"https:\/\/inspiramar.es\/wp-content\/uploads\/inspiramar-apartamento-vacacional-benicarlo-peniscola-parejas-01.jpg","contentUrl":"https:\/\/inspiramar.es\/wp-content\/uploads\/inspiramar-apartamento-vacacional-benicarlo-peniscola-parejas-01.jpg"},{"@type":"BreadcrumbList","@id":"https:\/\/inspiramar.es\/parejas\/#breadcrumb","itemListElement":[{"@type":"ListItem","position":1,"name":"Portada","item":"https:\/\/inspiramar.es\/"},{"@type":"ListItem","position":2,"name":"PAREJAS"}]},{"@type":"WebSite","@id":"http:\/\/inspiramar.es\/#website","url":"http:\/\/inspiramar.es\/","name":"inspiramar.es","description":"Loft apartments on the seafront in Benicarl\u00f3","publisher":{"@id":"http:\/\/inspiramar.es\/#organization"},"potentialAction":[{"@type":"SearchAction","target":{"@type":"EntryPoint","urlTemplate":"http:\/\/inspiramar.es\/?s={search_term_string}"},"query-input":{"@type":"PropertyValueSpecification","valueRequired":true,"valueName":"search_term_string"}}],"inLanguage":"en-GB"},{"@type":"Organization","@id":"http:\/\/inspiramar.es\/#organization","name":"inspiramar lofts","url":"http:\/\/inspiramar.es\/","logo":{"@type":"ImageObject","inLanguage":"en-GB","@id":"http:\/\/inspiramar.es\/#\/schema\/logo\/image\/","url":"https:\/\/inspiramar.es\/wp-content\/uploads\/cropped-cropped-horizontal-2-colores.png","contentUrl":"https:\/\/inspiramar.es\/wp-content\/uploads\/cropped-cropped-horizontal-2-colores.png","width":3252,"height":621,"caption":"inspiramar lofts"},"image":{"@id":"http:\/\/inspiramar.es\/#\/schema\/logo\/image\/"},"sameAs":["https:\/\/www.facebook.com\/inspiramarlofts","https:\/\/www.instagram.com\/inspiramarlofts\/"]}]}},"_links":{"self":[{"href":"https:\/\/inspiramar.es\/en\/wp-json\/wp\/v2\/pages\/3709","targetHints":{"allow":["GET"]}}],"collection":[{"href":"https:\/\/inspiramar.es\/en\/wp-json\/wp\/v2\/pages"}],"about":[{"href":"https:\/\/inspiramar.es\/en\/wp-json\/wp\/v2\/types\/page"}],"author":[{"embeddable":true,"href":"https:\/\/inspiramar.es\/en\/wp-json\/wp\/v2\/users\/3"}],"replies":[{"embeddable":true,"href":"https:\/\/inspiramar.es\/en\/wp-json\/wp\/v2\/comments?post=3709"}],"version-history":[{"count":16,"href":"https:\/\/inspiramar.es\/en\/wp-json\/wp\/v2\/pages\/3709\/revisions"}],"predecessor-version":[{"id":4562,"href":"https:\/\/inspiramar.es\/en\/wp-json\/wp\/v2\/pages\/3709\/revisions\/4562"}],"wp:attachment":[{"href":"https:\/\/inspiramar.es\/en\/wp-json\/wp\/v2\/media?parent=3709"}],"curies":[{"name":"wp","href":"https:\/\/api.w.org\/{rel}","templated":true}]}}