{"id":3646,"date":"2025-06-12T09:38:02","date_gmt":"2025-06-12T07:38:02","guid":{"rendered":"https:\/\/inspiramar.es\/?page_id=3646"},"modified":"2025-09-01T13:10:39","modified_gmt":"2025-09-01T11:10:39","slug":"preguntas-frecuentes","status":"publish","type":"page","link":"https:\/\/inspiramar.es\/en\/preguntas-frecuentes\/","title":{"rendered":"FAQ"},"content":{"rendered":"<div data-elementor-type=\"wp-page\" data-elementor-id=\"3646\" class=\"elementor elementor-3646\" data-elementor-post-type=\"page\">\n\t\t\t\t\t\t<section class=\"elementor-section elementor-top-section elementor-element elementor-element-3bc8376 elementor-section-full_width elementor-section-height-min-height elementor-section-items-top elementor-section-height-default\" data-id=\"3bc8376\" data-element_type=\"section\" data-settings=\"{&quot;background_background&quot;:&quot;classic&quot;}\">\n\t\t\t\t\t\t<div class=\"elementor-container elementor-column-gap-default\">\n\t\t\t\t\t<div class=\"elementor-column elementor-col-100 elementor-top-column elementor-element elementor-element-41d3fa7\" data-id=\"41d3fa7\" data-element_type=\"column\">\n\t\t\t<div class=\"elementor-widget-wrap\">\n\t\t\t\t\t\t\t<\/div>\n\t\t<\/div>\n\t\t\t\t\t<\/div>\n\t\t<\/section>\n\t\t\t\t<section class=\"elementor-section elementor-top-section elementor-element elementor-element-77add9d elementor-section-boxed elementor-section-height-default elementor-section-height-default\" data-id=\"77add9d\" data-element_type=\"section\">\n\t\t\t\t\t\t<div class=\"elementor-container elementor-column-gap-default\">\n\t\t\t\t\t<div class=\"elementor-column elementor-col-100 elementor-top-column elementor-element elementor-element-6b53722\" data-id=\"6b53722\" data-element_type=\"column\">\n\t\t\t<div class=\"elementor-widget-wrap elementor-element-populated\">\n\t\t\t\t\t\t<div class=\"elementor-element elementor-element-4d53c30 elementor-widget elementor-widget-heading\" data-id=\"4d53c30\" data-element_type=\"widget\" data-widget_type=\"heading.default\">\n\t\t\t\t<div class=\"elementor-widget-container\">\n\t\t\t\t\t<h2 class=\"elementor-heading-title elementor-size-default\">PRACTICAL INFORMATION IN ONE PLACE<\/h2>\t\t\t\t<\/div>\n\t\t\t\t<\/div>\n\t\t\t\t\t<\/div>\n\t\t<\/div>\n\t\t\t\t\t<\/div>\n\t\t<\/section>\n\t\t\t\t<section class=\"elementor-section elementor-top-section elementor-element elementor-element-cf3a601 elementor-section-boxed elementor-section-height-default elementor-section-height-default\" data-id=\"cf3a601\" data-element_type=\"section\">\n\t\t\t\t\t\t<div class=\"elementor-container elementor-column-gap-default\">\n\t\t\t\t\t<div class=\"elementor-column elementor-col-100 elementor-top-column elementor-element elementor-element-90d5890\" data-id=\"90d5890\" data-element_type=\"column\">\n\t\t\t<div class=\"elementor-widget-wrap elementor-element-populated\">\n\t\t\t\t\t\t<div class=\"elementor-element elementor-element-7f06ec0 elementor-widget elementor-widget-heading\" data-id=\"7f06ec0\" data-element_type=\"widget\" data-widget_type=\"heading.default\">\n\t\t\t\t<div class=\"elementor-widget-container\">\n\t\t\t\t\t<h2 class=\"elementor-heading-title elementor-size-default\">Where to park?<\/h2>\t\t\t\t<\/div>\n\t\t\t\t<\/div>\n\t\t\t\t<div class=\"elementor-element elementor-element-6c91a5b elementor-widget elementor-widget-text-editor\" data-id=\"6c91a5b\" data-element_type=\"widget\" data-widget_type=\"text-editor.default\">\n\t\t\t\t<div class=\"elementor-widget-container\">\n\t\t\t\t\t\t\t\t\t<p>There are several free parking areas nearby where you can leave your car without any problems:<\/p><ul><li>Just in front, at the sailing school (small wooden house in front of Inspiramar).<\/li><li>In the surroundings of Marina Benicarl\u00f3.<\/li><li>On Marqu\u00e9s de Benicarl\u00f3 Avenue.<\/li><li>On Cristo del Mar Street.<\/li><li>In the public parking lot in front of the Fish Market.<\/li><\/ul>\t\t\t\t\t\t\t\t<\/div>\n\t\t\t\t<\/div>\n\t\t\t\t<div class=\"elementor-element elementor-element-42aff2a elementor-widget-divider--view-line elementor-widget elementor-widget-divider\" data-id=\"42aff2a\" data-element_type=\"widget\" data-widget_type=\"divider.default\">\n\t\t\t\t<div class=\"elementor-widget-container\">\n\t\t\t\t\t\t\t<div class=\"elementor-divider\">\n\t\t\t<span class=\"elementor-divider-separator\">\n\t\t\t\t\t\t<\/span>\n\t\t<\/div>\n\t\t\t\t\t\t<\/div>\n\t\t\t\t<\/div>\n\t\t\t\t<div class=\"elementor-element elementor-element-066f98e elementor-widget elementor-widget-heading\" data-id=\"066f98e\" data-element_type=\"widget\" data-widget_type=\"heading.default\">\n\t\t\t\t<div class=\"elementor-widget-container\">\n\t\t\t\t\t<h2 class=\"elementor-heading-title elementor-size-default\">How to get there?<\/h2>\t\t\t\t<\/div>\n\t\t\t\t<\/div>\n\t\t\t\t<div class=\"elementor-element elementor-element-ec43f08 elementor-widget elementor-widget-text-editor\" data-id=\"ec43f08\" data-element_type=\"widget\" data-widget_type=\"text-editor.default\">\n\t\t\t\t<div class=\"elementor-widget-container\">\n\t\t\t\t\t\t\t\t\t<p align=\"left\"><strong>By car:<\/strong><\/p>\n<ul>\n<li>\n<p align=\"left\">From Barcelona or Valencia, take the AP-7 motorway (exit 43 Pe\u00f1\u00edscola-Benicarl\u00f3). You can also use the N-340. From northern Spain, take the A-68 and N-232 to Vinar\u00f2s and connect with the N-340 to Benicarl\u00f3, heading towards Castell\u00f3.<\/p>\n<\/li>\n<\/ul>\n<p align=\"left\"><strong>By train:<\/strong><\/p>\n<ul>\n<li>\n<p align=\"left\"><span style=\"color: #1a6c7a;\"><a style=\"color: #1a6c7a;\" href=\"https:\/\/goo.gl\/maps\/X8GqHv5dSQ5LRs6J9\" target=\"_blank\" rel=\"noopener\"><u>Benicarl\u00f3-Pe\u00f1\u00edscola Station (2.2 km from Inspiramar)<\/u><\/a><\/span> Pl. de l&#039;Estaci\u00f3n s\/n, Benicarl\u00f3. Tel. 902 320 320. Check the timetable at <span style=\"color: #1a6c7a;\"><a style=\"color: #1a6c7a;\" href=\"https:\/\/www.renfe.com\/\" target=\"_blank\" rel=\"noopener\">www.renfe.com.<\/a>&nbsp;<\/span>From Barcelona you have 4\/5 daily departures to go\/return with Regional, Intercity, Talgo or Alvia trains.<\/p>\n<\/li>\n<li>\n<p align=\"left\">From Valencia, you have more than 10 daily departures to and from the city on Regional, Intercity, Talgo, or Alvia trains.<\/p>\n<\/li>\n<li>\n<p align=\"left\">From Madrid: stops in Castell\u00f3n de la Plana and Valencia depending on the route. If there is no direct AVE service, you can connect to\/from Valencia via regional, Intercity, etc. AVE services. There are AVE-Intercity services that allow you to travel from Madrid to Benicarl\u00f3 in less than 4 hours.<\/p>\n<\/li>\n<\/ul>\n<p align=\"left\"><strong>By air:<\/strong><\/p>\n<ul>\n<li>Barcelona Airport: two hours by car, totaling 234km. <span style=\"color: #1a6c7a;\"><a style=\"color: #1a6c7a;\" href=\"https:\/\/goo.gl\/maps\/4giv2QAVBMSfbdD88\" target=\"_blank\" rel=\"noopener\"><u>See itinerary.<\/u><\/a><\/span><\/li>\n<li>Valencia Airport: 1 hour and 20 minutes by car, totaling 146 km.<span style=\"color: #1a6c7a;\"> <a style=\"color: #1a6c7a;\" href=\"https:\/\/goo.gl\/maps\/vuaJ1nymx5gV93jX6\" target=\"_blank\" rel=\"noopener\"><u>See itinerary.<\/u><\/a><\/span><\/li>\n<li>Reus Airport: one hour and fifteen minutes by car, totaling 115 km. <span style=\"color: #1a6c7a;\"><a style=\"color: #1a6c7a;\" href=\"https:\/\/goo.gl\/maps\/vuaJ1nymx5gV93jX6\" target=\"_blank\" rel=\"noopener\"><u>See itinerary.<\/u><\/a><\/span><\/li>\n<li>Castell\u00f3 Airport: 30 minutes by car, totaling 47 km. <span style=\"color: #1a6c7a;\"><a style=\"color: #1a6c7a;\" href=\"https:\/\/goo.gl\/maps\/wnhQgiKamvbGFiFX9\" target=\"_blank\" rel=\"noopener\"><u>See itinerary.<\/u><\/a><\/span><\/li>\n<\/ul>\n<p align=\"left\"><strong>By boat:<\/strong><\/p>\n<p align=\"left\">If you&#039;re traveling by boat, just in front of Inspiramar, in the Benicarl\u00f3 marina, is Marina Benicarl\u00f3 (LATITUDE 40\u00ba 24\u2032 5 N, LONGITUDE 000\u00ba 26\u2032 E). There are 300 moorings with comprehensive nautical services, just 3 nautical miles from Pe\u00f1\u00edscola. Contact the local captain&#039;s office. <span style=\"color: #1a6c7a;\"><a style=\"color: #1a6c7a;\" href=\"mailto:info@marinabenicarlo.com\" target=\"_blank\" rel=\"noopener\"><u>info@marinabenicarlo.com,<\/u><\/a><\/span> <span style=\"color: #1a6c7a;\"><a style=\"color: #1a6c7a;\" href=\"http:\/\/www.marinabenicarlo.com\/\" target=\"_blank\" rel=\"noopener\"><u>www.marinabenicarlo.com<\/u><\/a><\/span> or call 964 46 23 30 to reserve your berth.<\/p>\n<p align=\"left\">Office Hours:<\/p>\n<ul>\n<li>\n<p align=\"left\">MONDAY TO SATURDAY FROM 9:00 AM TO 2:00 PM AND FROM 4:00 PM TO 7:00 PM.<\/p>\n<\/li>\n<li>\n<p align=\"left\">SUNDAYS AND HOLIDAYS FROM 9:00 AM TO 2:00 PM.<\/p>\n<\/li>\n<\/ul>\n<p align=\"left\">Check out special discounts at Inspiramar lofts for Marina Benicarl\u00f3 guests!<\/p>\n<p align=\"left\"><strong>By bus<\/strong><\/p>\n<ul>\n<li>Castell\u00f3n and province: Mediterranean Cars<br><span style=\"color: #1a6c7a;\"><a style=\"color: #1a6c7a;\" href=\"https:\/\/www.autosmediterraneo.com\/wp-content\/uploads\/2020\/09\/28.09-VINAR%C3%92S-BENICARL%C3%93-PE%C3%91ISCOLA1.pdf\" target=\"_blank\" rel=\"noopener\">Castell\u00f3n-Vinar\u00f2s Line<\/a><\/span><br><a href=\"https:\/\/www.autosmediterraneo.com\/wp-content\/uploads\/2020\/09\/28.09-ALBOCASSER-BENICARL%C3%93.pdf\" target=\"_blank\" rel=\"noopener\"><span style=\"color: #1a6c7a;\">Benicarl\u00f3-Alboc\u00e0sser line<\/span><\/a><br>Benicarl\u00f3 Stop: Casal-Convent of San Francisco<\/li>\n<li>Valencia, Castell\u00f3n, Barcelona, \u200b\u200bZaragoza, Tarragona, Pamplona, \u200b\u200bSan Sebasti\u00e1n, Santander, Bilbao, Vitoria, Port Aventura, Sant Carles, Amposta, Tortosa, Salou: HIFE Coaches<br><span style=\"color: #1a6c7a;\"><a style=\"color: #1a6c7a;\" href=\"https:\/\/www.hife.es\/\" target=\"_blank\" rel=\"noopener\">www.hife.es<\/a><\/span><br>Tel. 902 119 814<br>hife@hife.es<br>Benicarl\u00f3 Stop: Casal-Convent of San Francisco<\/li>\n<li>Madrid: Avanza Bus<br><a href=\"https:\/\/www.avanzabus.com\/\" target=\"_blank\" rel=\"noopener\"><span style=\"color: #1a6c7a;\">www.avanzabus.com<\/span><\/a><br>Tel. 912 72 28 32<br>informacion@avanzabus.com<br>Benicarl\u00f3 Stop: Constitution Square<\/li>\n<\/ul>\t\t\t\t\t\t\t\t<\/div>\n\t\t\t\t<\/div>\n\t\t\t\t<div class=\"elementor-element elementor-element-b2fca08 elementor-widget-divider--view-line elementor-widget elementor-widget-divider\" data-id=\"b2fca08\" data-element_type=\"widget\" data-widget_type=\"divider.default\">\n\t\t\t\t<div class=\"elementor-widget-container\">\n\t\t\t\t\t\t\t<div class=\"elementor-divider\">\n\t\t\t<span class=\"elementor-divider-separator\">\n\t\t\t\t\t\t<\/span>\n\t\t<\/div>\n\t\t\t\t\t\t<\/div>\n\t\t\t\t<\/div>\n\t\t\t\t<div class=\"elementor-element elementor-element-7eb30ab elementor-widget elementor-widget-heading\" data-id=\"7eb30ab\" data-element_type=\"widget\" data-widget_type=\"heading.default\">\n\t\t\t\t<div class=\"elementor-widget-container\">\n\t\t\t\t\t<h2 class=\"elementor-heading-title elementor-size-default\">Basic rules<\/h2>\t\t\t\t<\/div>\n\t\t\t\t<\/div>\n\t\t\t\t<div class=\"elementor-element elementor-element-0cf87ec elementor-widget elementor-widget-text-editor\" data-id=\"0cf87ec\" data-element_type=\"widget\" data-widget_type=\"text-editor.default\">\n\t\t\t\t<div class=\"elementor-widget-container\">\n\t\t\t\t\t\t\t\t\t<ul><li aria-level=\"1\">Smoking is prohibited inside the apartments.<\/li><li aria-level=\"1\">Pets are not allowed (we recommend checking out the Can Pou de l&#039;Olla pet-friendly hotel options in Benicarl\u00f3).<\/li><li aria-level=\"1\">Parties are not allowed.<\/li><li aria-level=\"1\">It is prohibited to occupy the apartment with more people than declared.<\/li><li aria-level=\"1\">Furniture and facilities must be cared for and used appropriately (\u20ac100 deposit required for this purpose).<\/li><\/ul>\t\t\t\t\t\t\t\t<\/div>\n\t\t\t\t<\/div>\n\t\t\t\t<div class=\"elementor-element elementor-element-d842017 elementor-widget-divider--view-line elementor-widget elementor-widget-divider\" data-id=\"d842017\" data-element_type=\"widget\" data-widget_type=\"divider.default\">\n\t\t\t\t<div class=\"elementor-widget-container\">\n\t\t\t\t\t\t\t<div class=\"elementor-divider\">\n\t\t\t<span class=\"elementor-divider-separator\">\n\t\t\t\t\t\t<\/span>\n\t\t<\/div>\n\t\t\t\t\t\t<\/div>\n\t\t\t\t<\/div>\n\t\t\t\t<div class=\"elementor-element elementor-element-06f4e14 elementor-widget elementor-widget-heading\" data-id=\"06f4e14\" data-element_type=\"widget\" data-widget_type=\"heading.default\">\n\t\t\t\t<div class=\"elementor-widget-container\">\n\t\t\t\t\t<h2 class=\"elementor-heading-title elementor-size-default\">Check-in<\/h2>\t\t\t\t<\/div>\n\t\t\t\t<\/div>\n\t\t\t\t<div class=\"elementor-element elementor-element-3bcca64 elementor-widget elementor-widget-text-editor\" data-id=\"3bcca64\" data-element_type=\"widget\" data-widget_type=\"text-editor.default\">\n\t\t\t\t<div class=\"elementor-widget-container\">\n\t\t\t\t\t\t\t\t\t<p>Aware of the inconvenience of having to arrange for someone to give you the apartment keys upon arrival, traveling to a distant office to check in, or waiting in line at reception for help when you arrive tired from traveling, we have implemented the secure Code System, manufactured in Barcelona by MEnginyeria. Before your arrival, you will receive a six-digit code that will allow you to enter the building and your loft whenever you want. These codes are randomly generated and are only valid for the days of your stay, so they are completely secure. This way, you don&#039;t have to worry about your keys, avoiding forgetting or losing them.<\/p>\t\t\t\t\t\t\t\t<\/div>\n\t\t\t\t<\/div>\n\t\t\t\t\t<\/div>\n\t\t<\/div>\n\t\t\t\t\t<\/div>\n\t\t<\/section>\n\t\t\t\t<\/div>","protected":false},"excerpt":{"rendered":"<p>INFORMACI\u00d3N PR\u00c1CTICA EN UN SOLO LUGAR \u00bfD\u00f3nde aparcar? Hay varias zonas gratuitas muy cerca donde podr\u00e1s dejar el coche sin complicaciones: Justo delante, en la escuela de vela (casita de madera frente a Inspiramar). En los alrededores de Marina Benicarl\u00f3. En la Avenida Marqu\u00e9s de Benicarl\u00f3. En la Calle Cristo del Mar. En el aparcamiento [&hellip;]<\/p>","protected":false},"author":3,"featured_media":0,"parent":0,"menu_order":0,"comment_status":"closed","ping_status":"closed","template":"","meta":{"_acf_changed":false,"site-sidebar-layout":"no-sidebar","site-content-layout":"page-builder","ast-site-content-layout":"full-width-container","site-content-style":"default","site-sidebar-style":"default","ast-global-header-display":"","ast-banner-title-visibility":"","ast-main-header-display":"","ast-hfb-above-header-display":"","ast-hfb-below-header-display":"","ast-hfb-mobile-header-display":"","site-post-title":"disabled","ast-breadcrumbs-content":"","ast-featured-img":"disabled","footer-sml-layout":"","theme-transparent-header-meta":"","adv-header-id-meta":"","stick-header-meta":"","header-above-stick-meta":"","header-main-stick-meta":"","header-below-stick-meta":"","astra-migrate-meta-layouts":"set","ast-page-background-enabled":"default","ast-page-background-meta":{"desktop":{"background-color":"","background-image":"","background-repeat":"repeat","background-position":"center center","background-size":"auto","background-attachment":"scroll","background-type":"","background-media":"","overlay-type":"","overlay-color":"","overlay-gradient":""},"tablet":{"background-color":"","background-image":"","background-repeat":"repeat","background-position":"center center","background-size":"auto","background-attachment":"scroll","background-type":"","background-media":"","overlay-type":"","overlay-color":"","overlay-gradient":""},"mobile":{"background-color":"","background-image":"","background-repeat":"repeat","background-position":"center center","background-size":"auto","background-attachment":"scroll","background-type":"","background-media":"","overlay-type":"","overlay-color":"","overlay-gradient":""}},"ast-content-background-meta":{"desktop":{"background-color":"var(--ast-global-color-5)","background-image":"","background-repeat":"repeat","background-position":"center center","background-size":"auto","background-attachment":"scroll","background-type":"","background-media":"","overlay-type":"","overlay-color":"","overlay-gradient":""},"tablet":{"background-color":"var(--ast-global-color-5)","background-image":"","background-repeat":"repeat","background-position":"center center","background-size":"auto","background-attachment":"scroll","background-type":"","background-media":"","overlay-type":"","overlay-color":"","overlay-gradient":""},"mobile":{"background-color":"var(--ast-global-color-5)","background-image":"","background-repeat":"repeat","background-position":"center center","background-size":"auto","background-attachment":"scroll","background-type":"","background-media":"","overlay-type":"","overlay-color":"","overlay-gradient":""}},"_joinchat":[],"footnotes":""},"class_list":["post-3646","page","type-page","status-publish","hentry"],"acf":[],"yoast_head":"<!-- This site is optimized with the Yoast SEO plugin v26.0 - https:\/\/yoast.com\/wordpress\/plugins\/seo\/ -->\n<title>PREGUNTAS FRECUENTES - Inspiramar, tu alojamiento ideal para experiencias rom\u00e1nticas cerca de Pe\u00f1\u00edscola<\/title>\n<meta name=\"description\" content=\"Preguntas frecuentes sobre Inspiramar. Toda la informaci\u00f3n pr\u00e1ctica que necesitas sobre los lofts, Benicarl\u00f3 y sus alrededores.\" \/>\n<meta name=\"robots\" content=\"index, follow, max-snippet:-1, max-image-preview:large, max-video-preview:-1\" \/>\n<link rel=\"canonical\" href=\"https:\/\/inspiramar.es\/en\/preguntas-frecuentes\/\" \/>\n<meta property=\"og:locale\" content=\"en_GB\" \/>\n<meta property=\"og:type\" content=\"article\" \/>\n<meta property=\"og:title\" content=\"PREGUNTAS FRECUENTES - Inspiramar, tu alojamiento ideal para experiencias rom\u00e1nticas cerca de Pe\u00f1\u00edscola\" \/>\n<meta property=\"og:description\" content=\"Preguntas frecuentes sobre Inspiramar. Toda la informaci\u00f3n pr\u00e1ctica que necesitas sobre los lofts, Benicarl\u00f3 y sus alrededores.\" \/>\n<meta property=\"og:url\" content=\"https:\/\/inspiramar.es\/en\/preguntas-frecuentes\/\" \/>\n<meta property=\"og:site_name\" content=\"Inspiramar, tu alojamiento ideal para experiencias rom\u00e1nticas cerca de Pe\u00f1\u00edscola\" \/>\n<meta property=\"article:publisher\" content=\"https:\/\/www.facebook.com\/inspiramarlofts\" \/>\n<meta property=\"article:modified_time\" content=\"2025-09-01T11:10:39+00:00\" \/>\n<meta name=\"twitter:card\" content=\"summary_large_image\" \/>\n<meta name=\"twitter:label1\" content=\"Estimated reading time\" \/>\n\t<meta name=\"twitter:data1\" content=\"3 minutes\" \/>\n<script type=\"application\/ld+json\" class=\"yoast-schema-graph\">{\"@context\":\"https:\/\/schema.org\",\"@graph\":[{\"@type\":\"WebPage\",\"@id\":\"https:\/\/inspiramar.es\/preguntas-frecuentes\/\",\"url\":\"https:\/\/inspiramar.es\/preguntas-frecuentes\/\",\"name\":\"PREGUNTAS FRECUENTES - Inspiramar, tu alojamiento ideal para experiencias rom\u00e1nticas cerca de Pe\u00f1\u00edscola\",\"isPartOf\":{\"@id\":\"http:\/\/inspiramar.es\/#website\"},\"datePublished\":\"2025-06-12T07:38:02+00:00\",\"dateModified\":\"2025-09-01T11:10:39+00:00\",\"description\":\"Preguntas frecuentes sobre Inspiramar. Toda la informaci\u00f3n pr\u00e1ctica que necesitas sobre los lofts, Benicarl\u00f3 y sus alrededores.\",\"breadcrumb\":{\"@id\":\"https:\/\/inspiramar.es\/preguntas-frecuentes\/#breadcrumb\"},\"inLanguage\":\"en-GB\",\"potentialAction\":[{\"@type\":\"ReadAction\",\"target\":[\"https:\/\/inspiramar.es\/preguntas-frecuentes\/\"]}]},{\"@type\":\"BreadcrumbList\",\"@id\":\"https:\/\/inspiramar.es\/preguntas-frecuentes\/#breadcrumb\",\"itemListElement\":[{\"@type\":\"ListItem\",\"position\":1,\"name\":\"Portada\",\"item\":\"https:\/\/inspiramar.es\/\"},{\"@type\":\"ListItem\",\"position\":2,\"name\":\"PREGUNTAS FRECUENTES\"}]},{\"@type\":\"WebSite\",\"@id\":\"http:\/\/inspiramar.es\/#website\",\"url\":\"http:\/\/inspiramar.es\/\",\"name\":\"inspiramar.es\",\"description\":\"Apartamentos Loft a primera linea de mar en Benicarl\u00f3\",\"publisher\":{\"@id\":\"http:\/\/inspiramar.es\/#organization\"},\"potentialAction\":[{\"@type\":\"SearchAction\",\"target\":{\"@type\":\"EntryPoint\",\"urlTemplate\":\"http:\/\/inspiramar.es\/?s={search_term_string}\"},\"query-input\":{\"@type\":\"PropertyValueSpecification\",\"valueRequired\":true,\"valueName\":\"search_term_string\"}}],\"inLanguage\":\"en-GB\"},{\"@type\":\"Organization\",\"@id\":\"http:\/\/inspiramar.es\/#organization\",\"name\":\"inspiramar lofts\",\"url\":\"http:\/\/inspiramar.es\/\",\"logo\":{\"@type\":\"ImageObject\",\"inLanguage\":\"en-GB\",\"@id\":\"http:\/\/inspiramar.es\/#\/schema\/logo\/image\/\",\"url\":\"https:\/\/inspiramar.es\/wp-content\/uploads\/cropped-cropped-horizontal-2-colores.png\",\"contentUrl\":\"https:\/\/inspiramar.es\/wp-content\/uploads\/cropped-cropped-horizontal-2-colores.png\",\"width\":3252,\"height\":621,\"caption\":\"inspiramar lofts\"},\"image\":{\"@id\":\"http:\/\/inspiramar.es\/#\/schema\/logo\/image\/\"},\"sameAs\":[\"https:\/\/www.facebook.com\/inspiramarlofts\",\"https:\/\/www.instagram.com\/inspiramarlofts\/\"]}]}<\/script>\n<!-- \/ Yoast SEO plugin. -->","yoast_head_json":{"title":"FAQ - Inspiramar, your ideal accommodation for romantic experiences near Pe\u00f1\u00edscola","description":"Frequently asked questions about Inspiramar. All the practical information you need about the lofts, Benicarl\u00f3, and the surrounding area.","robots":{"index":"index","follow":"follow","max-snippet":"max-snippet:-1","max-image-preview":"max-image-preview:large","max-video-preview":"max-video-preview:-1"},"canonical":"https:\/\/inspiramar.es\/en\/preguntas-frecuentes\/","og_locale":"en_GB","og_type":"article","og_title":"PREGUNTAS FRECUENTES - Inspiramar, tu alojamiento ideal para experiencias rom\u00e1nticas cerca de Pe\u00f1\u00edscola","og_description":"Preguntas frecuentes sobre Inspiramar. Toda la informaci\u00f3n pr\u00e1ctica que necesitas sobre los lofts, Benicarl\u00f3 y sus alrededores.","og_url":"https:\/\/inspiramar.es\/en\/preguntas-frecuentes\/","og_site_name":"Inspiramar, tu alojamiento ideal para experiencias rom\u00e1nticas cerca de Pe\u00f1\u00edscola","article_publisher":"https:\/\/www.facebook.com\/inspiramarlofts","article_modified_time":"2025-09-01T11:10:39+00:00","twitter_card":"summary_large_image","twitter_misc":{"Estimated reading time":"3 minutes"},"schema":{"@context":"https:\/\/schema.org","@graph":[{"@type":"WebPage","@id":"https:\/\/inspiramar.es\/preguntas-frecuentes\/","url":"https:\/\/inspiramar.es\/preguntas-frecuentes\/","name":"FAQ - Inspiramar, your ideal accommodation for romantic experiences near Pe\u00f1\u00edscola","isPartOf":{"@id":"http:\/\/inspiramar.es\/#website"},"datePublished":"2025-06-12T07:38:02+00:00","dateModified":"2025-09-01T11:10:39+00:00","description":"Frequently asked questions about Inspiramar. All the practical information you need about the lofts, Benicarl\u00f3, and the surrounding area.","breadcrumb":{"@id":"https:\/\/inspiramar.es\/preguntas-frecuentes\/#breadcrumb"},"inLanguage":"en-GB","potentialAction":[{"@type":"ReadAction","target":["https:\/\/inspiramar.es\/preguntas-frecuentes\/"]}]},{"@type":"BreadcrumbList","@id":"https:\/\/inspiramar.es\/preguntas-frecuentes\/#breadcrumb","itemListElement":[{"@type":"ListItem","position":1,"name":"Portada","item":"https:\/\/inspiramar.es\/"},{"@type":"ListItem","position":2,"name":"PREGUNTAS FRECUENTES"}]},{"@type":"WebSite","@id":"http:\/\/inspiramar.es\/#website","url":"http:\/\/inspiramar.es\/","name":"inspiramar.es","description":"Loft apartments on the seafront in Benicarl\u00f3","publisher":{"@id":"http:\/\/inspiramar.es\/#organization"},"potentialAction":[{"@type":"SearchAction","target":{"@type":"EntryPoint","urlTemplate":"http:\/\/inspiramar.es\/?s={search_term_string}"},"query-input":{"@type":"PropertyValueSpecification","valueRequired":true,"valueName":"search_term_string"}}],"inLanguage":"en-GB"},{"@type":"Organization","@id":"http:\/\/inspiramar.es\/#organization","name":"inspiramar lofts","url":"http:\/\/inspiramar.es\/","logo":{"@type":"ImageObject","inLanguage":"en-GB","@id":"http:\/\/inspiramar.es\/#\/schema\/logo\/image\/","url":"https:\/\/inspiramar.es\/wp-content\/uploads\/cropped-cropped-horizontal-2-colores.png","contentUrl":"https:\/\/inspiramar.es\/wp-content\/uploads\/cropped-cropped-horizontal-2-colores.png","width":3252,"height":621,"caption":"inspiramar lofts"},"image":{"@id":"http:\/\/inspiramar.es\/#\/schema\/logo\/image\/"},"sameAs":["https:\/\/www.facebook.com\/inspiramarlofts","https:\/\/www.instagram.com\/inspiramarlofts\/"]}]}},"_links":{"self":[{"href":"https:\/\/inspiramar.es\/en\/wp-json\/wp\/v2\/pages\/3646","targetHints":{"allow":["GET"]}}],"collection":[{"href":"https:\/\/inspiramar.es\/en\/wp-json\/wp\/v2\/pages"}],"about":[{"href":"https:\/\/inspiramar.es\/en\/wp-json\/wp\/v2\/types\/page"}],"author":[{"embeddable":true,"href":"https:\/\/inspiramar.es\/en\/wp-json\/wp\/v2\/users\/3"}],"replies":[{"embeddable":true,"href":"https:\/\/inspiramar.es\/en\/wp-json\/wp\/v2\/comments?post=3646"}],"version-history":[{"count":28,"href":"https:\/\/inspiramar.es\/en\/wp-json\/wp\/v2\/pages\/3646\/revisions"}],"predecessor-version":[{"id":4565,"href":"https:\/\/inspiramar.es\/en\/wp-json\/wp\/v2\/pages\/3646\/revisions\/4565"}],"wp:attachment":[{"href":"https:\/\/inspiramar.es\/en\/wp-json\/wp\/v2\/media?parent=3646"}],"curies":[{"name":"wp","href":"https:\/\/api.w.org\/{rel}","templated":true}]}}