{"id":4419,"date":"2025-08-28T09:14:45","date_gmt":"2025-08-28T07:14:45","guid":{"rendered":"https:\/\/inspiramar.es\/?page_id=4419"},"modified":"2025-08-28T09:14:45","modified_gmt":"2025-08-28T07:14:45","slug":"declaracion-de-accesibilidad","status":"publish","type":"page","link":"https:\/\/inspiramar.es\/ca\/declaracion-de-accesibilidad\/","title":{"rendered":"Declaraci\u00f3 d&#039;accessibilitat"},"content":{"rendered":"<p>Inspiramar SL s&#039;ha comprom\u00e8s a fer accessible el vostre lloc web, de conformitat amb el Reial Decret 1112\/2018, de 7 de setembre.<\/p>\n\n\n\n<p>Aquesta declaraci\u00f3 d&#039;accessibilitat s&#039;aplica al web inspiramar.es<\/p>\n\n\n\n<h2 class=\"wp-block-heading\">Situaci\u00f3 de compliment<\/h2>\n\n\n\n<p>Aquest lloc web \u00e9s parcialment conforme amb el Reial decret 1112\/2018, de 7 de setembre, a causa de la manca de conformitat dels aspectes que s&#039;indiquen a continuaci\u00f3.<\/p>\n\n\n\n<h2 class=\"wp-block-heading\">Contingut no accessible<\/h2>\n\n\n\n<p>El contingut que es recull a continuaci\u00f3 no \u00e9s accessible pel seg\u00fcent:<\/p>\n\n\n\n<ul class=\"wp-block-list\">\n<li>Manca de conformitat amb el Reial Decret 1112\/2018, de 7 de setembre: podrien existir errors puntuals d&#039;edici\u00f3 en alguna p\u00e0gina web.<\/li>\n\n\n\n<li>C\u00e0rrega desproporcionada: no s&#039;aplica.<\/li>\n\n\n\n<li>El contingut no entra dins l\u00e0mbit de la legislaci\u00f3 aplicable: no aplica.<\/li>\n<\/ul>\n\n\n\n<h2 class=\"wp-block-heading\">Preparaci\u00f3 d&#039;aquesta declaraci\u00f3 d&#039;accessibilitat<\/h2>\n\n\n\n<ul class=\"wp-block-list\">\n<li>Aquesta declaraci\u00f3 va ser preparada el 20 dabril de 2025.<\/li>\n\n\n\n<li>El m\u00e8tode emprat per preparar la declaraci\u00f3 ha estat una autoavaluaci\u00f3.<\/li>\n\n\n\n<li>\u00daltima revisi\u00f3 de la declaraci\u00f3: 28 d&#039;agost del 2025.<\/li>\n<\/ul>\n\n\n\n<h2 class=\"wp-block-heading\">Observacions i dades de contacte<\/h2>\n\n\n\n<p>Podeu realitzar comunicacions sobre requisits d&#039;accessibilitat (article 10.2.a) del Reial decret 1112\/2018, de 7 de setembre) com, per exemple:<\/p>\n\n\n\n<ul class=\"wp-block-list\">\n<li>Informar sobre qualsevol possible incompliment per part daquest lloc web.<\/li>\n\n\n\n<li>Transmetre altres dificultats dacc\u00e9s al contingut.<\/li>\n\n\n\n<li>Formular qualsevol altra consulta o suggeriment de millora relativa a laccessibilitat del lloc web.<\/li>\n<\/ul>\n\n\n\n<p>A trav\u00e9s de les vies seg\u00fcents:<\/p>\n\n\n\n<ul class=\"wp-block-list\">\n<li>Correu electr\u00f2nic: hola@inspirmar.es<\/li>\n<\/ul>","protected":false},"excerpt":{"rendered":"<p>Inspiramar SL se ha comprometido a hacer accesible su sitio web, de conformidad con el Real Decreto 1112\/2018, de 7 de septiembre. La presente declaraci\u00f3n de accesibilidad se aplica al sitio web\u00a0inspiramar.es Situaci\u00f3n de cumplimiento Este sitio web es parcialmente conforme con el Real Decreto 1112\/2018, de 7 de septiembre, debido a la falta de [&hellip;]<\/p>","protected":false},"author":3,"featured_media":0,"parent":0,"menu_order":0,"comment_status":"closed","ping_status":"closed","template":"","meta":{"_acf_changed":false,"site-sidebar-layout":"default","site-content-layout":"","ast-site-content-layout":"default","site-content-style":"default","site-sidebar-style":"default","ast-global-header-display":"","ast-banner-title-visibility":"","ast-main-header-display":"","ast-hfb-above-header-display":"","ast-hfb-below-header-display":"","ast-hfb-mobile-header-display":"","site-post-title":"","ast-breadcrumbs-content":"","ast-featured-img":"","footer-sml-layout":"","theme-transparent-header-meta":"","adv-header-id-meta":"","stick-header-meta":"","header-above-stick-meta":"","header-main-stick-meta":"","header-below-stick-meta":"","astra-migrate-meta-layouts":"set","ast-page-background-enabled":"default","ast-page-background-meta":{"desktop":{"background-color":"","background-image":"","background-repeat":"repeat","background-position":"center center","background-size":"auto","background-attachment":"scroll","background-type":"","background-media":"","overlay-type":"","overlay-color":"","overlay-opacity":"","overlay-gradient":""},"tablet":{"background-color":"","background-image":"","background-repeat":"repeat","background-position":"center center","background-size":"auto","background-attachment":"scroll","background-type":"","background-media":"","overlay-type":"","overlay-color":"","overlay-opacity":"","overlay-gradient":""},"mobile":{"background-color":"","background-image":"","background-repeat":"repeat","background-position":"center center","background-size":"auto","background-attachment":"scroll","background-type":"","background-media":"","overlay-type":"","overlay-color":"","overlay-opacity":"","overlay-gradient":""}},"ast-content-background-meta":{"desktop":{"background-color":"var(--ast-global-color-5)","background-image":"","background-repeat":"repeat","background-position":"center center","background-size":"auto","background-attachment":"scroll","background-type":"","background-media":"","overlay-type":"","overlay-color":"","overlay-opacity":"","overlay-gradient":""},"tablet":{"background-color":"var(--ast-global-color-5)","background-image":"","background-repeat":"repeat","background-position":"center center","background-size":"auto","background-attachment":"scroll","background-type":"","background-media":"","overlay-type":"","overlay-color":"","overlay-opacity":"","overlay-gradient":""},"mobile":{"background-color":"var(--ast-global-color-5)","background-image":"","background-repeat":"repeat","background-position":"center center","background-size":"auto","background-attachment":"scroll","background-type":"","background-media":"","overlay-type":"","overlay-color":"","overlay-opacity":"","overlay-gradient":""}},"_joinchat":[],"footnotes":""},"class_list":["post-4419","page","type-page","status-publish","hentry"],"acf":[],"yoast_head":"<!-- This site is optimized with the Yoast SEO plugin v26.0 - https:\/\/yoast.com\/wordpress\/plugins\/seo\/ -->\n<title>Declaraci\u00f3n de Accesibilidad - Inspiramar, tu alojamiento ideal para experiencias rom\u00e1nticas cerca de Pe\u00f1\u00edscola<\/title>\n<meta name=\"robots\" content=\"index, follow, max-snippet:-1, max-image-preview:large, max-video-preview:-1\" \/>\n<link rel=\"canonical\" href=\"https:\/\/inspiramar.es\/ca\/declaracion-de-accesibilidad\/\" \/>\n<meta property=\"og:locale\" content=\"ca_ES\" \/>\n<meta property=\"og:type\" content=\"article\" \/>\n<meta property=\"og:title\" content=\"Declaraci\u00f3n de Accesibilidad - Inspiramar, tu alojamiento ideal para experiencias rom\u00e1nticas cerca de Pe\u00f1\u00edscola\" \/>\n<meta property=\"og:description\" content=\"Inspiramar SL se ha comprometido a hacer accesible su sitio web, de conformidad con el Real Decreto 1112\/2018, de 7 de septiembre. La presente declaraci\u00f3n de accesibilidad se aplica al sitio web\u00a0inspiramar.es Situaci\u00f3n de cumplimiento Este sitio web es parcialmente conforme con el Real Decreto 1112\/2018, de 7 de septiembre, debido a la falta de [&hellip;]\" \/>\n<meta property=\"og:url\" content=\"https:\/\/inspiramar.es\/ca\/declaracion-de-accesibilidad\/\" \/>\n<meta property=\"og:site_name\" content=\"Inspiramar, tu alojamiento ideal para experiencias rom\u00e1nticas cerca de Pe\u00f1\u00edscola\" \/>\n<meta property=\"article:publisher\" content=\"https:\/\/www.facebook.com\/inspiramarlofts\" \/>\n<meta name=\"twitter:card\" content=\"summary_large_image\" \/>\n<meta name=\"twitter:label1\" content=\"Temps estimat de lectura\" \/>\n\t<meta name=\"twitter:data1\" content=\"2 minuts\" \/>\n<script type=\"application\/ld+json\" class=\"yoast-schema-graph\">{\"@context\":\"https:\/\/schema.org\",\"@graph\":[{\"@type\":\"WebPage\",\"@id\":\"https:\/\/inspiramar.es\/declaracion-de-accesibilidad\/\",\"url\":\"https:\/\/inspiramar.es\/declaracion-de-accesibilidad\/\",\"name\":\"Declaraci\u00f3n de Accesibilidad - Inspiramar, tu alojamiento ideal para experiencias rom\u00e1nticas cerca de Pe\u00f1\u00edscola\",\"isPartOf\":{\"@id\":\"http:\/\/inspiramar.es\/#website\"},\"datePublished\":\"2025-08-28T07:14:45+00:00\",\"breadcrumb\":{\"@id\":\"https:\/\/inspiramar.es\/declaracion-de-accesibilidad\/#breadcrumb\"},\"inLanguage\":\"ca\",\"potentialAction\":[{\"@type\":\"ReadAction\",\"target\":[\"https:\/\/inspiramar.es\/declaracion-de-accesibilidad\/\"]}]},{\"@type\":\"BreadcrumbList\",\"@id\":\"https:\/\/inspiramar.es\/declaracion-de-accesibilidad\/#breadcrumb\",\"itemListElement\":[{\"@type\":\"ListItem\",\"position\":1,\"name\":\"Portada\",\"item\":\"https:\/\/inspiramar.es\/\"},{\"@type\":\"ListItem\",\"position\":2,\"name\":\"Declaraci\u00f3n de Accesibilidad\"}]},{\"@type\":\"WebSite\",\"@id\":\"http:\/\/inspiramar.es\/#website\",\"url\":\"http:\/\/inspiramar.es\/\",\"name\":\"inspiramar.es\",\"description\":\"Apartamentos Loft a primera linea de mar en Benicarl\u00f3\",\"publisher\":{\"@id\":\"http:\/\/inspiramar.es\/#organization\"},\"potentialAction\":[{\"@type\":\"SearchAction\",\"target\":{\"@type\":\"EntryPoint\",\"urlTemplate\":\"http:\/\/inspiramar.es\/?s={search_term_string}\"},\"query-input\":{\"@type\":\"PropertyValueSpecification\",\"valueRequired\":true,\"valueName\":\"search_term_string\"}}],\"inLanguage\":\"ca\"},{\"@type\":\"Organization\",\"@id\":\"http:\/\/inspiramar.es\/#organization\",\"name\":\"inspiramar lofts\",\"url\":\"http:\/\/inspiramar.es\/\",\"logo\":{\"@type\":\"ImageObject\",\"inLanguage\":\"ca\",\"@id\":\"http:\/\/inspiramar.es\/#\/schema\/logo\/image\/\",\"url\":\"https:\/\/inspiramar.es\/wp-content\/uploads\/cropped-cropped-horizontal-2-colores.png\",\"contentUrl\":\"https:\/\/inspiramar.es\/wp-content\/uploads\/cropped-cropped-horizontal-2-colores.png\",\"width\":3252,\"height\":621,\"caption\":\"inspiramar lofts\"},\"image\":{\"@id\":\"http:\/\/inspiramar.es\/#\/schema\/logo\/image\/\"},\"sameAs\":[\"https:\/\/www.facebook.com\/inspiramarlofts\",\"https:\/\/www.instagram.com\/inspiramarlofts\/\"]}]}<\/script>\n<!-- \/ Yoast SEO plugin. -->","yoast_head_json":{"title":"Declaraci\u00f3 d&#039;Accessibilitat - Inspiramar, el teu allotjament ideal per a experi\u00e8ncies rom\u00e0ntiques a prop de Pen\u00edscola","robots":{"index":"index","follow":"follow","max-snippet":"max-snippet:-1","max-image-preview":"max-image-preview:large","max-video-preview":"max-video-preview:-1"},"canonical":"https:\/\/inspiramar.es\/ca\/declaracion-de-accesibilidad\/","og_locale":"ca_ES","og_type":"article","og_title":"Declaraci\u00f3n de Accesibilidad - Inspiramar, tu alojamiento ideal para experiencias rom\u00e1nticas cerca de Pe\u00f1\u00edscola","og_description":"Inspiramar SL se ha comprometido a hacer accesible su sitio web, de conformidad con el Real Decreto 1112\/2018, de 7 de septiembre. La presente declaraci\u00f3n de accesibilidad se aplica al sitio web\u00a0inspiramar.es Situaci\u00f3n de cumplimiento Este sitio web es parcialmente conforme con el Real Decreto 1112\/2018, de 7 de septiembre, debido a la falta de [&hellip;]","og_url":"https:\/\/inspiramar.es\/ca\/declaracion-de-accesibilidad\/","og_site_name":"Inspiramar, tu alojamiento ideal para experiencias rom\u00e1nticas cerca de Pe\u00f1\u00edscola","article_publisher":"https:\/\/www.facebook.com\/inspiramarlofts","twitter_card":"summary_large_image","twitter_misc":{"Temps estimat de lectura":"2 minuts"},"schema":{"@context":"https:\/\/schema.org","@graph":[{"@type":"WebPage","@id":"https:\/\/inspiramar.es\/declaracion-de-accesibilidad\/","url":"https:\/\/inspiramar.es\/declaracion-de-accesibilidad\/","name":"Declaraci\u00f3 d&#039;Accessibilitat - Inspiramar, el teu allotjament ideal per a experi\u00e8ncies rom\u00e0ntiques a prop de Pen\u00edscola","isPartOf":{"@id":"http:\/\/inspiramar.es\/#website"},"datePublished":"2025-08-28T07:14:45+00:00","breadcrumb":{"@id":"https:\/\/inspiramar.es\/declaracion-de-accesibilidad\/#breadcrumb"},"inLanguage":"ca","potentialAction":[{"@type":"ReadAction","target":["https:\/\/inspiramar.es\/declaracion-de-accesibilidad\/"]}]},{"@type":"BreadcrumbList","@id":"https:\/\/inspiramar.es\/declaracion-de-accesibilidad\/#breadcrumb","itemListElement":[{"@type":"ListItem","position":1,"name":"Portada","item":"https:\/\/inspiramar.es\/"},{"@type":"ListItem","position":2,"name":"Declaraci\u00f3n de Accesibilidad"}]},{"@type":"WebSite","@id":"http:\/\/inspiramar.es\/#website","url":"http:\/\/inspiramar.es\/","name":"inspiramar.es","description":"Apartaments Loft a primera l\u00ednia de mar a Benicarl\u00f3","publisher":{"@id":"http:\/\/inspiramar.es\/#organization"},"potentialAction":[{"@type":"SearchAction","target":{"@type":"EntryPoint","urlTemplate":"http:\/\/inspiramar.es\/?s={search_term_string}"},"query-input":{"@type":"PropertyValueSpecification","valueRequired":true,"valueName":"search_term_string"}}],"inLanguage":"ca"},{"@type":"Organization","@id":"http:\/\/inspiramar.es\/#organization","name":"Inspiramar Lofts","url":"http:\/\/inspiramar.es\/","logo":{"@type":"ImageObject","inLanguage":"ca","@id":"http:\/\/inspiramar.es\/#\/schema\/logo\/image\/","url":"https:\/\/inspiramar.es\/wp-content\/uploads\/cropped-cropped-horizontal-2-colores.png","contentUrl":"https:\/\/inspiramar.es\/wp-content\/uploads\/cropped-cropped-horizontal-2-colores.png","width":3252,"height":621,"caption":"inspiramar lofts"},"image":{"@id":"http:\/\/inspiramar.es\/#\/schema\/logo\/image\/"},"sameAs":["https:\/\/www.facebook.com\/inspiramarlofts","https:\/\/www.instagram.com\/inspiramarlofts\/"]}]}},"_links":{"self":[{"href":"https:\/\/inspiramar.es\/ca\/wp-json\/wp\/v2\/pages\/4419","targetHints":{"allow":["GET"]}}],"collection":[{"href":"https:\/\/inspiramar.es\/ca\/wp-json\/wp\/v2\/pages"}],"about":[{"href":"https:\/\/inspiramar.es\/ca\/wp-json\/wp\/v2\/types\/page"}],"author":[{"embeddable":true,"href":"https:\/\/inspiramar.es\/ca\/wp-json\/wp\/v2\/users\/3"}],"replies":[{"embeddable":true,"href":"https:\/\/inspiramar.es\/ca\/wp-json\/wp\/v2\/comments?post=4419"}],"version-history":[{"count":1,"href":"https:\/\/inspiramar.es\/ca\/wp-json\/wp\/v2\/pages\/4419\/revisions"}],"predecessor-version":[{"id":4420,"href":"https:\/\/inspiramar.es\/ca\/wp-json\/wp\/v2\/pages\/4419\/revisions\/4420"}],"wp:attachment":[{"href":"https:\/\/inspiramar.es\/ca\/wp-json\/wp\/v2\/media?parent=4419"}],"curies":[{"name":"wp","href":"https:\/\/api.w.org\/{rel}","templated":true}]}}