{"id":3646,"date":"2025-06-12T09:38:02","date_gmt":"2025-06-12T07:38:02","guid":{"rendered":"https:\/\/inspiramar.es\/?page_id=3646"},"modified":"2025-09-01T13:10:39","modified_gmt":"2025-09-01T11:10:39","slug":"preguntas-frecuentes","status":"publish","type":"page","link":"https:\/\/inspiramar.es\/ca\/preguntas-frecuentes\/","title":{"rendered":"PREGUNTES FREQ\u00dcENTS"},"content":{"rendered":"<div data-elementor-type=\"wp-page\" data-elementor-id=\"3646\" class=\"elementor elementor-3646\" data-elementor-post-type=\"page\">\n\t\t\t\t\t\t<section class=\"elementor-section elementor-top-section elementor-element elementor-element-3bc8376 elementor-section-full_width elementor-section-height-min-height elementor-section-items-top elementor-section-height-default\" data-id=\"3bc8376\" data-element_type=\"section\" data-settings=\"{&quot;background_background&quot;:&quot;classic&quot;}\">\n\t\t\t\t\t\t<div class=\"elementor-container elementor-column-gap-default\">\n\t\t\t\t\t<div class=\"elementor-column elementor-col-100 elementor-top-column elementor-element elementor-element-41d3fa7\" data-id=\"41d3fa7\" data-element_type=\"column\">\n\t\t\t<div class=\"elementor-widget-wrap\">\n\t\t\t\t\t\t\t<\/div>\n\t\t<\/div>\n\t\t\t\t\t<\/div>\n\t\t<\/section>\n\t\t\t\t<section class=\"elementor-section elementor-top-section elementor-element elementor-element-77add9d elementor-section-boxed elementor-section-height-default elementor-section-height-default\" data-id=\"77add9d\" data-element_type=\"section\">\n\t\t\t\t\t\t<div class=\"elementor-container elementor-column-gap-default\">\n\t\t\t\t\t<div class=\"elementor-column elementor-col-100 elementor-top-column elementor-element elementor-element-6b53722\" data-id=\"6b53722\" data-element_type=\"column\">\n\t\t\t<div class=\"elementor-widget-wrap elementor-element-populated\">\n\t\t\t\t\t\t<div class=\"elementor-element elementor-element-4d53c30 elementor-widget elementor-widget-heading\" data-id=\"4d53c30\" data-element_type=\"widget\" data-widget_type=\"heading.default\">\n\t\t\t\t<div class=\"elementor-widget-container\">\n\t\t\t\t\t<h2 class=\"elementor-heading-title elementor-size-default\">INFORMACI\u00d3 PR\u00c0CTICA EN UN SOL LLOC<\/h2>\t\t\t\t<\/div>\n\t\t\t\t<\/div>\n\t\t\t\t\t<\/div>\n\t\t<\/div>\n\t\t\t\t\t<\/div>\n\t\t<\/section>\n\t\t\t\t<section class=\"elementor-section elementor-top-section elementor-element elementor-element-cf3a601 elementor-section-boxed elementor-section-height-default elementor-section-height-default\" data-id=\"cf3a601\" data-element_type=\"section\">\n\t\t\t\t\t\t<div class=\"elementor-container elementor-column-gap-default\">\n\t\t\t\t\t<div class=\"elementor-column elementor-col-100 elementor-top-column elementor-element elementor-element-90d5890\" data-id=\"90d5890\" data-element_type=\"column\">\n\t\t\t<div class=\"elementor-widget-wrap elementor-element-populated\">\n\t\t\t\t\t\t<div class=\"elementor-element elementor-element-7f06ec0 elementor-widget elementor-widget-heading\" data-id=\"7f06ec0\" data-element_type=\"widget\" data-widget_type=\"heading.default\">\n\t\t\t\t<div class=\"elementor-widget-container\">\n\t\t\t\t\t<h2 class=\"elementor-heading-title elementor-size-default\">On aparcar?<\/h2>\t\t\t\t<\/div>\n\t\t\t\t<\/div>\n\t\t\t\t<div class=\"elementor-element elementor-element-6c91a5b elementor-widget elementor-widget-text-editor\" data-id=\"6c91a5b\" data-element_type=\"widget\" data-widget_type=\"text-editor.default\">\n\t\t\t\t<div class=\"elementor-widget-container\">\n\t\t\t\t\t\t\t\t\t<p>Hi ha diverses zones gratu\u00eftes molt a prop on podr\u00e0s deixar el cotxe sense complicacions:<\/p><ul><li>Just davant, a l&#039;escola de vela (caseta de fusta davant d&#039;Inspiramar).<\/li><li>Als voltants de Marina Benicarl\u00f3.<\/li><li>A l&#039;Avinguda Marqu\u00e8s de Benicarl\u00f3.<\/li><li>Al Carrer Crist del Mar.<\/li><li>A l&#039;aparcament p\u00fablic davant de la Llotja de peix.<\/li><\/ul>\t\t\t\t\t\t\t\t<\/div>\n\t\t\t\t<\/div>\n\t\t\t\t<div class=\"elementor-element elementor-element-42aff2a elementor-widget-divider--view-line elementor-widget elementor-widget-divider\" data-id=\"42aff2a\" data-element_type=\"widget\" data-widget_type=\"divider.default\">\n\t\t\t\t<div class=\"elementor-widget-container\">\n\t\t\t\t\t\t\t<div class=\"elementor-divider\">\n\t\t\t<span class=\"elementor-divider-separator\">\n\t\t\t\t\t\t<\/span>\n\t\t<\/div>\n\t\t\t\t\t\t<\/div>\n\t\t\t\t<\/div>\n\t\t\t\t<div class=\"elementor-element elementor-element-066f98e elementor-widget elementor-widget-heading\" data-id=\"066f98e\" data-element_type=\"widget\" data-widget_type=\"heading.default\">\n\t\t\t\t<div class=\"elementor-widget-container\">\n\t\t\t\t\t<h2 class=\"elementor-heading-title elementor-size-default\">Com arribar-hi?<\/h2>\t\t\t\t<\/div>\n\t\t\t\t<\/div>\n\t\t\t\t<div class=\"elementor-element elementor-element-ec43f08 elementor-widget elementor-widget-text-editor\" data-id=\"ec43f08\" data-element_type=\"widget\" data-widget_type=\"text-editor.default\">\n\t\t\t\t<div class=\"elementor-widget-container\">\n\t\t\t\t\t\t\t\t\t<p align=\"left\"><strong>Amb cotxe:<\/strong><\/p>\n<ul>\n<li>\n<p align=\"left\">Des de Barcelona o Val\u00e8ncia agafeu l&#039;autopista AP-7 (sortida 43 Pen\u00edscola-Benicarl\u00f3). Tamb\u00e9 es pot fer servir la N-340. Des del nord d&#039;Espanya prendre l&#039;A-68 i la N-232 fins a Vinar\u00f2s i enlla\u00e7ar amb la N-340 fins a Benicarl\u00f3, direcci\u00f3 Castell\u00f3.<\/p>\n<\/li>\n<\/ul>\n<p align=\"left\"><strong>Amb tren:<\/strong><\/p>\n<ul>\n<li>\n<p align=\"left\"><span style=\"color: #1a6c7a;\"><a style=\"color: #1a6c7a;\" href=\"https:\/\/goo.gl\/maps\/X8GqHv5dSQ5LRs6J9\" target=\"_blank\" rel=\"noopener\"><u>Estaci\u00f3 Benicarl\u00f3-Pen\u00edscola (a 2,2 km d'inspiramar)<\/u><\/a><\/span> Pl. de l&#039;Estaci\u00f3 s\/n, Benicarl\u00f3. Tel. 902 320 320. Consulta els horaris a <span style=\"color: #1a6c7a;\"><a style=\"color: #1a6c7a;\" href=\"https:\/\/www.renfe.com\/\" target=\"_blank\" rel=\"noopener\">www.renfe.com.<\/a>&nbsp;<\/span>Des de Barcelona tens 4\/5 sortides di\u00e0ries per anar\/tornar amb trens Regionals, Intercity, Talgo o Alvia.<\/p>\n<\/li>\n<li>\n<p align=\"left\">Des de Val\u00e8ncia tens m\u00e9s de 10 sortides di\u00e0ries per anar\/tornar amb trens Regionals, Intercity, Talgo o Alvia.<\/p>\n<\/li>\n<li>\n<p align=\"left\">Des de Madrid: parada a Castell\u00f3 de la Plana i Val\u00e8ncia segons trajecte. En cas de no disposar d&#039;AVE directe, es pot enlla\u00e7ar un regional, Intercity, etc. fins a \/ des de Val\u00e8ncia. Hi ha enlla\u00e7os AVE-Intercity que permeten realitzar el trajecte Madrid-Benicarl\u00f3 en menys de 4h.<\/p>\n<\/li>\n<\/ul>\n<p align=\"left\"><strong>Amb avi\u00f3:<\/strong><\/p>\n<ul>\n<li>Aeroport de Barcelona: dues hores amb cotxe, amb un total de 234km. <span style=\"color: #1a6c7a;\"><a style=\"color: #1a6c7a;\" href=\"https:\/\/goo.gl\/maps\/4giv2QAVBMSfbdD88\" target=\"_blank\" rel=\"noopener\"><u>Vegeu itinerari.<\/u><\/a><\/span><\/li>\n<li>Aeroport de Val\u00e8ncia: una hora i vint minuts amb cotxe, amb un total de 146km.<span style=\"color: #1a6c7a;\"> <a style=\"color: #1a6c7a;\" href=\"https:\/\/goo.gl\/maps\/vuaJ1nymx5gV93jX6\" target=\"_blank\" rel=\"noopener\"><u>Vegeu itinerari.<\/u><\/a><\/span><\/li>\n<li>Aeroport de Reus: una hora i quinze minuts amb cotxe, amb un total de 115km. <span style=\"color: #1a6c7a;\"><a style=\"color: #1a6c7a;\" href=\"https:\/\/goo.gl\/maps\/vuaJ1nymx5gV93jX6\" target=\"_blank\" rel=\"noopener\"><u>Vegeu itinerari.<\/u><\/a><\/span><\/li>\n<li>Aeroport de Castell\u00f3: 30 minuts amb cotxe, amb un total de 47km. <span style=\"color: #1a6c7a;\"><a style=\"color: #1a6c7a;\" href=\"https:\/\/goo.gl\/maps\/wnhQgiKamvbGFiFX9\" target=\"_blank\" rel=\"noopener\"><u>Vegeu itinerari.<\/u><\/a><\/span><\/li>\n<\/ul>\n<p align=\"left\"><strong>Amb vaixell:<\/strong><\/p>\n<p align=\"left\">Si viatges amb vaixell, just davant d&#039;Inspiramar, al port esportiu de Benicarl\u00f3, es troba Marina Benicarl\u00f3 (LATITUD 40\u00ba 24\u2032 5 N. LONGITUD 000\u00ba 26\u2032 E.). 300 amarratges amb serveis n\u00e0utics integrals, nom\u00e9s a 3 milles n\u00e0utiques de Pen\u00edscola. Contacta amb el local capitania <span style=\"color: #1a6c7a;\"><a style=\"color: #1a6c7a;\" href=\"mailto:info@marinabenicarlo.com\" target=\"_blank\" rel=\"noopener\"><u>info@marinabenicarlo.com,<\/u><\/a><\/span> <span style=\"color: #1a6c7a;\"><a style=\"color: #1a6c7a;\" href=\"http:\/\/www.marinabenicarlo.com\/\" target=\"_blank\" rel=\"noopener\"><u>www.marinabenicarlo.com<\/u><\/a><\/span> o al tel. 964 46 23 30 per reservar el teu amarratge.<\/p>\n<p align=\"left\">Horari d&#039;Oficina:<\/p>\n<ul>\n<li>\n<p align=\"left\">DE DILLUNS A DISSABTE DE 09:00 a 14:00 i de 16:00 a 19:00.<\/p>\n<\/li>\n<li>\n<p align=\"left\">DIUMENGES I FESTIUS DE 09:00 a 14:00.<\/p>\n<\/li>\n<\/ul>\n<p align=\"left\">Consulta descomptes especials a Inspiramar lofts per a clients de Marina Benicarl\u00f3!<\/p>\n<p align=\"left\"><strong>Amb autob\u00fas<\/strong><\/p>\n<ul>\n<li>Castell\u00f3 i prov\u00edncia: Autos Mediterrani<br><span style=\"color: #1a6c7a;\"><a style=\"color: #1a6c7a;\" href=\"https:\/\/www.autosmediterraneo.com\/wp-content\/uploads\/2020\/09\/28.09-VINAR%C3%92S-BENICARL%C3%93-PE%C3%91ISCOLA1.pdf\" target=\"_blank\" rel=\"noopener\">L\u00ednia Castell\u00f3-Vinar\u00f2s<\/a><\/span><br><a href=\"https:\/\/www.autosmediterraneo.com\/wp-content\/uploads\/2020\/09\/28.09-ALBOCASSER-BENICARL%C3%93.pdf\" target=\"_blank\" rel=\"noopener\"><span style=\"color: #1a6c7a;\">L\u00ednea Benicarl\u00f3-Alboc\u00e0sser<\/span><\/a><br>Parada Benicarl\u00f3: Casal-Convent de Sant Francesc<\/li>\n<li>Valencia, Castell\u00f3n, Barcelona, Zaragoza, Tarragona, Pamplona, San Sebasti\u00e1n, Santander, Bilbao, Vitoria, Port Aventura, Sant Carles, Amposta, Tortosa, Salou: Autocares HIFE<br><span style=\"color: #1a6c7a;\"><a style=\"color: #1a6c7a;\" href=\"https:\/\/www.hife.es\/\" target=\"_blank\" rel=\"noopener\">www.hife.es<\/a><\/span><br>Tel. 902 119 814<br>hife@hife.es<br>Parada Benicarl\u00f3: Casal-Convent de Sant Francesc<\/li>\n<li>Madrid: Avan\u00e7a Bus<br><a href=\"https:\/\/www.avanzabus.com\/\" target=\"_blank\" rel=\"noopener\"><span style=\"color: #1a6c7a;\">www.avanzabus.com<\/span><\/a><br>Tel. 912 72 28 32<br>informacion@avanzabus.com<br>Parada Benicarl\u00f3: Pl. de la Constituci\u00f3<\/li>\n<\/ul>\t\t\t\t\t\t\t\t<\/div>\n\t\t\t\t<\/div>\n\t\t\t\t<div class=\"elementor-element elementor-element-b2fca08 elementor-widget-divider--view-line elementor-widget elementor-widget-divider\" data-id=\"b2fca08\" data-element_type=\"widget\" data-widget_type=\"divider.default\">\n\t\t\t\t<div class=\"elementor-widget-container\">\n\t\t\t\t\t\t\t<div class=\"elementor-divider\">\n\t\t\t<span class=\"elementor-divider-separator\">\n\t\t\t\t\t\t<\/span>\n\t\t<\/div>\n\t\t\t\t\t\t<\/div>\n\t\t\t\t<\/div>\n\t\t\t\t<div class=\"elementor-element elementor-element-7eb30ab elementor-widget elementor-widget-heading\" data-id=\"7eb30ab\" data-element_type=\"widget\" data-widget_type=\"heading.default\">\n\t\t\t\t<div class=\"elementor-widget-container\">\n\t\t\t\t\t<h2 class=\"elementor-heading-title elementor-size-default\">Normes b\u00e0siques<\/h2>\t\t\t\t<\/div>\n\t\t\t\t<\/div>\n\t\t\t\t<div class=\"elementor-element elementor-element-0cf87ec elementor-widget elementor-widget-text-editor\" data-id=\"0cf87ec\" data-element_type=\"widget\" data-widget_type=\"text-editor.default\">\n\t\t\t\t<div class=\"elementor-widget-container\">\n\t\t\t\t\t\t\t\t\t<ul><li aria-level=\"1\">Es prohibeix fumar dins dels apartaments.<\/li><li aria-level=\"1\">No s\u00b4admeten mascotes (recomanable mirar les opcions de l\u00b4hotel de mascotes Can Pou de l\u00b4Olla a Benicarl\u00f3).<\/li><li aria-level=\"1\">No es permeten festes.<\/li><li aria-level=\"1\">Est\u00e0 prohibit ocupar l\u00b4apartament amb m\u00e9s persones de les declarades.<\/li><li aria-level=\"1\">El mobiliari i les instal\u00b7lacions s&#039;han de cuidar i fer servir apropiadament (fian\u00e7a de 100\u20ac per aquest motiu).<\/li><\/ul>\t\t\t\t\t\t\t\t<\/div>\n\t\t\t\t<\/div>\n\t\t\t\t<div class=\"elementor-element elementor-element-d842017 elementor-widget-divider--view-line elementor-widget elementor-widget-divider\" data-id=\"d842017\" data-element_type=\"widget\" data-widget_type=\"divider.default\">\n\t\t\t\t<div class=\"elementor-widget-container\">\n\t\t\t\t\t\t\t<div class=\"elementor-divider\">\n\t\t\t<span class=\"elementor-divider-separator\">\n\t\t\t\t\t\t<\/span>\n\t\t<\/div>\n\t\t\t\t\t\t<\/div>\n\t\t\t\t<\/div>\n\t\t\t\t<div class=\"elementor-element elementor-element-06f4e14 elementor-widget elementor-widget-heading\" data-id=\"06f4e14\" data-element_type=\"widget\" data-widget_type=\"heading.default\">\n\t\t\t\t<div class=\"elementor-widget-container\">\n\t\t\t\t\t<h2 class=\"elementor-heading-title elementor-size-default\">Registre d&#039;entrada<\/h2>\t\t\t\t<\/div>\n\t\t\t\t<\/div>\n\t\t\t\t<div class=\"elementor-element elementor-element-3bcca64 elementor-widget elementor-widget-text-editor\" data-id=\"3bcca64\" data-element_type=\"widget\" data-widget_type=\"text-editor.default\">\n\t\t\t\t<div class=\"elementor-widget-container\">\n\t\t\t\t\t\t\t\t\t<p>Conscients de la incomoditat que suposa haver de quedar amb alg\u00fa perqu\u00e8 et doni les claus de l&#039;apartament a l&#039;arribada, despla\u00e7ar-te a una oficina llunyana per fer el check-in o b\u00e9 esperar a la cua de recepci\u00f3 perqu\u00e8 t&#039;atenen quan arribes cansat de viatge, hem implantat el sistema de codis segurs Code System, fabricat a Barcelona. Abans de la teva arribada rebr\u00e0s un codi de sis xifres amb qu\u00e8 podr\u00e0s entrar a l&#039;edifici i al teu loft quan vulguis. Aquests codis es generen aleat\u00f2riament i nom\u00e9s s\u00f3n v\u00e0lids per als dies de l&#039;estada, per tant s\u00f3n totalment segurs. D&#039;aquesta manera, no t&#039;has de preocupar per les claus, evitant oblits i p\u00e8rdues de les claus.<\/p>\t\t\t\t\t\t\t\t<\/div>\n\t\t\t\t<\/div>\n\t\t\t\t\t<\/div>\n\t\t<\/div>\n\t\t\t\t\t<\/div>\n\t\t<\/section>\n\t\t\t\t<\/div>","protected":false},"excerpt":{"rendered":"<p>INFORMACI\u00d3N PR\u00c1CTICA EN UN SOLO LUGAR \u00bfD\u00f3nde aparcar? Hay varias zonas gratuitas muy cerca donde podr\u00e1s dejar el coche sin complicaciones: Justo delante, en la escuela de vela (casita de madera frente a Inspiramar). En los alrededores de Marina Benicarl\u00f3. En la Avenida Marqu\u00e9s de Benicarl\u00f3. En la Calle Cristo del Mar. En el aparcamiento [&hellip;]<\/p>","protected":false},"author":3,"featured_media":0,"parent":0,"menu_order":0,"comment_status":"closed","ping_status":"closed","template":"","meta":{"_acf_changed":false,"site-sidebar-layout":"no-sidebar","site-content-layout":"page-builder","ast-site-content-layout":"full-width-container","site-content-style":"default","site-sidebar-style":"default","ast-global-header-display":"","ast-banner-title-visibility":"","ast-main-header-display":"","ast-hfb-above-header-display":"","ast-hfb-below-header-display":"","ast-hfb-mobile-header-display":"","site-post-title":"disabled","ast-breadcrumbs-content":"","ast-featured-img":"disabled","footer-sml-layout":"","theme-transparent-header-meta":"","adv-header-id-meta":"","stick-header-meta":"","header-above-stick-meta":"","header-main-stick-meta":"","header-below-stick-meta":"","astra-migrate-meta-layouts":"set","ast-page-background-enabled":"default","ast-page-background-meta":{"desktop":{"background-color":"","background-image":"","background-repeat":"repeat","background-position":"center center","background-size":"auto","background-attachment":"scroll","background-type":"","background-media":"","overlay-type":"","overlay-color":"","overlay-gradient":""},"tablet":{"background-color":"","background-image":"","background-repeat":"repeat","background-position":"center center","background-size":"auto","background-attachment":"scroll","background-type":"","background-media":"","overlay-type":"","overlay-color":"","overlay-gradient":""},"mobile":{"background-color":"","background-image":"","background-repeat":"repeat","background-position":"center center","background-size":"auto","background-attachment":"scroll","background-type":"","background-media":"","overlay-type":"","overlay-color":"","overlay-gradient":""}},"ast-content-background-meta":{"desktop":{"background-color":"var(--ast-global-color-5)","background-image":"","background-repeat":"repeat","background-position":"center center","background-size":"auto","background-attachment":"scroll","background-type":"","background-media":"","overlay-type":"","overlay-color":"","overlay-gradient":""},"tablet":{"background-color":"var(--ast-global-color-5)","background-image":"","background-repeat":"repeat","background-position":"center center","background-size":"auto","background-attachment":"scroll","background-type":"","background-media":"","overlay-type":"","overlay-color":"","overlay-gradient":""},"mobile":{"background-color":"var(--ast-global-color-5)","background-image":"","background-repeat":"repeat","background-position":"center center","background-size":"auto","background-attachment":"scroll","background-type":"","background-media":"","overlay-type":"","overlay-color":"","overlay-gradient":""}},"_joinchat":[],"footnotes":""},"class_list":["post-3646","page","type-page","status-publish","hentry"],"acf":[],"yoast_head":"<!-- This site is optimized with the Yoast SEO plugin v26.0 - https:\/\/yoast.com\/wordpress\/plugins\/seo\/ -->\n<title>PREGUNTAS FRECUENTES - Inspiramar, tu alojamiento ideal para experiencias rom\u00e1nticas cerca de Pe\u00f1\u00edscola<\/title>\n<meta name=\"description\" content=\"Preguntas frecuentes sobre Inspiramar. Toda la informaci\u00f3n pr\u00e1ctica que necesitas sobre los lofts, Benicarl\u00f3 y sus alrededores.\" \/>\n<meta name=\"robots\" content=\"index, follow, max-snippet:-1, max-image-preview:large, max-video-preview:-1\" \/>\n<link rel=\"canonical\" href=\"https:\/\/inspiramar.es\/ca\/preguntas-frecuentes\/\" \/>\n<meta property=\"og:locale\" content=\"ca_ES\" \/>\n<meta property=\"og:type\" content=\"article\" \/>\n<meta property=\"og:title\" content=\"PREGUNTAS FRECUENTES - Inspiramar, tu alojamiento ideal para experiencias rom\u00e1nticas cerca de Pe\u00f1\u00edscola\" \/>\n<meta property=\"og:description\" content=\"Preguntas frecuentes sobre Inspiramar. Toda la informaci\u00f3n pr\u00e1ctica que necesitas sobre los lofts, Benicarl\u00f3 y sus alrededores.\" \/>\n<meta property=\"og:url\" content=\"https:\/\/inspiramar.es\/ca\/preguntas-frecuentes\/\" \/>\n<meta property=\"og:site_name\" content=\"Inspiramar, tu alojamiento ideal para experiencias rom\u00e1nticas cerca de Pe\u00f1\u00edscola\" \/>\n<meta property=\"article:publisher\" content=\"https:\/\/www.facebook.com\/inspiramarlofts\" \/>\n<meta property=\"article:modified_time\" content=\"2025-09-01T11:10:39+00:00\" \/>\n<meta name=\"twitter:card\" content=\"summary_large_image\" \/>\n<meta name=\"twitter:label1\" content=\"Temps estimat de lectura\" \/>\n\t<meta name=\"twitter:data1\" content=\"3 minuts\" \/>\n<script type=\"application\/ld+json\" class=\"yoast-schema-graph\">{\"@context\":\"https:\/\/schema.org\",\"@graph\":[{\"@type\":\"WebPage\",\"@id\":\"https:\/\/inspiramar.es\/preguntas-frecuentes\/\",\"url\":\"https:\/\/inspiramar.es\/preguntas-frecuentes\/\",\"name\":\"PREGUNTAS FRECUENTES - Inspiramar, tu alojamiento ideal para experiencias rom\u00e1nticas cerca de Pe\u00f1\u00edscola\",\"isPartOf\":{\"@id\":\"http:\/\/inspiramar.es\/#website\"},\"datePublished\":\"2025-06-12T07:38:02+00:00\",\"dateModified\":\"2025-09-01T11:10:39+00:00\",\"description\":\"Preguntas frecuentes sobre Inspiramar. Toda la informaci\u00f3n pr\u00e1ctica que necesitas sobre los lofts, Benicarl\u00f3 y sus alrededores.\",\"breadcrumb\":{\"@id\":\"https:\/\/inspiramar.es\/preguntas-frecuentes\/#breadcrumb\"},\"inLanguage\":\"ca\",\"potentialAction\":[{\"@type\":\"ReadAction\",\"target\":[\"https:\/\/inspiramar.es\/preguntas-frecuentes\/\"]}]},{\"@type\":\"BreadcrumbList\",\"@id\":\"https:\/\/inspiramar.es\/preguntas-frecuentes\/#breadcrumb\",\"itemListElement\":[{\"@type\":\"ListItem\",\"position\":1,\"name\":\"Portada\",\"item\":\"https:\/\/inspiramar.es\/\"},{\"@type\":\"ListItem\",\"position\":2,\"name\":\"PREGUNTAS FRECUENTES\"}]},{\"@type\":\"WebSite\",\"@id\":\"http:\/\/inspiramar.es\/#website\",\"url\":\"http:\/\/inspiramar.es\/\",\"name\":\"inspiramar.es\",\"description\":\"Apartamentos Loft a primera linea de mar en Benicarl\u00f3\",\"publisher\":{\"@id\":\"http:\/\/inspiramar.es\/#organization\"},\"potentialAction\":[{\"@type\":\"SearchAction\",\"target\":{\"@type\":\"EntryPoint\",\"urlTemplate\":\"http:\/\/inspiramar.es\/?s={search_term_string}\"},\"query-input\":{\"@type\":\"PropertyValueSpecification\",\"valueRequired\":true,\"valueName\":\"search_term_string\"}}],\"inLanguage\":\"ca\"},{\"@type\":\"Organization\",\"@id\":\"http:\/\/inspiramar.es\/#organization\",\"name\":\"inspiramar lofts\",\"url\":\"http:\/\/inspiramar.es\/\",\"logo\":{\"@type\":\"ImageObject\",\"inLanguage\":\"ca\",\"@id\":\"http:\/\/inspiramar.es\/#\/schema\/logo\/image\/\",\"url\":\"https:\/\/inspiramar.es\/wp-content\/uploads\/cropped-cropped-horizontal-2-colores.png\",\"contentUrl\":\"https:\/\/inspiramar.es\/wp-content\/uploads\/cropped-cropped-horizontal-2-colores.png\",\"width\":3252,\"height\":621,\"caption\":\"inspiramar lofts\"},\"image\":{\"@id\":\"http:\/\/inspiramar.es\/#\/schema\/logo\/image\/\"},\"sameAs\":[\"https:\/\/www.facebook.com\/inspiramarlofts\",\"https:\/\/www.instagram.com\/inspiramarlofts\/\"]}]}<\/script>\n<!-- \/ Yoast SEO plugin. -->","yoast_head_json":{"title":"PREGUNTES FREQ\u00dcENTS - Inspiramar, el teu allotjament ideal per a experi\u00e8ncies rom\u00e0ntiques a prop de Pen\u00edscola","description":"Preguntes freq\u00fcents sobre Inspiramar. Tota la informaci\u00f3 pr\u00e0ctica que necessites sobre els lofts, Benicarl\u00f3 i els seus voltants.","robots":{"index":"index","follow":"follow","max-snippet":"max-snippet:-1","max-image-preview":"max-image-preview:large","max-video-preview":"max-video-preview:-1"},"canonical":"https:\/\/inspiramar.es\/ca\/preguntas-frecuentes\/","og_locale":"ca_ES","og_type":"article","og_title":"PREGUNTAS FRECUENTES - Inspiramar, tu alojamiento ideal para experiencias rom\u00e1nticas cerca de Pe\u00f1\u00edscola","og_description":"Preguntas frecuentes sobre Inspiramar. Toda la informaci\u00f3n pr\u00e1ctica que necesitas sobre los lofts, Benicarl\u00f3 y sus alrededores.","og_url":"https:\/\/inspiramar.es\/ca\/preguntas-frecuentes\/","og_site_name":"Inspiramar, tu alojamiento ideal para experiencias rom\u00e1nticas cerca de Pe\u00f1\u00edscola","article_publisher":"https:\/\/www.facebook.com\/inspiramarlofts","article_modified_time":"2025-09-01T11:10:39+00:00","twitter_card":"summary_large_image","twitter_misc":{"Temps estimat de lectura":"3 minuts"},"schema":{"@context":"https:\/\/schema.org","@graph":[{"@type":"WebPage","@id":"https:\/\/inspiramar.es\/preguntas-frecuentes\/","url":"https:\/\/inspiramar.es\/preguntas-frecuentes\/","name":"PREGUNTES FREQ\u00dcENTS - Inspiramar, el teu allotjament ideal per a experi\u00e8ncies rom\u00e0ntiques a prop de Pen\u00edscola","isPartOf":{"@id":"http:\/\/inspiramar.es\/#website"},"datePublished":"2025-06-12T07:38:02+00:00","dateModified":"2025-09-01T11:10:39+00:00","description":"Preguntes freq\u00fcents sobre Inspiramar. Tota la informaci\u00f3 pr\u00e0ctica que necessites sobre els lofts, Benicarl\u00f3 i els seus voltants.","breadcrumb":{"@id":"https:\/\/inspiramar.es\/preguntas-frecuentes\/#breadcrumb"},"inLanguage":"ca","potentialAction":[{"@type":"ReadAction","target":["https:\/\/inspiramar.es\/preguntas-frecuentes\/"]}]},{"@type":"BreadcrumbList","@id":"https:\/\/inspiramar.es\/preguntas-frecuentes\/#breadcrumb","itemListElement":[{"@type":"ListItem","position":1,"name":"Portada","item":"https:\/\/inspiramar.es\/"},{"@type":"ListItem","position":2,"name":"PREGUNTAS FRECUENTES"}]},{"@type":"WebSite","@id":"http:\/\/inspiramar.es\/#website","url":"http:\/\/inspiramar.es\/","name":"inspiramar.es","description":"Apartaments Loft a primera l\u00ednia de mar a Benicarl\u00f3","publisher":{"@id":"http:\/\/inspiramar.es\/#organization"},"potentialAction":[{"@type":"SearchAction","target":{"@type":"EntryPoint","urlTemplate":"http:\/\/inspiramar.es\/?s={search_term_string}"},"query-input":{"@type":"PropertyValueSpecification","valueRequired":true,"valueName":"search_term_string"}}],"inLanguage":"ca"},{"@type":"Organization","@id":"http:\/\/inspiramar.es\/#organization","name":"Inspiramar Lofts","url":"http:\/\/inspiramar.es\/","logo":{"@type":"ImageObject","inLanguage":"ca","@id":"http:\/\/inspiramar.es\/#\/schema\/logo\/image\/","url":"https:\/\/inspiramar.es\/wp-content\/uploads\/cropped-cropped-horizontal-2-colores.png","contentUrl":"https:\/\/inspiramar.es\/wp-content\/uploads\/cropped-cropped-horizontal-2-colores.png","width":3252,"height":621,"caption":"inspiramar lofts"},"image":{"@id":"http:\/\/inspiramar.es\/#\/schema\/logo\/image\/"},"sameAs":["https:\/\/www.facebook.com\/inspiramarlofts","https:\/\/www.instagram.com\/inspiramarlofts\/"]}]}},"_links":{"self":[{"href":"https:\/\/inspiramar.es\/ca\/wp-json\/wp\/v2\/pages\/3646","targetHints":{"allow":["GET"]}}],"collection":[{"href":"https:\/\/inspiramar.es\/ca\/wp-json\/wp\/v2\/pages"}],"about":[{"href":"https:\/\/inspiramar.es\/ca\/wp-json\/wp\/v2\/types\/page"}],"author":[{"embeddable":true,"href":"https:\/\/inspiramar.es\/ca\/wp-json\/wp\/v2\/users\/3"}],"replies":[{"embeddable":true,"href":"https:\/\/inspiramar.es\/ca\/wp-json\/wp\/v2\/comments?post=3646"}],"version-history":[{"count":28,"href":"https:\/\/inspiramar.es\/ca\/wp-json\/wp\/v2\/pages\/3646\/revisions"}],"predecessor-version":[{"id":4565,"href":"https:\/\/inspiramar.es\/ca\/wp-json\/wp\/v2\/pages\/3646\/revisions\/4565"}],"wp:attachment":[{"href":"https:\/\/inspiramar.es\/ca\/wp-json\/wp\/v2\/media?parent=3646"}],"curies":[{"name":"wp","href":"https:\/\/api.w.org\/{rel}","templated":true}]}}